{"id":387,"date":"2018-12-05T08:30:13","date_gmt":"2018-12-05T08:30:13","guid":{"rendered":"https:\/\/www.hidasi.hu\/kezdolap\/"},"modified":"2023-08-24T16:21:34","modified_gmt":"2023-08-24T14:21:34","slug":"kezdolap","status":"publish","type":"page","link":"https:\/\/www.hidasi.hu\/de\/","title":{"rendered":"Vorstellung"},"content":{"rendered":"<p>[et_pb_section fb_built=&#8220;1&#8243; _builder_version=&#8220;4.16&#8243; global_colors_info=&#8220;{}&#8220;][et_pb_row column_structure=&#8220;3_4,1_4&#8243; _builder_version=&#8220;4.16&#8243; background_size=&#8220;initial&#8220; background_position=&#8220;top_left&#8220; background_repeat=&#8220;repeat&#8220; custom_margin=&#8220;0px|||&#8220; custom_padding=&#8220;0px|||&#8220; global_colors_info=&#8220;{}&#8220;][et_pb_column type=&#8220;3_4&#8243; _builder_version=&#8220;4.16&#8243; custom_padding=&#8220;|||&#8220; global_colors_info=&#8220;{}&#8220; custom_padding__hover=&#8220;|||&#8220;][et_pb_image src=&#8220;https:\/\/www.hidasi.hu\/wp-content\/uploads\/2018\/12\/logo_german.jpg&#8220; align_tablet=&#8220;center&#8220; align_phone=&#8220;center&#8220; align_last_edited=&#8220;on|desktop&#8220; _builder_version=&#8220;4.16&#8243; animation_style=&#8220;slide&#8220; animation_direction=&#8220;left&#8220; global_colors_info=&#8220;{}&#8220;]<br \/>\n[\/et_pb_image][et_pb_text _builder_version=&#8220;4.22.1&#8243; global_colors_info=&#8220;{}&#8220;]<\/p>\n<p>&nbsp;<\/p>\n<h1>\u00dcBER UNS<\/h1>\n<p>&nbsp;<\/p>\n<p>Unsere Kanzlei dient der Rechtsstatlichkeit zusammen mit s\u00e4mtlichen Rechtsanw\u00e4lten Ungarns.<\/p>\n<p>Die Grundprinzipien unserer T\u00e4tigkeit sind Fachkunde, Ehre, Erfahrung.<br \/>Unsere Fachgebiete sind Immobilienrecht, allgemeines Schuldrecht, Verwaltungsrecht, Vertretung in Verfahren vor Gerichten und Beh\u00f6rden, ferner Vertragsangelegenheiten sowohl in Deutsch als Englisch.<\/p>\n<p>Usere beruflichen Ans\u00e4tze sind wie folgt<\/p>\n<p>1) Den Rechtsanw\u00e4lten bietet die Fachkunde die Sicherheit.<br \/>2) Die anwaltliche Fachkunde ist ein Vorteil, der nicht missbraucht werden darf.<br \/>3) Der Rechtsanwalt ist kein Diener, sondern Dienstleister.<br \/>4) Der Rechtsanwalt ist Subjekt der Marktwirtschaft, ein Unternehmer, jedoch kein Kaufmann.<br \/>5) Der Rechtsanwalt verwertet und nicht vertreibt seine geistigen Produkte.<br \/>6) Der Rechtsanwalt ist f\u00fcr Entgelt t\u00e4tig, aber nicht deshalb sorgf\u00e4ltig.<br \/>7) Der Rechtsanwalt vertritt die Interessen anderer, jedoch vernachl\u00e4ssigt auch seine eigenen nicht.<br \/>8) Der Mandant beherrscht seine Angelegenheit und nicht den Rechtsanwalt.<br \/>9) Der Rechtsanwalt \u00fcbernimmt keine Schicksalsgemeinschaft mit seinem Mandanten.<br \/>10) Der Rechtsanwalt darf die Geheimnisse des Mandanten erfahren, umgekehrt keinesfalls.<br \/>11) Die Bekanntheit eines Rechtsanwalts ist nicht identisch mit der fachlichen Anerkennung.<br \/>12) Der Rechtsanwalt ist redlich, wenn seine T\u00e4tigkeit die Interessen anderer nicht grundlos und unangemessen verletzt.<\/p>\n<p>&nbsp;<\/p>\n<p>[\/et_pb_text][\/et_pb_column][et_pb_column type=&#8220;1_4&#8243; _builder_version=&#8220;4.16&#8243; custom_padding=&#8220;|||&#8220; global_colors_info=&#8220;{}&#8220; custom_padding__hover=&#8220;|||&#8220;][et_pb_sidebar orientation=&#8220;right&#8220; area=&#8220;et_pb_widget_area_1&#8243; _builder_version=&#8220;4.16&#8243; text_orientation=&#8220;center&#8220; global_colors_info=&#8220;{}&#8220;]<br \/>\n[\/et_pb_sidebar][\/et_pb_column][\/et_pb_row][\/et_pb_section]<\/p>\n","protected":false},"excerpt":{"rendered":"<p>&nbsp; \u00dcBER UNS &nbsp; Unsere Kanzlei dient der Rechtsstatlichkeit zusammen mit s\u00e4mtlichen Rechtsanw\u00e4lten Ungarns. Die Grundprinzipien unserer T\u00e4tigkeit sind Fachkunde, Ehre, Erfahrung.Unsere Fachgebiete sind Immobilienrecht, allgemeines Schuldrecht, Verwaltungsrecht, Vertretung in Verfahren vor Gerichten und Beh\u00f6rden, ferner Vertragsangelegenheiten sowohl in Deutsch als Englisch. Usere beruflichen Ans\u00e4tze sind wie folgt 1) Den Rechtsanw\u00e4lten bietet die Fachkunde die [&hellip;]<\/p>\n","protected":false},"author":2,"featured_media":0,"parent":0,"menu_order":0,"comment_status":"closed","ping_status":"closed","template":"","meta":{"_et_pb_use_builder":"on","_et_pb_old_content":"","_et_gb_content_width":"","iawp_total_views":374,"footnotes":""},"class_list":["post-387","page","type-page","status-publish","hentry"],"yoast_head":"<!-- This site is optimized with the Yoast SEO plugin v27.5 - https:\/\/yoast.com\/product\/yoast-seo-wordpress\/ -->\n<title>Dr. Hidasi und Partner Rechtsanw\u00e4lte<\/title>\n<meta name=\"description\" content=\"Unsere Fachgebiete sind das Zivilrecht, insbesondere das traditionelle Obligationenrecht, Immobilienrecht, Hausgemeinschaftsrecht, Familienrecht, Wirtschafts- und Gesellschaftsrecht, Finanzrecht, Wertpapierrecht, Verwaltungs- und Prozessrecht.\" \/>\n<meta name=\"robots\" content=\"index, follow, max-snippet:-1, max-image-preview:large, max-video-preview:-1\" \/>\n<link rel=\"canonical\" href=\"https:\/\/www.hidasi.hu\/de\/\" \/>\n<meta property=\"og:locale\" content=\"de_DE\" \/>\n<meta property=\"og:type\" content=\"article\" \/>\n<meta property=\"og:title\" content=\"Dr. Hidasi und Partner Rechtsanw\u00e4lte\" \/>\n<meta property=\"og:description\" content=\"Unsere Fachgebiete sind das Zivilrecht, insbesondere das traditionelle Obligationenrecht, Immobilienrecht, Hausgemeinschaftsrecht, Familienrecht, Wirtschafts- und Gesellschaftsrecht, Finanzrecht, Wertpapierrecht, Verwaltungs- und Prozessrecht.\" \/>\n<meta property=\"og:url\" content=\"https:\/\/www.hidasi.hu\/de\/\" \/>\n<meta property=\"og:site_name\" content=\"Dr. Hidasi \u00e9s T\u00e1rsai \u00dcgyv\u00e9di Iroda\" \/>\n<meta property=\"article:modified_time\" content=\"2023-08-24T14:21:34+00:00\" \/>\n<meta name=\"twitter:card\" content=\"summary_large_image\" \/>\n<meta name=\"twitter:label1\" content=\"Gesch\u00e4tzte Lesezeit\" \/>\n\t<meta name=\"twitter:data1\" content=\"2\u00a0Minuten\" \/>\n<script type=\"application\/ld+json\" class=\"yoast-schema-graph\">{\"@context\":\"https:\\\/\\\/schema.org\",\"@graph\":[{\"@type\":\"WebPage\",\"@id\":\"https:\\\/\\\/www.hidasi.hu\\\/de\\\/\",\"url\":\"https:\\\/\\\/www.hidasi.hu\\\/de\\\/\",\"name\":\"Dr. Hidasi und Partner Rechtsanw\u00e4lte\",\"isPartOf\":{\"@id\":\"https:\\\/\\\/www.hidasi.hu\\\/de\\\/#website\"},\"datePublished\":\"2018-12-05T08:30:13+00:00\",\"dateModified\":\"2023-08-24T14:21:34+00:00\",\"description\":\"Unsere Fachgebiete sind das Zivilrecht, insbesondere das traditionelle Obligationenrecht, Immobilienrecht, Hausgemeinschaftsrecht, Familienrecht, Wirtschafts- und Gesellschaftsrecht, Finanzrecht, Wertpapierrecht, Verwaltungs- und Prozessrecht.\",\"breadcrumb\":{\"@id\":\"https:\\\/\\\/www.hidasi.hu\\\/de\\\/#breadcrumb\"},\"inLanguage\":\"de\",\"potentialAction\":[{\"@type\":\"ReadAction\",\"target\":[\"https:\\\/\\\/www.hidasi.hu\\\/de\\\/\"]}]},{\"@type\":\"BreadcrumbList\",\"@id\":\"https:\\\/\\\/www.hidasi.hu\\\/de\\\/#breadcrumb\",\"itemListElement\":[{\"@type\":\"ListItem\",\"position\":1,\"name\":\"Home\",\"item\":\"https:\\\/\\\/www.hidasi.hu\\\/de\\\/\"},{\"@type\":\"ListItem\",\"position\":2,\"name\":\"Vorstellung\"}]},{\"@type\":\"WebSite\",\"@id\":\"https:\\\/\\\/www.hidasi.hu\\\/de\\\/#website\",\"url\":\"https:\\\/\\\/www.hidasi.hu\\\/de\\\/\",\"name\":\"Dr. Hidasi \u00e9s T\u00e1rsai \u00dcgyv\u00e9di Iroda\",\"description\":\"A mi tud\u00e1sunk az \u00d6n biztons\u00e1ga\",\"publisher\":{\"@id\":\"https:\\\/\\\/www.hidasi.hu\\\/de\\\/#organization\"},\"potentialAction\":[{\"@type\":\"SearchAction\",\"target\":{\"@type\":\"EntryPoint\",\"urlTemplate\":\"https:\\\/\\\/www.hidasi.hu\\\/de\\\/?s={search_term_string}\"},\"query-input\":{\"@type\":\"PropertyValueSpecification\",\"valueRequired\":true,\"valueName\":\"search_term_string\"}}],\"inLanguage\":\"de\"},{\"@type\":\"Organization\",\"@id\":\"https:\\\/\\\/www.hidasi.hu\\\/de\\\/#organization\",\"name\":\"Dr. Hidasi \u00e9s T\u00e1rsai \u00dcgyv\u00e9di Iroda\",\"url\":\"https:\\\/\\\/www.hidasi.hu\\\/de\\\/\",\"logo\":{\"@type\":\"ImageObject\",\"inLanguage\":\"de\",\"@id\":\"https:\\\/\\\/www.hidasi.hu\\\/de\\\/#\\\/schema\\\/logo\\\/image\\\/\",\"url\":\"https:\\\/\\\/www.hidasi.hu\\\/wp-content\\\/uploads\\\/2018\\\/12\\\/logo_hungarian.jpg\",\"contentUrl\":\"https:\\\/\\\/www.hidasi.hu\\\/wp-content\\\/uploads\\\/2018\\\/12\\\/logo_hungarian.jpg\",\"width\":570,\"height\":95,\"caption\":\"Dr. Hidasi \u00e9s T\u00e1rsai \u00dcgyv\u00e9di Iroda\"},\"image\":{\"@id\":\"https:\\\/\\\/www.hidasi.hu\\\/de\\\/#\\\/schema\\\/logo\\\/image\\\/\"}}]}<\/script>\n<!-- \/ Yoast SEO plugin. -->","yoast_head_json":{"title":"Dr. Hidasi und Partner Rechtsanw\u00e4lte","description":"Unsere Fachgebiete sind das Zivilrecht, insbesondere das traditionelle Obligationenrecht, Immobilienrecht, Hausgemeinschaftsrecht, Familienrecht, Wirtschafts- und Gesellschaftsrecht, Finanzrecht, Wertpapierrecht, Verwaltungs- und Prozessrecht.","robots":{"index":"index","follow":"follow","max-snippet":"max-snippet:-1","max-image-preview":"max-image-preview:large","max-video-preview":"max-video-preview:-1"},"canonical":"https:\/\/www.hidasi.hu\/de\/","og_locale":"de_DE","og_type":"article","og_title":"Dr. Hidasi und Partner Rechtsanw\u00e4lte","og_description":"Unsere Fachgebiete sind das Zivilrecht, insbesondere das traditionelle Obligationenrecht, Immobilienrecht, Hausgemeinschaftsrecht, Familienrecht, Wirtschafts- und Gesellschaftsrecht, Finanzrecht, Wertpapierrecht, Verwaltungs- und Prozessrecht.","og_url":"https:\/\/www.hidasi.hu\/de\/","og_site_name":"Dr. Hidasi \u00e9s T\u00e1rsai \u00dcgyv\u00e9di Iroda","article_modified_time":"2023-08-24T14:21:34+00:00","twitter_card":"summary_large_image","twitter_misc":{"Gesch\u00e4tzte Lesezeit":"2\u00a0Minuten"},"schema":{"@context":"https:\/\/schema.org","@graph":[{"@type":"WebPage","@id":"https:\/\/www.hidasi.hu\/de\/","url":"https:\/\/www.hidasi.hu\/de\/","name":"Dr. Hidasi und Partner Rechtsanw\u00e4lte","isPartOf":{"@id":"https:\/\/www.hidasi.hu\/de\/#website"},"datePublished":"2018-12-05T08:30:13+00:00","dateModified":"2023-08-24T14:21:34+00:00","description":"Unsere Fachgebiete sind das Zivilrecht, insbesondere das traditionelle Obligationenrecht, Immobilienrecht, Hausgemeinschaftsrecht, Familienrecht, Wirtschafts- und Gesellschaftsrecht, Finanzrecht, Wertpapierrecht, Verwaltungs- und Prozessrecht.","breadcrumb":{"@id":"https:\/\/www.hidasi.hu\/de\/#breadcrumb"},"inLanguage":"de","potentialAction":[{"@type":"ReadAction","target":["https:\/\/www.hidasi.hu\/de\/"]}]},{"@type":"BreadcrumbList","@id":"https:\/\/www.hidasi.hu\/de\/#breadcrumb","itemListElement":[{"@type":"ListItem","position":1,"name":"Home","item":"https:\/\/www.hidasi.hu\/de\/"},{"@type":"ListItem","position":2,"name":"Vorstellung"}]},{"@type":"WebSite","@id":"https:\/\/www.hidasi.hu\/de\/#website","url":"https:\/\/www.hidasi.hu\/de\/","name":"Dr. Hidasi \u00e9s T\u00e1rsai \u00dcgyv\u00e9di Iroda","description":"A mi tud\u00e1sunk az \u00d6n biztons\u00e1ga","publisher":{"@id":"https:\/\/www.hidasi.hu\/de\/#organization"},"potentialAction":[{"@type":"SearchAction","target":{"@type":"EntryPoint","urlTemplate":"https:\/\/www.hidasi.hu\/de\/?s={search_term_string}"},"query-input":{"@type":"PropertyValueSpecification","valueRequired":true,"valueName":"search_term_string"}}],"inLanguage":"de"},{"@type":"Organization","@id":"https:\/\/www.hidasi.hu\/de\/#organization","name":"Dr. Hidasi \u00e9s T\u00e1rsai \u00dcgyv\u00e9di Iroda","url":"https:\/\/www.hidasi.hu\/de\/","logo":{"@type":"ImageObject","inLanguage":"de","@id":"https:\/\/www.hidasi.hu\/de\/#\/schema\/logo\/image\/","url":"https:\/\/www.hidasi.hu\/wp-content\/uploads\/2018\/12\/logo_hungarian.jpg","contentUrl":"https:\/\/www.hidasi.hu\/wp-content\/uploads\/2018\/12\/logo_hungarian.jpg","width":570,"height":95,"caption":"Dr. Hidasi \u00e9s T\u00e1rsai \u00dcgyv\u00e9di Iroda"},"image":{"@id":"https:\/\/www.hidasi.hu\/de\/#\/schema\/logo\/image\/"}}]}},"_links":{"self":[{"href":"https:\/\/www.hidasi.hu\/de\/wp-json\/wp\/v2\/pages\/387","targetHints":{"allow":["GET"]}}],"collection":[{"href":"https:\/\/www.hidasi.hu\/de\/wp-json\/wp\/v2\/pages"}],"about":[{"href":"https:\/\/www.hidasi.hu\/de\/wp-json\/wp\/v2\/types\/page"}],"author":[{"embeddable":true,"href":"https:\/\/www.hidasi.hu\/de\/wp-json\/wp\/v2\/users\/2"}],"replies":[{"embeddable":true,"href":"https:\/\/www.hidasi.hu\/de\/wp-json\/wp\/v2\/comments?post=387"}],"version-history":[{"count":8,"href":"https:\/\/www.hidasi.hu\/de\/wp-json\/wp\/v2\/pages\/387\/revisions"}],"predecessor-version":[{"id":1148,"href":"https:\/\/www.hidasi.hu\/de\/wp-json\/wp\/v2\/pages\/387\/revisions\/1148"}],"wp:attachment":[{"href":"https:\/\/www.hidasi.hu\/de\/wp-json\/wp\/v2\/media?parent=387"}],"curies":[{"name":"wp","href":"https:\/\/api.w.org\/{rel}","templated":true}]}}