{"id":402,"date":"2018-12-05T19:37:35","date_gmt":"2018-12-05T19:37:35","guid":{"rendered":"https:\/\/www.hidasi.hu\/eotvos-dij\/"},"modified":"2018-12-07T11:50:46","modified_gmt":"2018-12-07T11:50:46","slug":"eotvos-preis","status":"publish","type":"page","link":"https:\/\/www.hidasi.hu\/de\/eotvos-preis\/","title":{"rendered":"E\u00f6tv\u00f6s-d\u00edj"},"content":{"rendered":"<p>[et_pb_section bb_built=&#8220;1&#8243; _builder_version=&#8220;3.0.47&#8243;][et_pb_row _builder_version=&#8220;3.17.6&#8243; background_size=&#8220;initial&#8220; background_position=&#8220;top_left&#8220; background_repeat=&#8220;repeat&#8220; custom_margin=&#8220;0px|||&#8220; custom_padding=&#8220;0px|||&#8220;][et_pb_column type=&#8220;3_4&#8243;][et_pb_image src=&#8220;https:\/\/www.hidasi.hu\/wp-content\/uploads\/2018\/12\/logo_german.jpg&#8220; _builder_version=&#8220;3.17.6&#8243; animation_style=&#8220;slide&#8220; animation_direction=&#8220;left&#8220; \/][et_pb_text _builder_version=&#8220;3.17.6&#8243;]<\/p>\n<h1>\u00a0<\/h1>\n<h1 class=\"contentheading\">Die Auszeichnung &#8218;E\u00f6tv\u00f6s&#8216;<\/h1>\n<p>\u00a0<\/p>\n<p>Die Anwaltskammer Budapest hat Dr. G\u00e1bor Hidasi, Rechtsanwalt am 27. November 2007 mit dem E\u00f6tv\u00f6s\u2013K\u00e1roly-Award ausgezeichnet. Mit dieser Ehrung werden Anw\u00e4lte bedacht, die vorbildlich, auf einem hohen fachlichen Niveau, bei weitestgehender Beachtung der Interessen der Mandanten unter gleichzeitiger Respektierung des durch Verfassung und Gesetze vorgegebenen Rahmens diesen Beruf aus\u00fcben, und dadurch zur Steigerung des guten Rufes der Anw\u00e4lte beitragen. Der Preis wurde nach dem Vorbild der ungarischen Anwaltschaft, K\u00e1roly E\u00f6tv\u00f6s benannt. Nachstehend lesen Sie das Curriculum Vitae von K\u00e1roly E\u00f6tv\u00f6s.<\/p>\n<p>[\/et_pb_text][\/et_pb_column][et_pb_column type=&#8220;1_4&#8243;][et_pb_sidebar area=&#8220;et_pb_widget_area_1&#8243; _builder_version=&#8220;3.17.6&#8243; orientation=&#8220;right&#8220; text_orientation=&#8220;center&#8220; \/][\/et_pb_column][\/et_pb_row][\/et_pb_section]<\/p>\n","protected":false},"excerpt":{"rendered":"<p>\u00a0Die Auszeichnung &#8218;E\u00f6tv\u00f6s&#8216;\u00a0Die Anwaltskammer Budapest hat Dr. G\u00e1bor Hidasi, Rechtsanwalt am 27. November 2007 mit dem E\u00f6tv\u00f6s\u2013K\u00e1roly-Award ausgezeichnet. Mit dieser Ehrung werden Anw\u00e4lte bedacht, die vorbildlich, auf einem hohen fachlichen Niveau, bei weitestgehender Beachtung der Interessen der Mandanten unter gleichzeitiger Respektierung des durch Verfassung und Gesetze vorgegebenen Rahmens diesen Beruf aus\u00fcben, und dadurch zur Steigerung [&hellip;]<\/p>\n","protected":false},"author":2,"featured_media":0,"parent":0,"menu_order":0,"comment_status":"closed","ping_status":"closed","template":"","meta":{"_et_pb_use_builder":"on","_et_pb_old_content":"","_et_gb_content_width":"","iawp_total_views":8,"footnotes":""},"class_list":["post-402","page","type-page","status-publish","hentry"],"yoast_head":"<!-- This site is optimized with the Yoast SEO plugin v27.5 - https:\/\/yoast.com\/product\/yoast-seo-wordpress\/ -->\n<title>E\u00f6tv\u00f6s-d\u00edj - Dr. Hidasi \u00e9s T\u00e1rsai \u00dcgyv\u00e9di Iroda<\/title>\n<meta name=\"robots\" content=\"index, follow, max-snippet:-1, max-image-preview:large, max-video-preview:-1\" \/>\n<link rel=\"canonical\" href=\"https:\/\/www.hidasi.hu\/de\/eotvos-preis\/\" \/>\n<meta property=\"og:locale\" content=\"de_DE\" \/>\n<meta property=\"og:type\" content=\"article\" \/>\n<meta property=\"og:title\" content=\"E\u00f6tv\u00f6s-d\u00edj - Dr. Hidasi \u00e9s T\u00e1rsai \u00dcgyv\u00e9di Iroda\" \/>\n<meta property=\"og:description\" content=\"\u00a0Die Auszeichnung &#039;E\u00f6tv\u00f6s&#039;\u00a0Die Anwaltskammer Budapest hat Dr. G\u00e1bor Hidasi, Rechtsanwalt am 27. November 2007 mit dem E\u00f6tv\u00f6s\u2013K\u00e1roly-Award ausgezeichnet. Mit dieser Ehrung werden Anw\u00e4lte bedacht, die vorbildlich, auf einem hohen fachlichen Niveau, bei weitestgehender Beachtung der Interessen der Mandanten unter gleichzeitiger Respektierung des durch Verfassung und Gesetze vorgegebenen Rahmens diesen Beruf aus\u00fcben, und dadurch zur Steigerung [&hellip;]\" \/>\n<meta property=\"og:url\" content=\"https:\/\/www.hidasi.hu\/de\/eotvos-preis\/\" \/>\n<meta property=\"og:site_name\" content=\"Dr. Hidasi \u00e9s T\u00e1rsai \u00dcgyv\u00e9di Iroda\" \/>\n<meta property=\"article:modified_time\" content=\"2018-12-07T11:50:46+00:00\" \/>\n<meta name=\"twitter:card\" content=\"summary_large_image\" \/>\n<meta name=\"twitter:label1\" content=\"Gesch\u00e4tzte Lesezeit\" \/>\n\t<meta name=\"twitter:data1\" content=\"1\u00a0Minute\" \/>\n<script type=\"application\/ld+json\" class=\"yoast-schema-graph\">{\"@context\":\"https:\\\/\\\/schema.org\",\"@graph\":[{\"@type\":\"WebPage\",\"@id\":\"https:\\\/\\\/www.hidasi.hu\\\/de\\\/eotvos-preis\\\/\",\"url\":\"https:\\\/\\\/www.hidasi.hu\\\/de\\\/eotvos-preis\\\/\",\"name\":\"E\u00f6tv\u00f6s-d\u00edj - Dr. Hidasi \u00e9s T\u00e1rsai \u00dcgyv\u00e9di Iroda\",\"isPartOf\":{\"@id\":\"https:\\\/\\\/www.hidasi.hu\\\/de\\\/#website\"},\"datePublished\":\"2018-12-05T19:37:35+00:00\",\"dateModified\":\"2018-12-07T11:50:46+00:00\",\"breadcrumb\":{\"@id\":\"https:\\\/\\\/www.hidasi.hu\\\/de\\\/eotvos-preis\\\/#breadcrumb\"},\"inLanguage\":\"de\",\"potentialAction\":[{\"@type\":\"ReadAction\",\"target\":[\"https:\\\/\\\/www.hidasi.hu\\\/de\\\/eotvos-preis\\\/\"]}]},{\"@type\":\"BreadcrumbList\",\"@id\":\"https:\\\/\\\/www.hidasi.hu\\\/de\\\/eotvos-preis\\\/#breadcrumb\",\"itemListElement\":[{\"@type\":\"ListItem\",\"position\":1,\"name\":\"Home\",\"item\":\"https:\\\/\\\/www.hidasi.hu\\\/de\\\/\"},{\"@type\":\"ListItem\",\"position\":2,\"name\":\"E\u00f6tv\u00f6s-d\u00edj\"}]},{\"@type\":\"WebSite\",\"@id\":\"https:\\\/\\\/www.hidasi.hu\\\/de\\\/#website\",\"url\":\"https:\\\/\\\/www.hidasi.hu\\\/de\\\/\",\"name\":\"Dr. Hidasi \u00e9s T\u00e1rsai \u00dcgyv\u00e9di Iroda\",\"description\":\"A mi tud\u00e1sunk az \u00d6n biztons\u00e1ga\",\"publisher\":{\"@id\":\"https:\\\/\\\/www.hidasi.hu\\\/de\\\/#organization\"},\"potentialAction\":[{\"@type\":\"SearchAction\",\"target\":{\"@type\":\"EntryPoint\",\"urlTemplate\":\"https:\\\/\\\/www.hidasi.hu\\\/de\\\/?s={search_term_string}\"},\"query-input\":{\"@type\":\"PropertyValueSpecification\",\"valueRequired\":true,\"valueName\":\"search_term_string\"}}],\"inLanguage\":\"de\"},{\"@type\":\"Organization\",\"@id\":\"https:\\\/\\\/www.hidasi.hu\\\/de\\\/#organization\",\"name\":\"Dr. Hidasi \u00e9s T\u00e1rsai \u00dcgyv\u00e9di Iroda\",\"url\":\"https:\\\/\\\/www.hidasi.hu\\\/de\\\/\",\"logo\":{\"@type\":\"ImageObject\",\"inLanguage\":\"de\",\"@id\":\"https:\\\/\\\/www.hidasi.hu\\\/de\\\/#\\\/schema\\\/logo\\\/image\\\/\",\"url\":\"https:\\\/\\\/www.hidasi.hu\\\/wp-content\\\/uploads\\\/2018\\\/12\\\/logo_hungarian.jpg\",\"contentUrl\":\"https:\\\/\\\/www.hidasi.hu\\\/wp-content\\\/uploads\\\/2018\\\/12\\\/logo_hungarian.jpg\",\"width\":570,\"height\":95,\"caption\":\"Dr. Hidasi \u00e9s T\u00e1rsai \u00dcgyv\u00e9di Iroda\"},\"image\":{\"@id\":\"https:\\\/\\\/www.hidasi.hu\\\/de\\\/#\\\/schema\\\/logo\\\/image\\\/\"}}]}<\/script>\n<!-- \/ Yoast SEO plugin. -->","yoast_head_json":{"title":"E\u00f6tv\u00f6s-d\u00edj - Dr. Hidasi \u00e9s T\u00e1rsai \u00dcgyv\u00e9di Iroda","robots":{"index":"index","follow":"follow","max-snippet":"max-snippet:-1","max-image-preview":"max-image-preview:large","max-video-preview":"max-video-preview:-1"},"canonical":"https:\/\/www.hidasi.hu\/de\/eotvos-preis\/","og_locale":"de_DE","og_type":"article","og_title":"E\u00f6tv\u00f6s-d\u00edj - Dr. Hidasi \u00e9s T\u00e1rsai \u00dcgyv\u00e9di Iroda","og_description":"\u00a0Die Auszeichnung 'E\u00f6tv\u00f6s'\u00a0Die Anwaltskammer Budapest hat Dr. G\u00e1bor Hidasi, Rechtsanwalt am 27. November 2007 mit dem E\u00f6tv\u00f6s\u2013K\u00e1roly-Award ausgezeichnet. Mit dieser Ehrung werden Anw\u00e4lte bedacht, die vorbildlich, auf einem hohen fachlichen Niveau, bei weitestgehender Beachtung der Interessen der Mandanten unter gleichzeitiger Respektierung des durch Verfassung und Gesetze vorgegebenen Rahmens diesen Beruf aus\u00fcben, und dadurch zur Steigerung [&hellip;]","og_url":"https:\/\/www.hidasi.hu\/de\/eotvos-preis\/","og_site_name":"Dr. Hidasi \u00e9s T\u00e1rsai \u00dcgyv\u00e9di Iroda","article_modified_time":"2018-12-07T11:50:46+00:00","twitter_card":"summary_large_image","twitter_misc":{"Gesch\u00e4tzte Lesezeit":"1\u00a0Minute"},"schema":{"@context":"https:\/\/schema.org","@graph":[{"@type":"WebPage","@id":"https:\/\/www.hidasi.hu\/de\/eotvos-preis\/","url":"https:\/\/www.hidasi.hu\/de\/eotvos-preis\/","name":"E\u00f6tv\u00f6s-d\u00edj - Dr. Hidasi \u00e9s T\u00e1rsai \u00dcgyv\u00e9di Iroda","isPartOf":{"@id":"https:\/\/www.hidasi.hu\/de\/#website"},"datePublished":"2018-12-05T19:37:35+00:00","dateModified":"2018-12-07T11:50:46+00:00","breadcrumb":{"@id":"https:\/\/www.hidasi.hu\/de\/eotvos-preis\/#breadcrumb"},"inLanguage":"de","potentialAction":[{"@type":"ReadAction","target":["https:\/\/www.hidasi.hu\/de\/eotvos-preis\/"]}]},{"@type":"BreadcrumbList","@id":"https:\/\/www.hidasi.hu\/de\/eotvos-preis\/#breadcrumb","itemListElement":[{"@type":"ListItem","position":1,"name":"Home","item":"https:\/\/www.hidasi.hu\/de\/"},{"@type":"ListItem","position":2,"name":"E\u00f6tv\u00f6s-d\u00edj"}]},{"@type":"WebSite","@id":"https:\/\/www.hidasi.hu\/de\/#website","url":"https:\/\/www.hidasi.hu\/de\/","name":"Dr. Hidasi \u00e9s T\u00e1rsai \u00dcgyv\u00e9di Iroda","description":"A mi tud\u00e1sunk az \u00d6n biztons\u00e1ga","publisher":{"@id":"https:\/\/www.hidasi.hu\/de\/#organization"},"potentialAction":[{"@type":"SearchAction","target":{"@type":"EntryPoint","urlTemplate":"https:\/\/www.hidasi.hu\/de\/?s={search_term_string}"},"query-input":{"@type":"PropertyValueSpecification","valueRequired":true,"valueName":"search_term_string"}}],"inLanguage":"de"},{"@type":"Organization","@id":"https:\/\/www.hidasi.hu\/de\/#organization","name":"Dr. Hidasi \u00e9s T\u00e1rsai \u00dcgyv\u00e9di Iroda","url":"https:\/\/www.hidasi.hu\/de\/","logo":{"@type":"ImageObject","inLanguage":"de","@id":"https:\/\/www.hidasi.hu\/de\/#\/schema\/logo\/image\/","url":"https:\/\/www.hidasi.hu\/wp-content\/uploads\/2018\/12\/logo_hungarian.jpg","contentUrl":"https:\/\/www.hidasi.hu\/wp-content\/uploads\/2018\/12\/logo_hungarian.jpg","width":570,"height":95,"caption":"Dr. Hidasi \u00e9s T\u00e1rsai \u00dcgyv\u00e9di Iroda"},"image":{"@id":"https:\/\/www.hidasi.hu\/de\/#\/schema\/logo\/image\/"}}]}},"_links":{"self":[{"href":"https:\/\/www.hidasi.hu\/de\/wp-json\/wp\/v2\/pages\/402","targetHints":{"allow":["GET"]}}],"collection":[{"href":"https:\/\/www.hidasi.hu\/de\/wp-json\/wp\/v2\/pages"}],"about":[{"href":"https:\/\/www.hidasi.hu\/de\/wp-json\/wp\/v2\/types\/page"}],"author":[{"embeddable":true,"href":"https:\/\/www.hidasi.hu\/de\/wp-json\/wp\/v2\/users\/2"}],"replies":[{"embeddable":true,"href":"https:\/\/www.hidasi.hu\/de\/wp-json\/wp\/v2\/comments?post=402"}],"version-history":[{"count":2,"href":"https:\/\/www.hidasi.hu\/de\/wp-json\/wp\/v2\/pages\/402\/revisions"}],"predecessor-version":[{"id":413,"href":"https:\/\/www.hidasi.hu\/de\/wp-json\/wp\/v2\/pages\/402\/revisions\/413"}],"wp:attachment":[{"href":"https:\/\/www.hidasi.hu\/de\/wp-json\/wp\/v2\/media?parent=402"}],"curies":[{"name":"wp","href":"https:\/\/api.w.org\/{rel}","templated":true}]}}