{"id":450,"date":"2018-12-06T09:37:16","date_gmt":"2018-12-06T09:37:16","guid":{"rendered":"https:\/\/www.hidasi.hu\/?page_id=450"},"modified":"2018-12-06T09:37:51","modified_gmt":"2018-12-06T09:37:51","slug":"partner","status":"publish","type":"page","link":"https:\/\/www.hidasi.hu\/de\/partner\/","title":{"rendered":"Partner"},"content":{"rendered":"<p>[et_pb_section bb_built=&#8220;1&#8243;][et_pb_row][et_pb_column type=&#8220;1_2&#8243;][et_pb_image _builder_version=&#8220;3.17.6&#8243; src=&#8220;https:\/\/www.hidasi.hu\/wp-content\/uploads\/2008\/01\/hg.jpg&#8220; align=&#8220;center&#8220; box_shadow_style=&#8220;preset2&#8243; animation_style=&#8220;slide&#8220; animation_direction=&#8220;left&#8220; \/][et_pb_text _builder_version=&#8220;3.17.6&#8243;]<\/p>\n<h1>Dr. G\u00e1bor Hidasi<\/h1>\n<p>&nbsp;<\/p>\n<p><strong>Geboren:<\/strong> im Jahre 1954, Budapest (Ungarn), dritte Generation einer Anwaltsdynastie<\/p>\n<p><strong>Kinder:<\/strong> Dr. N\u00f3ra Hidasi (1976) Linda Hidasi (1984)<\/p>\n<p><strong>Schulung:<\/strong> Juristische Fakult\u00e4t der Universit\u00e4t, E\u00f6tv\u00f6s L\u00f3r\u00e1nd \/ Budapest<\/p>\n<p><strong>Ausbildung:<\/strong> Jurist<\/p>\n<p><strong>Beruf:<\/strong> Rechtsanwalt<\/p>\n<p><strong>Stellung:<\/strong> Leiter der Rechtsanwaltskanzlei Dr. Hidasi &amp; Partner<\/p>\n<p><strong>Sprachkenntnisse:<\/strong> ungarisch, deutsch, englisch, italienisch<\/p>\n<p><strong>Fachbereiche:<\/strong><br \/>\na. Schuldrecht<br \/>\nb. Immobilienrecht<br \/>\nc. Verwaltungsrecht<br \/>\nd. Baurecht<br \/>\ne. Steuerrecht<br \/>\nf. Familienrecht<br \/>\ng. Zivilproze\u00dfrecht<\/p>\n<p><strong>Berufliche Laufbahn:<\/strong><br \/>\n1973-78 Wissenschaftliche Universit\u00e4t E\u00f6tv\u00f6s Lor\u00e1nd (ELTE) Fakult\u00e4t f\u00fcr Rechts- und Staatswissenschaften<br \/>\n1978 Abschluss (cum laude)<br \/>\n1978-80 Referendar (Pester Zentralbezirksgericht)<br \/>\n1980-83 Zivil\/Familienrichter (Pester Zentralbezirksgericht)<br \/>\n1983-84 Postgraduale Ausbildung (Karl Ruprecht Universit\u00e4t Juristische Fakult\u00e4t, Heidelberg)<br \/>\n1984-88 Referent (Justizministerium, Hauptabteilung Internationales Recht)<br \/>\n1988-89 Zivil\/Familienrichter (Pester Zentralbezirksgericht)<br \/>\n1989-91 Rechtsanwalt (Anwaltskanzlei Nr. 2 Budapest)<br \/>\n1991 Rechtsanwalt, Kanzleileiter (Dr. Hidasi und Partner)<\/p>\n<p><strong>Gesellschaftliche Organisationen:<\/strong><br \/>\n1995 Vorsitzender des Raummietervereins<br \/>\n2006 Vorsitzender des Auschusses der Budapester Anwaltskammer f\u00fcr Weiterbildung)<\/p>\n<p><strong>Auszeichnung:<\/strong><br \/>\n2004 E\u00f6tv\u00f6s-K\u00e1roly-Preis (Budapester Anwaltskammer)<br \/>\n2013 Pro Collegio Advocatorum<\/p>\n<p><strong>B\u00fccher:<\/strong><br \/>\nGro\u00dfes Handbuch des Immobilienrechtes (CompLex Kiad\u00f3 Jogi \u00e9s \u00dczleti Tartalomszolg\u00e1ltat\u00f3 Kft., Budapest 2007) Mitautor Immobilienhandbuch (CompLex Kiad\u00f3 Jogi \u00e9s \u00dczleti Tartalomszolg\u00e1ltat\u00f3 Kft., Budapest 2004) Mitautor<\/p>\n<p><strong>Sonstige Publikationen:<\/strong><br \/>\nIn der Monatszeitschrift Pesti \u00dcgyv\u00e9d<br \/>\n1.Der Preis des Anwalts<br \/>\n2.Die Ausbesserung der Gr\u00fcndungsurkunde<br \/>\n3.Warum gerade Dr. Balogh?<br \/>\n4.Die \u00c4nderung des Raummietvertrages<br \/>\n5.Formerfordernisse<br \/>\n6.Die Ver\u00e4u\u00dferung der Wohneigentumsgemeinschaft<br \/>\n7.Die Genugtuung<br \/>\n8.Wozu dient die Gegenzeichnung?<br \/>\n9.Geheimhaltung, Datennutzung<br \/>\n10.Schaden durch Deckungsentzug<br \/>\n11.Imago animi sermo est<br \/>\n12.Wenn die K\u00fcndigung eintrifft<br \/>\n13.Kommentare<br \/>\n14.Wie hoch ist die Geb\u00fchr bei Prozessverfahren?<br \/>\n15.\u201e\u2026Vertretung nicht m\u00f6glich\u201d<br \/>\n16.Kann der leitende Amtstr\u00e4ger einer Wirtschaftsgesellschaft Vollmacht erteilen?<br \/>\n17.Wer kann den Mieter einklagen?<br \/>\n18.Gemeinsame Urkunde<br \/>\n19.Genehmigung des Immobilienerwerbs durch Ausl\u00e4nder<br \/>\n20.Neues Gesetz \u00fcber die Wohneigentumsgemeinschaft<br \/>\n21.Kann ein Anwalt Hausverwalter sein?<br \/>\n22.Personal und Niveau<br \/>\n23.Verkauf des Kaufrechtes<br \/>\n24.Trockenstempel auf der Vollmacht \u2013 Ein Muss?<br \/>\n25.Gegenzeichnung des Vertrages zwischen Gesellschafter und Gesellschaft<br \/>\n26.Hei\u00dfa, Talar, Talar \u2026<br \/>\n27.Wann ist die falsche Vermutung wechselseitig?<br \/>\n28.Nemo plus iuris\u2026<br \/>\n29.Anfechtung des Hauptversammlungsbeschlusses<br \/>\n30.\u00c4ndert die \u00dcbertragung eines Gesch\u00e4ftsanteiles den Gesellschaftsvertrag?<br \/>\n31.Immobilie einer gel\u00f6schten Firma<br \/>\nIn der Tageszeitung N\u00e9pszabads\u00e1g<br \/>\n32.Die Nutzungsrechte<br \/>\n33.Eigentumsgemeinschaften als Steuersubjekte<br \/>\n34.Kauf- und Verkauf von Immobilien<br \/>\n35.Umsatzsteuer auf Immobilien<br \/>\n36.Gr\u00fcndungshauptversammlung<br \/>\n37.Grundbegriffe im Wohneigentumsgemeinschaftsgesetz<br \/>\n38.Die Untermiete<br \/>\n39.Immobilien im Staateigentum<br \/>\n40.Antenne<br \/>\n41.Das Reugeld<br \/>\n42.Das letzte Friedensjahr<br \/>\n43.Wenn der Mieter nicht geht \u2026<br \/>\n44.Das Mietrecht<br \/>\n45.K\u00fcndigung, Fairness<br \/>\n46.Die \u00c4nderung des Mietvertrages<br \/>\n47.Die Haftung<br \/>\n48.Die Investition<br \/>\n49.Blankettvertr\u00e4ge<br \/>\n50.Straftaten und Rechtswidrigkeiten<br \/>\n51.Immobilienmanipulationen<br \/>\n52.Leibrente f\u00fcr die Wohnung<br \/>\n53.Der Lohn der Angst<br \/>\n54.Publikationen \u00fcber das Wohnungsrecht<br \/>\n55.Einf\u00fchrung<br \/>\n56.Die Rolle der Kommunen<br \/>\n57.Besitzschutz<br \/>\n58.Wann kann ein Besitzst\u00f6rungsverfahren eingeleitet werden?<br \/>\n59.Der Mietvertrag<br \/>\n60.Mitmieter, Aufnahme<br \/>\n61.Die Wirtschaftsgesellschaft als Eigent\u00fcmerin<br \/>\n62.Wohnungsnutzung und Ehescheidung<br \/>\n63.Grundbuchsystem<br \/>\n64.Kauf und Grundbuch<br \/>\n65.Fristen bei Immobiliengesch\u00e4ften<br \/>\n66.Verfahren beim Grundbuchamt<br \/>\n67.Eintragung im Grundbuch<br \/>\n68.\u00dcberbau-Aufbau<br \/>\n69.Die Nutzungsrechte<br \/>\n70.Der Nie\u00dfbrauch<br \/>\n71.Die gemeinsame Immobilie<br \/>\n72.Die Bestimmung der Immobilie<br \/>\n73.Vermietung ohne den kleinen Dienstweg<br \/>\n74.Mietzinsstreit mit den Kommunen<br \/>\n75.Der Raumtausch<br \/>\n76.Der Wohnungstausch<br \/>\n77.Leibrente f\u00fcr die Wohnung<br \/>\n78.Die Wohnungsmaffia<br \/>\n79.Immobilienmanipulationen<br \/>\n80.Blankettvertr\u00e4ge<br \/>\n81.Die anwaltliche Gegenzeichnung<br \/>\n82.Kauf und Verkauf von Immobilien I<br \/>\n83.Die Ersitzung<br \/>\n84.Das Vorkaufsrecht<br \/>\n85.Vertragliche Sicherheiten<br \/>\n86.Das Reugeld<br \/>\n87.Das P\u00f6nale<br \/>\n88.Die Kaution<br \/>\n89.Die Anzahlung und das Angeld<br \/>\n90.Das Mietrecht<br \/>\n91.Die Grundst\u00fccksgestaltung<br \/>\n92.Immobilien im Staatseigentum<br \/>\n93.Die Wohnungsgemeinschaft<br \/>\n94.Die Baustrafe<br \/>\n95.Publikationen \u00fcber die Wohneigentumsgemeinschaft<br \/>\n96.Alte Wohneigentumsgemeinschaft, neue Gesetze<br \/>\n97.Gr\u00fcndung einer neuen Wohneigentumsgemeinschaft<br \/>\n98.Die Gr\u00fcndungsurkunde<br \/>\n99.Die Hauptversammlung, die Gr\u00fcndungshauptversammlung<br \/>\n100.Die wiederholte und die Teilhauptversammlung<br \/>\n101.Eigentumsverh\u00e4ltnisse in der Wohneigentumsgemeinschaft \u2013 das Miteigentum<br \/>\n102.Die gemeinsame Vertretung<br \/>\n103.Die wiederholte Hauptversammlung<br \/>\n104.Die Organe der Wohneigentumsgemeinschaft<br \/>\n105.Die Wohneigentumsgemeinschaft als Umsatzsteuersubjekt<br \/>\n106.Datenschutz in der Wohneigentumsgemeinschaft<br \/>\n107.Bauprojekte in der Wohneigentumsgemeinschaft<br \/>\n108.Gesch\u00e4ftsraum in der Wohneigentumsgemeinschaft<br \/>\n109.Grundbegriffe im Wohneigentumsgemeinschaftsgesetz<br \/>\n110.Anfechtung von Hauptversammlungsbeschl\u00fcssen<br \/>\n111.Der Rechnungshof<br \/>\n112.Der Verwaltungsausschuss<\/p>\n<p>[\/et_pb_text][\/et_pb_column][et_pb_column type=&#8220;1_2&#8243;][et_pb_image _builder_version=&#8220;3.17.6&#8243; src=&#8220;https:\/\/www.hidasi.hu\/wp-content\/uploads\/2008\/01\/arckep1.jpg&#8220; align=&#8220;center&#8220; box_shadow_style=&#8220;preset2&#8243; animation_style=&#8220;slide&#8220; animation_direction=&#8220;right&#8220; \/][et_pb_text _builder_version=&#8220;3.17.6&#8243;]<\/p>\n<h1>Dr. N\u00f3ra Hidasi-Costa<\/h1>\n<p>\u00a0<\/p>\n<p><strong>Geboren:<\/strong> Budapest (Ungarn) 1976, als vierte Generation einer Anwaltsdynastie, verheiratet<\/p>\n<p><strong>Geburtsname:<\/strong> N\u00f3ra Hidasi<\/p>\n<p><strong>Beruf:<\/strong> Rechtsreferendar<\/p>\n<p><strong>Ausbildung:<\/strong><br \/>1995-2000 Katholische Universit\u00e4t P\u00e1zm\u00e1ny P\u00e9ter, Fakult\u00e4t f\u00fcr Jura- und Staatswissenschaften<br \/>6\/2000 Abschlusspr\u00fcfung (cum laude)<br \/>2001-2002 Boston University, Morin Center Ordinariat f\u00fcr Bank- und Finanzrecht, Boston, MA, U.S.A.<br \/>05\/2002 Master-Diplom Bank- und Finanzrecht<br \/>11\/2002 Anwaltspr\u00fcfung (Teilpr\u00fcfung f\u00fcr den Bundesstaat New York)<\/p>\n<p><strong>Berufliche Werdegang:<\/strong><br \/>1996-1999 Anwaltsassistentin (RAe Dr. Hidasi &amp; Partner)<br \/>1998-1999 Referendarin (Karl Ruprecht Universit\u00e4t Juristische Fakult\u00e4t, Heidelberg, Deutschland)<br \/>2000-2001 Gerichtsreferendarin (Pester Zentralbezirksgericht)<br \/>2001-2002 Themenverantwortliche und wissenschaftliche Mitarbeiterin (Boston University, Pappas Law Library, Boston, MA, U.S.A.)<br \/>08\/2003- Gerichtsreferendarin (Pester Zentralbezirksgericht)<br \/>04\/2004- Rechtsanwaltsanw\u00e4rterin (RAe Dr. Hidasi &amp; Partner)<br \/>06\/2004- Rechtsanwaltsanw\u00e4rterin (Nina Nguyen Law Office, Boston, MA, U.S.A.)<br \/>08\/2004- juristische Assistentin ( Liberty Mutual, Boston, MA, U.S.A.)<br \/>05\/2005- Amtsleiterin\/ Rechtsanwaltsanw\u00e4rterin (Ehrenamtliche Konsulat des Republik Ungarn \/ Foley and Lardner Law Office, Boston, MA, U.S.A.)<br \/>06\/ 2007- Rechtsanwaltsanw\u00e4rterin (RAe Dr. Hidasi &amp; Partner)<\/p>\n<p><strong>Sprachkenntnisse:<\/strong> englisch, deutsch, russisch<\/p>\n<p>[\/et_pb_text][\/et_pb_column][\/et_pb_row][\/et_pb_section]<\/p>\n","protected":false},"excerpt":{"rendered":"<p><div class=\"et_pb_row et_pb_row_0 et_pb_row_empty\">\n\t\t\t\t\n\t\t\t\t\n\t\t\t\t\n\t\t\t\t\n\t\t\t\t\n\t\t\t<\/div> Dr. G\u00e1bor Hidasi &nbsp; Geboren: im Jahre 1954, Budapest (Ungarn), dritte Generation einer Anwaltsdynastie Kinder: Dr. N\u00f3ra Hidasi (1976) Linda Hidasi (1984) Schulung: Juristische Fakult\u00e4t der Universit\u00e4t, E\u00f6tv\u00f6s L\u00f3r\u00e1nd \/ Budapest Ausbildung: Jurist Beruf: Rechtsanwalt Stellung: Leiter der Rechtsanwaltskanzlei Dr. Hidasi &amp; Partner Sprachkenntnisse: ungarisch, deutsch, englisch, italienisch Fachbereiche: a. Schuldrecht b. Immobilienrecht c. [&hellip;]<\/p>\n","protected":false},"author":2,"featured_media":0,"parent":0,"menu_order":0,"comment_status":"closed","ping_status":"closed","template":"","meta":{"_et_pb_use_builder":"on","_et_pb_old_content":"","_et_gb_content_width":"","iawp_total_views":430,"footnotes":""},"class_list":["post-450","page","type-page","status-publish","hentry"],"yoast_head":"<!-- This site is optimized with the Yoast SEO plugin v27.5 - https:\/\/yoast.com\/product\/yoast-seo-wordpress\/ -->\n<title>Partner - Dr. Hidasi und Partner Rechtsanw\u00e4lte<\/title>\n<meta name=\"description\" content=\"Dr. G\u00e1bor Hidasi. Geboren: im Jahre 1954, Budapest (Ungarn), dritte Generation einer Anwaltsdynastie. Kinder: Dr. N\u00f3ra Hidasi (1976) Linda Hidasi (1984). Schulung: Juristische Fakult\u00e4t der Universit\u00e4t, E\u00f6tv\u00f6s L\u00f3r\u00e1nd \/ Budapest\" \/>\n<meta name=\"robots\" content=\"index, follow, max-snippet:-1, max-image-preview:large, max-video-preview:-1\" \/>\n<link rel=\"canonical\" href=\"https:\/\/www.hidasi.hu\/de\/partner\/\" \/>\n<meta property=\"og:locale\" content=\"de_DE\" \/>\n<meta property=\"og:type\" content=\"article\" \/>\n<meta property=\"og:title\" content=\"Partner - Dr. Hidasi und Partner Rechtsanw\u00e4lte\" \/>\n<meta property=\"og:description\" content=\"Dr. G\u00e1bor Hidasi. Geboren: im Jahre 1954, Budapest (Ungarn), dritte Generation einer Anwaltsdynastie. Kinder: Dr. N\u00f3ra Hidasi (1976) Linda Hidasi (1984). Schulung: Juristische Fakult\u00e4t der Universit\u00e4t, E\u00f6tv\u00f6s L\u00f3r\u00e1nd \/ Budapest\" \/>\n<meta property=\"og:url\" content=\"https:\/\/www.hidasi.hu\/de\/partner\/\" \/>\n<meta property=\"og:site_name\" content=\"Dr. Hidasi \u00e9s T\u00e1rsai \u00dcgyv\u00e9di Iroda\" \/>\n<meta property=\"article:modified_time\" content=\"2018-12-06T09:37:51+00:00\" \/>\n<meta name=\"twitter:card\" content=\"summary_large_image\" \/>\n<meta name=\"twitter:label1\" content=\"Gesch\u00e4tzte Lesezeit\" \/>\n\t<meta name=\"twitter:data1\" content=\"4\u00a0Minuten\" \/>\n<script type=\"application\/ld+json\" class=\"yoast-schema-graph\">{\"@context\":\"https:\\\/\\\/schema.org\",\"@graph\":[{\"@type\":\"WebPage\",\"@id\":\"https:\\\/\\\/www.hidasi.hu\\\/de\\\/partner\\\/\",\"url\":\"https:\\\/\\\/www.hidasi.hu\\\/de\\\/partner\\\/\",\"name\":\"Partner - Dr. Hidasi und Partner Rechtsanw\u00e4lte\",\"isPartOf\":{\"@id\":\"https:\\\/\\\/www.hidasi.hu\\\/de\\\/#website\"},\"datePublished\":\"2018-12-06T09:37:16+00:00\",\"dateModified\":\"2018-12-06T09:37:51+00:00\",\"description\":\"Dr. G\u00e1bor Hidasi. Geboren: im Jahre 1954, Budapest (Ungarn), dritte Generation einer Anwaltsdynastie. Kinder: Dr. N\u00f3ra Hidasi (1976) Linda Hidasi (1984). Schulung: Juristische Fakult\u00e4t der Universit\u00e4t, E\u00f6tv\u00f6s L\u00f3r\u00e1nd \\\/ Budapest\",\"breadcrumb\":{\"@id\":\"https:\\\/\\\/www.hidasi.hu\\\/de\\\/partner\\\/#breadcrumb\"},\"inLanguage\":\"de\",\"potentialAction\":[{\"@type\":\"ReadAction\",\"target\":[\"https:\\\/\\\/www.hidasi.hu\\\/de\\\/partner\\\/\"]}]},{\"@type\":\"BreadcrumbList\",\"@id\":\"https:\\\/\\\/www.hidasi.hu\\\/de\\\/partner\\\/#breadcrumb\",\"itemListElement\":[{\"@type\":\"ListItem\",\"position\":1,\"name\":\"Home\",\"item\":\"https:\\\/\\\/www.hidasi.hu\\\/de\\\/\"},{\"@type\":\"ListItem\",\"position\":2,\"name\":\"Partner\"}]},{\"@type\":\"WebSite\",\"@id\":\"https:\\\/\\\/www.hidasi.hu\\\/de\\\/#website\",\"url\":\"https:\\\/\\\/www.hidasi.hu\\\/de\\\/\",\"name\":\"Dr. Hidasi \u00e9s T\u00e1rsai \u00dcgyv\u00e9di Iroda\",\"description\":\"A mi tud\u00e1sunk az \u00d6n biztons\u00e1ga\",\"publisher\":{\"@id\":\"https:\\\/\\\/www.hidasi.hu\\\/de\\\/#organization\"},\"potentialAction\":[{\"@type\":\"SearchAction\",\"target\":{\"@type\":\"EntryPoint\",\"urlTemplate\":\"https:\\\/\\\/www.hidasi.hu\\\/de\\\/?s={search_term_string}\"},\"query-input\":{\"@type\":\"PropertyValueSpecification\",\"valueRequired\":true,\"valueName\":\"search_term_string\"}}],\"inLanguage\":\"de\"},{\"@type\":\"Organization\",\"@id\":\"https:\\\/\\\/www.hidasi.hu\\\/de\\\/#organization\",\"name\":\"Dr. Hidasi \u00e9s T\u00e1rsai \u00dcgyv\u00e9di Iroda\",\"url\":\"https:\\\/\\\/www.hidasi.hu\\\/de\\\/\",\"logo\":{\"@type\":\"ImageObject\",\"inLanguage\":\"de\",\"@id\":\"https:\\\/\\\/www.hidasi.hu\\\/de\\\/#\\\/schema\\\/logo\\\/image\\\/\",\"url\":\"https:\\\/\\\/www.hidasi.hu\\\/wp-content\\\/uploads\\\/2018\\\/12\\\/logo_hungarian.jpg\",\"contentUrl\":\"https:\\\/\\\/www.hidasi.hu\\\/wp-content\\\/uploads\\\/2018\\\/12\\\/logo_hungarian.jpg\",\"width\":570,\"height\":95,\"caption\":\"Dr. Hidasi \u00e9s T\u00e1rsai \u00dcgyv\u00e9di Iroda\"},\"image\":{\"@id\":\"https:\\\/\\\/www.hidasi.hu\\\/de\\\/#\\\/schema\\\/logo\\\/image\\\/\"}}]}<\/script>\n<!-- \/ Yoast SEO plugin. -->","yoast_head_json":{"title":"Partner - Dr. Hidasi und Partner Rechtsanw\u00e4lte","description":"Dr. G\u00e1bor Hidasi. Geboren: im Jahre 1954, Budapest (Ungarn), dritte Generation einer Anwaltsdynastie. Kinder: Dr. N\u00f3ra Hidasi (1976) Linda Hidasi (1984). Schulung: Juristische Fakult\u00e4t der Universit\u00e4t, E\u00f6tv\u00f6s L\u00f3r\u00e1nd \/ Budapest","robots":{"index":"index","follow":"follow","max-snippet":"max-snippet:-1","max-image-preview":"max-image-preview:large","max-video-preview":"max-video-preview:-1"},"canonical":"https:\/\/www.hidasi.hu\/de\/partner\/","og_locale":"de_DE","og_type":"article","og_title":"Partner - Dr. Hidasi und Partner Rechtsanw\u00e4lte","og_description":"Dr. G\u00e1bor Hidasi. Geboren: im Jahre 1954, Budapest (Ungarn), dritte Generation einer Anwaltsdynastie. Kinder: Dr. N\u00f3ra Hidasi (1976) Linda Hidasi (1984). Schulung: Juristische Fakult\u00e4t der Universit\u00e4t, E\u00f6tv\u00f6s L\u00f3r\u00e1nd \/ Budapest","og_url":"https:\/\/www.hidasi.hu\/de\/partner\/","og_site_name":"Dr. Hidasi \u00e9s T\u00e1rsai \u00dcgyv\u00e9di Iroda","article_modified_time":"2018-12-06T09:37:51+00:00","twitter_card":"summary_large_image","twitter_misc":{"Gesch\u00e4tzte Lesezeit":"4\u00a0Minuten"},"schema":{"@context":"https:\/\/schema.org","@graph":[{"@type":"WebPage","@id":"https:\/\/www.hidasi.hu\/de\/partner\/","url":"https:\/\/www.hidasi.hu\/de\/partner\/","name":"Partner - Dr. Hidasi und Partner Rechtsanw\u00e4lte","isPartOf":{"@id":"https:\/\/www.hidasi.hu\/de\/#website"},"datePublished":"2018-12-06T09:37:16+00:00","dateModified":"2018-12-06T09:37:51+00:00","description":"Dr. G\u00e1bor Hidasi. Geboren: im Jahre 1954, Budapest (Ungarn), dritte Generation einer Anwaltsdynastie. Kinder: Dr. N\u00f3ra Hidasi (1976) Linda Hidasi (1984). Schulung: Juristische Fakult\u00e4t der Universit\u00e4t, E\u00f6tv\u00f6s L\u00f3r\u00e1nd \/ Budapest","breadcrumb":{"@id":"https:\/\/www.hidasi.hu\/de\/partner\/#breadcrumb"},"inLanguage":"de","potentialAction":[{"@type":"ReadAction","target":["https:\/\/www.hidasi.hu\/de\/partner\/"]}]},{"@type":"BreadcrumbList","@id":"https:\/\/www.hidasi.hu\/de\/partner\/#breadcrumb","itemListElement":[{"@type":"ListItem","position":1,"name":"Home","item":"https:\/\/www.hidasi.hu\/de\/"},{"@type":"ListItem","position":2,"name":"Partner"}]},{"@type":"WebSite","@id":"https:\/\/www.hidasi.hu\/de\/#website","url":"https:\/\/www.hidasi.hu\/de\/","name":"Dr. Hidasi \u00e9s T\u00e1rsai \u00dcgyv\u00e9di Iroda","description":"A mi tud\u00e1sunk az \u00d6n biztons\u00e1ga","publisher":{"@id":"https:\/\/www.hidasi.hu\/de\/#organization"},"potentialAction":[{"@type":"SearchAction","target":{"@type":"EntryPoint","urlTemplate":"https:\/\/www.hidasi.hu\/de\/?s={search_term_string}"},"query-input":{"@type":"PropertyValueSpecification","valueRequired":true,"valueName":"search_term_string"}}],"inLanguage":"de"},{"@type":"Organization","@id":"https:\/\/www.hidasi.hu\/de\/#organization","name":"Dr. Hidasi \u00e9s T\u00e1rsai \u00dcgyv\u00e9di Iroda","url":"https:\/\/www.hidasi.hu\/de\/","logo":{"@type":"ImageObject","inLanguage":"de","@id":"https:\/\/www.hidasi.hu\/de\/#\/schema\/logo\/image\/","url":"https:\/\/www.hidasi.hu\/wp-content\/uploads\/2018\/12\/logo_hungarian.jpg","contentUrl":"https:\/\/www.hidasi.hu\/wp-content\/uploads\/2018\/12\/logo_hungarian.jpg","width":570,"height":95,"caption":"Dr. Hidasi \u00e9s T\u00e1rsai \u00dcgyv\u00e9di Iroda"},"image":{"@id":"https:\/\/www.hidasi.hu\/de\/#\/schema\/logo\/image\/"}}]}},"_links":{"self":[{"href":"https:\/\/www.hidasi.hu\/de\/wp-json\/wp\/v2\/pages\/450","targetHints":{"allow":["GET"]}}],"collection":[{"href":"https:\/\/www.hidasi.hu\/de\/wp-json\/wp\/v2\/pages"}],"about":[{"href":"https:\/\/www.hidasi.hu\/de\/wp-json\/wp\/v2\/types\/page"}],"author":[{"embeddable":true,"href":"https:\/\/www.hidasi.hu\/de\/wp-json\/wp\/v2\/users\/2"}],"replies":[{"embeddable":true,"href":"https:\/\/www.hidasi.hu\/de\/wp-json\/wp\/v2\/comments?post=450"}],"version-history":[{"count":4,"href":"https:\/\/www.hidasi.hu\/de\/wp-json\/wp\/v2\/pages\/450\/revisions"}],"predecessor-version":[{"id":454,"href":"https:\/\/www.hidasi.hu\/de\/wp-json\/wp\/v2\/pages\/450\/revisions\/454"}],"wp:attachment":[{"href":"https:\/\/www.hidasi.hu\/de\/wp-json\/wp\/v2\/media?parent=450"}],"curies":[{"name":"wp","href":"https:\/\/api.w.org\/{rel}","templated":true}]}}