{"id":468,"date":"2018-12-06T10:18:26","date_gmt":"2018-12-06T10:18:26","guid":{"rendered":"https:\/\/www.hidasi.hu\/?page_id=468"},"modified":"2018-12-06T10:18:26","modified_gmt":"2018-12-06T10:18:26","slug":"anwaltliche-schweigepflicht","status":"publish","type":"page","link":"https:\/\/www.hidasi.hu\/de\/anwaltliche-schweigepflicht\/","title":{"rendered":"Die anwaltliche Schweigepflicht"},"content":{"rendered":"<p>[et_pb_section bb_built=&#8220;1&#8243; _builder_version=&#8220;3.0.47&#8243;][et_pb_row _builder_version=&#8220;3.17.6&#8243; background_size=&#8220;initial&#8220; background_position=&#8220;top_left&#8220; background_repeat=&#8220;repeat&#8220; custom_margin=&#8220;0px|||&#8220; custom_padding=&#8220;0px|||&#8220;][et_pb_column type=&#8220;3_4&#8243;][et_pb_image src=&#8220;https:\/\/www.hidasi.hu\/wp-content\/uploads\/2018\/12\/logo_german.jpg&#8220; _builder_version=&#8220;3.17.6&#8243; animation_style=&#8220;slide&#8220; animation_direction=&#8220;left&#8220; \/][et_pb_text _builder_version=&#8220;3.17.6&#8243;]<\/p>\n<p>&nbsp;<\/p>\n<h1>Die anwaltliche Schweigepflicht<\/h1>\n<p>&nbsp;<br \/>\nDer Mandant betraut den Rechtsanwalt mit einer Sache, er erteilt dem Anwalt einen Auftrag zur Erledigung der Sache. Damit vertraut er ihm unvermeidlich auch der Sache inh\u00e4rente vertrauliche Daten, Fakten und Informationen an. Der Rechtsanwalt kann nie wissen, ob und wie die Interessen seines Mandanten durch die Weitergabe von Daten, Fakten und Informationen, die der ihm anvertrauten Sache inh\u00e4rent sind, verletzt werden. Darum hat er aus der durch das Gesetz vorgeschriebenen und unterst\u00fctzten klugen Vorsicht alle Fakten, Daten, Informationen als Geheimnis anzusehen, das \u2013 sollte es an Unbefugte geraten \u2013 die Interessen seines Mandanten schwer verletzt und ihm Sch\u00e4den zuf\u00fcgt.<\/p>\n<p>Wahr ist aber auch, dass auch der Mandant nicht wissen kann, ob das Verschweigen einer Tatsache, einer Angabe oder einer Information den Erfolg der f\u00fcr ihn erbrachten Leistung des Rechtsanwalts verhindert oder nicht. Die Anvertrauung eines Geheimnisses an den Rechtsanwalt ist nicht nur eine Vertrauensfrage, sondern auch das Unterpfand des Erfolgs des Anwalts.<\/p>\n<p>Die gesetzliche Pflicht zur Wahrung des Geheimnisses und seine Praxis schafft die M\u00f6glichkeit, dass der Mandant seinem Rechtsanwalt seine Sache in allen Details, mit vollstem Vertrauen er\u00f6ffnet. Er kann sicher sein, dass, wenn sein Anwalt seine Geheimnisse erfuhr, das das Gleiche ist, als h\u00e4tte diese niemand erfahren, bzw. der Anwalt die Geheimnisse in der kl\u00fcgsten und diskretesten Weise, und nur dazu und so nutzt, um damit seinen Interessen zu dienen.<\/p>\n<p>Diese Wechselseitigkeit wird dadurch hervorgerufen, dass nach dem Gesetz Nr. XI von 1998 \u00fcber die Rechtsanw\u00e4lte dem Rechtanwalt hinsichtlich aller Fakten und Daten, von denen er bei der Aus\u00fcbung seines Berufs Kenntnis erlangt hat, eine Schweigepflicht obliegt. <\/p>\n<p>Die Schweigepflicht des Rechtsanwalts ist nicht nur eine einfache \u201eSchweigepflicht\u201c, sondern auch eine Pflicht zur Aufbewahrung von Schriftst\u00fccken und Datentr\u00e4gern und ihr Schutz gegen\u00fcber Unbefugten.<\/p>\n<p>Der Rechtsanwalt ist verpflichtet, die ihm im Kreis seines Berufs zur Kenntnis gelangten Daten, Fakten, Informationen zu sch\u00fctzen. Das bedeutet, dass er nicht nur verpflichtet ist, die ihm im Verlauf des Mandatsvertrags bekannt gewordenen Daten, Fakten, Informationen zu sch\u00fctzen, sondern all das, an was er im Verlauf seiner T\u00e4tigkeit als Rechtsanwalt gelangte. Das bedeutet auch, dass er nicht nur die Daten seines eigenen Mandanten als Geheimnis wahren muss, sondern auch die Daten von denen, die ihm keinen Auftrag erteilt haben, so unter anderem auch die seiner Gegenparteien.<\/p>\n<p>Die ihm bei der Aus\u00fcbung des Anwaltsberufs zur Kenntnis gelangten Daten, Fakten, Informationen sind auch dann ein Anwaltsgeheimnis, wenn diese Daten, Fakten, Informationen auch anderen bekannt, \u00f6ffentlich, vielleicht allgemein bekannt sind, oder vom Mandanten oder dessen Gegner selbst nicht als eine geheimzuhaltende vertrauliche Information angesehen wird. Wenn der Rechtsanwalt bei der Aus\u00fcbung seines Berufs Kenntnis von solchen Daten, Fakten, Informationen erlangte, hat er diese auch dann als Geheimnis zu wahren, wenn es sein Mandant oder dessen Gegner oder Andere ansonsten nicht tun.<\/p>\n<p>Ein Anwaltsgeheimnis sind auch die Daten, Fakten und Informationen, die der Anwalt von einem anderen Anwalt erfuhr. Das bedeutet nicht, dass die Anw\u00e4lte die Geheimnisse untereinander frei ausplaudern, sich gegenseitig die Unterlagen zeigen oder in den Kreis der Geheimnisse geh\u00f6rende Informationen austauschen d\u00fcrfen. Die Anw\u00e4lte sind auch gegeneinander und untereinander zur Geheimhaltung verpflichtet.<\/p>\n<p>Der Rechtsanwalt ist auch dann zur Geheimhaltung verpflichtet, wenn die Person, die ihn mit der Erteilung eines Auftrags aufgesucht hat, aber doch keinen Auftrag erteilte, ihm Daten, Fakten und Informationen mitgeteilt hat.<\/p>\n<p>Die Schweigepflicht bleibt auch nach Beendigung des Mandatsvertrags ohne zeitliche Begrenzung bestehen.<\/p>\n<p>Die anwaltliche Schweigepflicht wird auch bei den Gerichten und Beh\u00f6rden geltend gemacht. Das bedeutet, dass die Beh\u00f6rde im Verlauf einer bei einem Rechtsanwalt durchgef\u00fchrten beh\u00f6rdlichen Untersuchung bzw. Pr\u00fcfung (z.B. Hausdurchsuchung durch eine Untersuchungsbeh\u00f6rde, Steuerpr\u00fcfung) nicht befugt ist, als Anwaltsgeheimnis angesehene Daten kennen zu lernen und trotz dessen kennen gelernte Daten, Fakten, Informationen zu verwenden. Dem Rechtsanwalt obliegt ausdr\u00fccklich, die Geheimnisse auch vor den Beh\u00f6rden und Gerichten zu sch\u00fctzen.<\/p>\n<p>Nicht als eine Verletzung des Anwaltsgeheimnisses gilt die Weitergabe von Daten, Fakten, Informationen, die zur Verhinderung von Terrorismus und der Geldw\u00e4sche beitragen. <\/p>\n<p>Dem Rechtsanwalt kann eine Befreiung von der Schweigepflicht erteilt werden. Dazu ist nur der Geheimnisherr befugt. Ein Geheimnisherr ist, von wem die Daten, Fakten, Informationen stammen oder \u00fcber wen sie lauten, unabh\u00e4ngig davon, ob der Betroffene als Mandant (Auftraggeber, Vollmachtgeber) des Rechtsanwalts angesehen wird oder nicht.<\/p>\n<p>Die anwaltliche Schweigepflicht obliegt nicht nur dem Rechtsanwalt, sondern auch den Angestellten der Rechtsanwaltskanzlei des Anwalts (Rechtsanwaltsanw\u00e4rtern, Angestellten der Gesch\u00e4ftsf\u00fchrung), den Rechtsanwaltskammern, ihren Repr\u00e4sentanten und ihren Angestellten.<\/p>\n<p>Der Rechtsanwalt haftet f\u00fcr die Wahrung des ihm anvertrauten Geheimnisses. Gegen einen Rechtsanwalt, der ein Geheimnis verletzt, kann bei der Rechtsanwaltskammer, bei der er Mitglied ist, ein Disziplinarverfahren angeregt werden. Im Verlauf des Disziplinarverfahrens und der damit verbundenen gerichtlichen \u00dcberpr\u00fcfung obliegt dem Rechtsanwalt keine Schweigepflicht, eine Schweigepflicht obliegt aber im Kreis der bekannt gewordenen Daten, Fakten, Informationen den Beteiligten des Disziplinarverfahrens und selbstverst\u00e4ndlich auch dem Richter und dem Gerichtsangestellten.<\/p>\n<p>Stellt der Disziplinarrat der Anwaltskammer eine Disziplinarverantwortung des Anwalts fest, wird er zur Verantwortung gezogen. Sanktionen gegen den Anwalt k\u00f6nnen eine Ermahnung, eine Geldstrafe oder der Ausschluss aus der Kammer sein, der zugleich auch die Beendigung der Anwaltst\u00e4tigkeit bedeutet. Von einem Rechtsanwalt, der seine Schweigepflicht verletzt, kann nach den allgemeinen Regeln des b\u00fcrgerlichen Rechts Schadenersatz gefordert werden. Das dritte Element der Verantwortung des Anwalts ist die strafrechtliche Verantwortung.<\/p>\n<p>[\/et_pb_text][\/et_pb_column][et_pb_column type=&#8220;1_4&#8243;][et_pb_sidebar area=&#8220;et_pb_widget_area_1&#8243; _builder_version=&#8220;3.17.6&#8243; orientation=&#8220;right&#8220; text_orientation=&#8220;center&#8220; \/][\/et_pb_column][\/et_pb_row][\/et_pb_section]<\/p>\n","protected":false},"excerpt":{"rendered":"<p>&nbsp; Die anwaltliche Schweigepflicht &nbsp; Der Mandant betraut den Rechtsanwalt mit einer Sache, er erteilt dem Anwalt einen Auftrag zur Erledigung der Sache. Damit vertraut er ihm unvermeidlich auch der Sache inh\u00e4rente vertrauliche Daten, Fakten und Informationen an. Der Rechtsanwalt kann nie wissen, ob und wie die Interessen seines Mandanten durch die Weitergabe von Daten, [&hellip;]<\/p>\n","protected":false},"author":2,"featured_media":0,"parent":0,"menu_order":0,"comment_status":"closed","ping_status":"closed","template":"","meta":{"_et_pb_use_builder":"on","_et_pb_old_content":"","_et_gb_content_width":"","iawp_total_views":131,"footnotes":""},"class_list":["post-468","page","type-page","status-publish","hentry"],"yoast_head":"<!-- This site is optimized with the Yoast SEO plugin v27.5 - https:\/\/yoast.com\/product\/yoast-seo-wordpress\/ -->\n<title>Die anwaltliche Schweigepflicht - Dr. Hidasi und Partner Rechtsanw\u00e4lte<\/title>\n<meta name=\"description\" content=\"Der Mandant betraut den Rechtsanwalt mit einer Sache, er erteilt dem Anwalt einen Auftrag zur Erledigung der Sache. Damit vertraut er ihm unvermeidlich auch der Sache inh\u00e4rente vertrauliche Daten, Fakten und Informationen an.\" \/>\n<meta name=\"robots\" content=\"index, follow, max-snippet:-1, max-image-preview:large, max-video-preview:-1\" \/>\n<link rel=\"canonical\" href=\"https:\/\/www.hidasi.hu\/de\/anwaltliche-schweigepflicht\/\" \/>\n<meta property=\"og:locale\" content=\"de_DE\" \/>\n<meta property=\"og:type\" content=\"article\" \/>\n<meta property=\"og:title\" content=\"Die anwaltliche Schweigepflicht - Dr. Hidasi und Partner Rechtsanw\u00e4lte\" \/>\n<meta property=\"og:description\" content=\"Der Mandant betraut den Rechtsanwalt mit einer Sache, er erteilt dem Anwalt einen Auftrag zur Erledigung der Sache. Damit vertraut er ihm unvermeidlich auch der Sache inh\u00e4rente vertrauliche Daten, Fakten und Informationen an.\" \/>\n<meta property=\"og:url\" content=\"https:\/\/www.hidasi.hu\/de\/anwaltliche-schweigepflicht\/\" \/>\n<meta property=\"og:site_name\" content=\"Dr. Hidasi \u00e9s T\u00e1rsai \u00dcgyv\u00e9di Iroda\" \/>\n<meta name=\"twitter:card\" content=\"summary_large_image\" \/>\n<meta name=\"twitter:label1\" content=\"Gesch\u00e4tzte Lesezeit\" \/>\n\t<meta name=\"twitter:data1\" content=\"5\u00a0Minuten\" \/>\n<script type=\"application\/ld+json\" class=\"yoast-schema-graph\">{\"@context\":\"https:\\\/\\\/schema.org\",\"@graph\":[{\"@type\":\"WebPage\",\"@id\":\"https:\\\/\\\/www.hidasi.hu\\\/de\\\/anwaltliche-schweigepflicht\\\/\",\"url\":\"https:\\\/\\\/www.hidasi.hu\\\/de\\\/anwaltliche-schweigepflicht\\\/\",\"name\":\"Die anwaltliche Schweigepflicht - Dr. Hidasi und Partner Rechtsanw\u00e4lte\",\"isPartOf\":{\"@id\":\"https:\\\/\\\/www.hidasi.hu\\\/de\\\/#website\"},\"datePublished\":\"2018-12-06T10:18:26+00:00\",\"description\":\"Der Mandant betraut den Rechtsanwalt mit einer Sache, er erteilt dem Anwalt einen Auftrag zur Erledigung der Sache. Damit vertraut er ihm unvermeidlich auch der Sache inh\u00e4rente vertrauliche Daten, Fakten und Informationen an.\",\"breadcrumb\":{\"@id\":\"https:\\\/\\\/www.hidasi.hu\\\/de\\\/anwaltliche-schweigepflicht\\\/#breadcrumb\"},\"inLanguage\":\"de\",\"potentialAction\":[{\"@type\":\"ReadAction\",\"target\":[\"https:\\\/\\\/www.hidasi.hu\\\/de\\\/anwaltliche-schweigepflicht\\\/\"]}]},{\"@type\":\"BreadcrumbList\",\"@id\":\"https:\\\/\\\/www.hidasi.hu\\\/de\\\/anwaltliche-schweigepflicht\\\/#breadcrumb\",\"itemListElement\":[{\"@type\":\"ListItem\",\"position\":1,\"name\":\"Home\",\"item\":\"https:\\\/\\\/www.hidasi.hu\\\/de\\\/\"},{\"@type\":\"ListItem\",\"position\":2,\"name\":\"Die anwaltliche Schweigepflicht\"}]},{\"@type\":\"WebSite\",\"@id\":\"https:\\\/\\\/www.hidasi.hu\\\/de\\\/#website\",\"url\":\"https:\\\/\\\/www.hidasi.hu\\\/de\\\/\",\"name\":\"Dr. Hidasi \u00e9s T\u00e1rsai \u00dcgyv\u00e9di Iroda\",\"description\":\"A mi tud\u00e1sunk az \u00d6n biztons\u00e1ga\",\"publisher\":{\"@id\":\"https:\\\/\\\/www.hidasi.hu\\\/de\\\/#organization\"},\"potentialAction\":[{\"@type\":\"SearchAction\",\"target\":{\"@type\":\"EntryPoint\",\"urlTemplate\":\"https:\\\/\\\/www.hidasi.hu\\\/de\\\/?s={search_term_string}\"},\"query-input\":{\"@type\":\"PropertyValueSpecification\",\"valueRequired\":true,\"valueName\":\"search_term_string\"}}],\"inLanguage\":\"de\"},{\"@type\":\"Organization\",\"@id\":\"https:\\\/\\\/www.hidasi.hu\\\/de\\\/#organization\",\"name\":\"Dr. Hidasi \u00e9s T\u00e1rsai \u00dcgyv\u00e9di Iroda\",\"url\":\"https:\\\/\\\/www.hidasi.hu\\\/de\\\/\",\"logo\":{\"@type\":\"ImageObject\",\"inLanguage\":\"de\",\"@id\":\"https:\\\/\\\/www.hidasi.hu\\\/de\\\/#\\\/schema\\\/logo\\\/image\\\/\",\"url\":\"https:\\\/\\\/www.hidasi.hu\\\/wp-content\\\/uploads\\\/2018\\\/12\\\/logo_hungarian.jpg\",\"contentUrl\":\"https:\\\/\\\/www.hidasi.hu\\\/wp-content\\\/uploads\\\/2018\\\/12\\\/logo_hungarian.jpg\",\"width\":570,\"height\":95,\"caption\":\"Dr. Hidasi \u00e9s T\u00e1rsai \u00dcgyv\u00e9di Iroda\"},\"image\":{\"@id\":\"https:\\\/\\\/www.hidasi.hu\\\/de\\\/#\\\/schema\\\/logo\\\/image\\\/\"}}]}<\/script>\n<!-- \/ Yoast SEO plugin. -->","yoast_head_json":{"title":"Die anwaltliche Schweigepflicht - Dr. Hidasi und Partner Rechtsanw\u00e4lte","description":"Der Mandant betraut den Rechtsanwalt mit einer Sache, er erteilt dem Anwalt einen Auftrag zur Erledigung der Sache. Damit vertraut er ihm unvermeidlich auch der Sache inh\u00e4rente vertrauliche Daten, Fakten und Informationen an.","robots":{"index":"index","follow":"follow","max-snippet":"max-snippet:-1","max-image-preview":"max-image-preview:large","max-video-preview":"max-video-preview:-1"},"canonical":"https:\/\/www.hidasi.hu\/de\/anwaltliche-schweigepflicht\/","og_locale":"de_DE","og_type":"article","og_title":"Die anwaltliche Schweigepflicht - Dr. Hidasi und Partner Rechtsanw\u00e4lte","og_description":"Der Mandant betraut den Rechtsanwalt mit einer Sache, er erteilt dem Anwalt einen Auftrag zur Erledigung der Sache. Damit vertraut er ihm unvermeidlich auch der Sache inh\u00e4rente vertrauliche Daten, Fakten und Informationen an.","og_url":"https:\/\/www.hidasi.hu\/de\/anwaltliche-schweigepflicht\/","og_site_name":"Dr. Hidasi \u00e9s T\u00e1rsai \u00dcgyv\u00e9di Iroda","twitter_card":"summary_large_image","twitter_misc":{"Gesch\u00e4tzte Lesezeit":"5\u00a0Minuten"},"schema":{"@context":"https:\/\/schema.org","@graph":[{"@type":"WebPage","@id":"https:\/\/www.hidasi.hu\/de\/anwaltliche-schweigepflicht\/","url":"https:\/\/www.hidasi.hu\/de\/anwaltliche-schweigepflicht\/","name":"Die anwaltliche Schweigepflicht - Dr. Hidasi und Partner Rechtsanw\u00e4lte","isPartOf":{"@id":"https:\/\/www.hidasi.hu\/de\/#website"},"datePublished":"2018-12-06T10:18:26+00:00","description":"Der Mandant betraut den Rechtsanwalt mit einer Sache, er erteilt dem Anwalt einen Auftrag zur Erledigung der Sache. Damit vertraut er ihm unvermeidlich auch der Sache inh\u00e4rente vertrauliche Daten, Fakten und Informationen an.","breadcrumb":{"@id":"https:\/\/www.hidasi.hu\/de\/anwaltliche-schweigepflicht\/#breadcrumb"},"inLanguage":"de","potentialAction":[{"@type":"ReadAction","target":["https:\/\/www.hidasi.hu\/de\/anwaltliche-schweigepflicht\/"]}]},{"@type":"BreadcrumbList","@id":"https:\/\/www.hidasi.hu\/de\/anwaltliche-schweigepflicht\/#breadcrumb","itemListElement":[{"@type":"ListItem","position":1,"name":"Home","item":"https:\/\/www.hidasi.hu\/de\/"},{"@type":"ListItem","position":2,"name":"Die anwaltliche Schweigepflicht"}]},{"@type":"WebSite","@id":"https:\/\/www.hidasi.hu\/de\/#website","url":"https:\/\/www.hidasi.hu\/de\/","name":"Dr. Hidasi \u00e9s T\u00e1rsai \u00dcgyv\u00e9di Iroda","description":"A mi tud\u00e1sunk az \u00d6n biztons\u00e1ga","publisher":{"@id":"https:\/\/www.hidasi.hu\/de\/#organization"},"potentialAction":[{"@type":"SearchAction","target":{"@type":"EntryPoint","urlTemplate":"https:\/\/www.hidasi.hu\/de\/?s={search_term_string}"},"query-input":{"@type":"PropertyValueSpecification","valueRequired":true,"valueName":"search_term_string"}}],"inLanguage":"de"},{"@type":"Organization","@id":"https:\/\/www.hidasi.hu\/de\/#organization","name":"Dr. Hidasi \u00e9s T\u00e1rsai \u00dcgyv\u00e9di Iroda","url":"https:\/\/www.hidasi.hu\/de\/","logo":{"@type":"ImageObject","inLanguage":"de","@id":"https:\/\/www.hidasi.hu\/de\/#\/schema\/logo\/image\/","url":"https:\/\/www.hidasi.hu\/wp-content\/uploads\/2018\/12\/logo_hungarian.jpg","contentUrl":"https:\/\/www.hidasi.hu\/wp-content\/uploads\/2018\/12\/logo_hungarian.jpg","width":570,"height":95,"caption":"Dr. Hidasi \u00e9s T\u00e1rsai \u00dcgyv\u00e9di Iroda"},"image":{"@id":"https:\/\/www.hidasi.hu\/de\/#\/schema\/logo\/image\/"}}]}},"_links":{"self":[{"href":"https:\/\/www.hidasi.hu\/de\/wp-json\/wp\/v2\/pages\/468","targetHints":{"allow":["GET"]}}],"collection":[{"href":"https:\/\/www.hidasi.hu\/de\/wp-json\/wp\/v2\/pages"}],"about":[{"href":"https:\/\/www.hidasi.hu\/de\/wp-json\/wp\/v2\/types\/page"}],"author":[{"embeddable":true,"href":"https:\/\/www.hidasi.hu\/de\/wp-json\/wp\/v2\/users\/2"}],"replies":[{"embeddable":true,"href":"https:\/\/www.hidasi.hu\/de\/wp-json\/wp\/v2\/comments?post=468"}],"version-history":[{"count":2,"href":"https:\/\/www.hidasi.hu\/de\/wp-json\/wp\/v2\/pages\/468\/revisions"}],"predecessor-version":[{"id":470,"href":"https:\/\/www.hidasi.hu\/de\/wp-json\/wp\/v2\/pages\/468\/revisions\/470"}],"wp:attachment":[{"href":"https:\/\/www.hidasi.hu\/de\/wp-json\/wp\/v2\/media?parent=468"}],"curies":[{"name":"wp","href":"https:\/\/api.w.org\/{rel}","templated":true}]}}