{"id":477,"date":"2018-12-06T10:35:44","date_gmt":"2018-12-06T10:35:44","guid":{"rendered":"https:\/\/www.hidasi.hu\/?page_id=477"},"modified":"2018-12-06T10:35:44","modified_gmt":"2018-12-06T10:35:44","slug":"sicherheit-von-rechtsgeschaeften","status":"publish","type":"page","link":"https:\/\/www.hidasi.hu\/de\/sicherheit-von-rechtsgeschaeften\/","title":{"rendered":"Sicherheit von Rechtsgesch\u00e4ften und deren Beteiligten"},"content":{"rendered":"<p>[et_pb_section bb_built=&#8220;1&#8243; _builder_version=&#8220;3.0.47&#8243;][et_pb_row _builder_version=&#8220;3.17.6&#8243; background_size=&#8220;initial&#8220; background_position=&#8220;top_left&#8220; background_repeat=&#8220;repeat&#8220; custom_margin=&#8220;0px|||&#8220; custom_padding=&#8220;0px|||&#8220;][et_pb_column type=&#8220;3_4&#8243;][et_pb_image src=&#8220;https:\/\/www.hidasi.hu\/wp-content\/uploads\/2018\/12\/logo_german.jpg&#8220; _builder_version=&#8220;3.17.6&#8243; animation_style=&#8220;slide&#8220; animation_direction=&#8220;left&#8220; \/][et_pb_text _builder_version=&#8220;3.17.6&#8243;]<\/p>\n<p>\u00a0<\/p>\n<h1>Sicherheit von Rechtsgesch\u00e4ften und deren Beteiligten<\/h1>\n<p>\u00a0<\/p>\n<p><strong>Das Gesetz Nr. LXIV von 2007 \u00e4nderte im Interesse einer gest\u00e4rkten Sicherheit von Rechtsgesch\u00e4ften mehrere Gesetze. Die auf die Rechtsanw\u00e4lte bezogenen Ver\u00e4nderungen sind seit dem 1. Januar 2008 anzuwenden; seit dem gleichen Zeitpunkt ist auch die Verordnung des Justizministeriums Nr. 54\/2007 (XII.21.) IRM in Kraft, welche die detaillierten Regeln der durch die Anw\u00e4lte im Interesse einer St\u00e4rkung der Sicherheit von Rechtsgesch\u00e4ften vorgenommenen Personenidentit\u00e4ts- und Ausweiskontrollen enth\u00e4lt. Die operative Personenidentit\u00e4ts- und Kontrollt\u00e4tigkeit der Anw\u00e4lte wird auch in der zur Durchf\u00fchrung der oben genannten Rechtsnormen durch die Ungarische Anwaltskammer beschlossenen Ordnung Nr. 2\/2007 (11.19.) geregelt.<\/strong><\/p>\n<p>Der Anwalt gleicht die Daten seines Mandanten mit denen des Personaldokuments, jene des Personaldokuments wiederum mit den Angaben der Zentralregister ab. Darunter verstehen wir die Feststellung der Mandantenidentit\u00e4t.<\/p>\n<p>Die neue Regelung dient dem Ziel, dass der Anwalt vorbeugend darauf einwirken kann, dass niemand mit falschen Dokumenten operierenden Betr\u00fcgern zum Opfer f\u00e4llt, dass Gesch\u00e4fte zur Finanzierung oder Beg\u00fcnstigung des Terrorismus vermieden oder aufgedeckt werden, Geldw\u00e4sche verhindert wird und Anw\u00e4lte auch ungewollt nicht Beteiligte an solchen Gesch\u00e4ften werden.<\/p>\n<p>Den Erwartungen an die neue Regulierung wird nur jener Anwalt gerecht und diese Arbeit darf und kann nur ein Anwalt vornehmen, der \u00fcber die ben\u00f6tigten technischen Ausstattungen und das Recht der sogenannten qualifizierten elektronischen Signatur (Gesetz Nr. XXXV von 2001) verf\u00fcgt.<\/p>\n<p>S\u00e4mtliche Anw\u00e4lte der Anwaltskanzlei Dr. Hidasi und Partner verf\u00fcgen \u00fcber dieses Recht und sind in diesem Sinne uneingeschr\u00e4nkt berechtigt und in der Lage, Dokumente in Verbindung mit Immobiliengesch\u00e4ften und Firmenverfahren zu entwerfen, gegenzuzeichnen, Unterschriftsproben zu beglaubigen und Aufgaben der Hinterlegungsverwaltung wahrzunehmen.<\/p>\n<p>Die strengere Auslegung der Pflichten zur Personenidentit\u00e4t und die ausgeweiteten M\u00f6glichkeiten der Identifizierung (und Kontrolle) von Dokumenten kommen in jenen Rechtsgesch\u00e4ften zur Geltung, in denen ein Anwalt Dokumente verfasst bzw. gegenzeichnet bzw. Geldmittel oder andere Wertgegenst\u00e4nde in Verwahrung nimmt und verwaltet. Dabei handelt es sich charakteristisch um Gesch\u00e4fte, deren Gegenstand Eigentums- und Nie\u00dfbrauchsrechte sowie Nutzungsrechte an Immobilien, Grunddienstbarkeiten, Kauf- und Grundpfandrechte in Bezug auf Immobilien, Firmengr\u00fcndungen und \u00c4nderungen von Firmendaten, die Beglaubigung von Unterschriftenproben, Kauf und Verkauf von Verm\u00f6gensanteilen (Beteiligungen) an Wirtschaftsgesellschaften oder sonstigen Wirtschaftsorganisationen sind.<\/p>\n<p style=\"text-align: center;\"><strong>Die Personenidentit\u00e4t<\/strong><\/p>\n<p>Der Anwalt stellt die Personenidentit\u00e4t des Mandanten und dessen Wohnanschrift auf der Grundlage des durch den Mandanten \u00fcbergebenen Personaldokuments und des amtlichen Ausweises zum Nachweis des Wohnortes fest. Als f\u00fcr die Personenidentit\u00e4t geeignete Ausweise k\u00f6nnen auch ein g\u00fcltiger Reisepass oder eine Fahrerlaubnis in Kartenform Anwendung finden. Bei Personen, die j\u00fcnger als 14 Jahre sind, dient als Dokument zur Personenidentit\u00e4t der die Personenidentit\u00e4tsnummer und Wohnanschrift enthaltende amtliche Ausweis. Andere Ausweise bzw. provisorisch ausgestellte Ausweise sind in den oben genannten Rechtsgesch\u00e4ften nicht zum Zweck der Feststellung der Personenidentit\u00e4t geeignet. F\u00fcr die Identit\u00e4t einer Wirtschaftsorganisation wird der Eintragungsvermerk des Handelsgerichts, der nicht \u00e4lter als 30 Tage ist, oder der Antrag auf Eintragung ins Handelsregister ben\u00f6tigt. Die in Vertretung der Wirtschaftsorganisation oder in deren Auftrag vorzugehen berechtigte Person ist auf der Grundlage amtlicher Ausweise zur Best\u00e4tigung ihrer Personenidentit\u00e4t und ihres Wohnsitzes zu identifizieren. Bei einer ausl\u00e4ndischen juristischen Person oder einer Organisation ohne Rechtspers\u00f6nlichkeit muss glaubhaft nachgewiesen werden, dass deren Eintragung oder Aufnahme in das Firmenregister nach dem Recht des eigenen Landes der Person erfolgt ist. Auch f\u00fcr den Fall einer ausl\u00e4ndischen juristischen Person trifft zu, dass die in ihrer Vertretung und ihrem Namen vorgehende Person auf der Grundlage amtlicher Ausweise zur Best\u00e4tigung ihrer Personenidentit\u00e4t und ihres Wohnsitzes zu identifizieren ist.<\/p>\n<p>Der Anwalt ist verpflichtet, vom Mandanten eine schriftliche Zustimmung einzuholen, dass er eine Kopie der Dokumente zur Personenidentit\u00e4t anfertigen darf. Hat er die Zustimmung zum Kopieren erhalten, fertigt er \u00fcber die vorgelegten Ausweise eine Kopie an und legt diese Kopie zusammen mit der Zustimmungserkl\u00e4rung unter den Akten ab. Gibt der Mandant seine Zustimmung nicht, h\u00e4lt der Anwalt die Angaben ohne Erstellung einer Kopie, auf eine zur Kontrolle geeignete andere Art und Weise fest. Auch die ablehnende Erkl\u00e4rung des Mandanten ist in schriftlicher Form festzuhalten und unter den Akten abzulegen.<\/p>\n<p>Der Anwalt identifiziert in den oben genannten Gesch\u00e4ften nicht nur seinen eigenen Mandatsgeber, sondern auch jene Partei, die ein weiterer Teilnehmer an dem Gesch\u00e4ft ist. Aus dem Gesichtspunkt der Identifizierung ist somit als Mandant jeder einzelne Teilnehmer an dem Rechtsgesch\u00e4ft sowie dessen bevollm\u00e4chtigter, gesetzlicher Vertreter und\/oder der Vertreter der Organisation zu verstehen.<\/p>\n<p>Der Anwalt hat im Zuge der oben beschriebenen Gesch\u00e4fte jederzeit die Personenidentit\u00e4t vorzunehmen, was nicht bedeutet, dass der Anwalt die Personenidentit\u00e4t nur in diesen F\u00e4llen vornimmt. Er nimmt diese auch bei auf andere T\u00e4tigkeiten gerichteten Mandaten vor, denn schlie\u00dflich muss er sich davon \u00fcberzeugen, wer sein Mandatsgeber ist, wer ihm Vollmachten ausstellt, wobei er jedoch in jenen F\u00e4llen von den jetzt in Kraft getretenen, strengen Vorschriften abweichen darf, indem er auch andere Dokumente zur Feststellung der Personenidentit\u00e4t verwenden darf und es auch nicht unbedingt notwendig ist, s\u00e4mtliche durch das Mandat ber\u00fchrten Personen zu identifizieren.<\/p>\n<p style=\"text-align: center;\"><strong>Dokumentenkontrolle<\/strong><\/p>\n<p>Die Dokumentenkontrolle h\u00e4ngt von der Einsch\u00e4tzung des Anwalts ab und ist nur dann vorzunehmen, wenn der Mandant dem zugestimmt hat. Die Dokumentenkontrolle ist auch ohne vorliegende Zustimmung vorzunehmen, wenn der Anwalt im Zuge der Feststellung der Personenidentit\u00e4t ungewohnte Umst\u00e4nde bemerkt und\/oder Zweifel an der Echtheit bzw. Korrektheit der fr\u00fcher erhaltenen Daten der Identit\u00e4t des Mandanten aufkommen. Im Falle der Anwendung des Gesetzes Nr. LXXXIII von 2001 \u00fcber den Kampf gegen den Terrorismus, die strengere Auslegung der Bestimmungen zur Verhinderung von Geldw\u00e4sche sowie die Anordnung einzelner einschr\u00e4nkender Ma\u00dfnahmen ist die Durchf\u00fchrung der Dokumentenkontrolle verbindlich und kann nicht von der Zustimmung des Mandanten abh\u00e4ngig gemacht werden.<\/p>\n<p>Unter dem Mandanten ist auch im Zuge der Dokumentenkontrolle jener Personenkreis zu verstehen, auf den sich die Pflicht des Anwalts zur Feststellung der Personenidentit\u00e4t erstreckt.<\/p>\n<p>Der Anwalt hat den Mandanten im Vorfeld \u00fcber den Zweck, die Art und Weise sowie den Inhalt der Kontrolle, die Ordnung und den Zeitraum der Verwaltung der im Zuge der Kontrolle offen gelegten Angaben sowie dar\u00fcber zu informieren, in welchen F\u00e4llen er die Zusammenarbeit verweigern kann bzw. verpflichtet ist, Anzeige bei der Polizei zu erstatten.<\/p>\n<p>Die Kontrolle erfolgt in der Weise, dass der Anwalt auf elektronischem Wege die Zentralbeh\u00f6rde f\u00fcr Verwaltungsfragen und elektronische Verwaltungsleistungen aufsucht und die nachstehend aufgef\u00fchrten Angaben aus dem Zentralregister abfragt. Dann stimmt er die in den die Personenidentit\u00e4t und die Wohnanschrift des Mandanten belegenden Dokumenten befindlichen Daten mit diesen Angaben ab.<\/p>\n<p>Der Datenabgleich kann im Falle der oben genannten Rechtsgesch\u00e4fte auch dann vorgenommen werden, wenn dem der Mandant nicht zugestimmt hat. In Ermangelung einer Zustimmung sind die folgenden Angaben in den amtlichen Dokumenten \u00fcber die Personenidentit\u00e4t und die Wohnanschrift zu kontrollieren:<\/p>\n<p>&#8211; der Umstand der Ausgabe, G\u00fcltigkeit, des Verlustes, des Diebstahls, der Vernichtung, des Findens und Wiederauffindens des amtlichen Ausweises \u00fcber die Personenidentit\u00e4t und den Wohnsitz,<br \/>&#8211; die Angaben zu dem Verlust, der Entwendung, Vernichtung, dem Auffinden, Tausch, der R\u00fcckgabe, Abgabe und Wegnahme des Reisedokuments sowie die Angaben in Verbindung mit der Anbringung eines Warnhinweises bzw. die G\u00fcltigkeitsdauer des Reisedokuments,<br \/>&#8211; die Angaben hinsichtlich des Typs der Fahrerlaubnis, des Dokumentenidentifikationszeichens, seiner Ausgabe, G\u00fcltigkeit (Zeitdauer, Kategorie), des Tausches und der Einziehung sowie die Daten in Bezug auf den Verlust, die Entfremdung, Vernichtung, das Finden und Wiederauffinden sowie die Anbringung eines Warnhinweises,<br \/>&#8211; die Registrierung bzw. die Nummer, der Typ, die G\u00fcltigkeit und die Zeitdauer der Verl\u00e4ngerung des das Aufenthaltsrecht bescheinigenden Dokuments,<br \/>&#8211; Typ und Nummer des durch EWR-B\u00fcrger und deren Familienangeh\u00f6rige als verloren gemeldeten Reisedokuments bzw. Dokuments der Personenidentit\u00e4t sowie Zeitpunkt der Anmeldung,<br \/>&#8211; die Nummer des ausgegebenen (verl\u00e4ngerten) Visums und seine G\u00fcltigkeitsdauer sowie die Angaben hinsichtlich der territorialen G\u00fcltigkeit,<br \/>&#8211; die Nummer der ausgegebenen (verl\u00e4ngerten) Aufenthaltsgenehmigung, ihre Seriennummer und G\u00fcltigkeitsdauer,<br \/>&#8211; Typ und Identifikationsdaten des durch B\u00fcrger von Drittstaaten als verloren bzw. entfremdet oder vernichtet gemeldeten Reisedokuments sowie Zeitpunkt der Anmeldung.<\/p>\n<p>Im Falle einer Zustimmung k\u00f6nnen abgesehen von den oben genannten noch folgende Angaben \u00fcberpr\u00fcft werden:<\/p>\n<p>&#8211; Nat\u00fcrliche Angaben zur Personenidentit\u00e4t,<br \/>&#8211; Staatsb\u00fcrgerschaft, Staatenlosigkeit; Rechtsstellung als Fl\u00fcchtling, Einwanderer, niedergelassene Person bzw. EWR-B\u00fcrger,<br \/>&#8211; Wohnanschrift,<br \/>&#8211; Portraitfoto,<br \/>&#8211; Unterschrift,<br \/>&#8211; Name der juristischen Person oder der Organisation ohne juristische Pers\u00f6nlichkeit, Kurzname, Sitz der Gesellschaft bzw. im Falle eines Unternehmens mit Sitz im Ausland ungarischer Filialsitz, Nummer im Handelsregister oder sonstige Registraturnummern.<\/p>\n<p>Der Anwalt ist verpflichtet, die erhaltenen Antworten auszudrucken und in schriftlicher Form 8 Jahre lang aufzubewahren. Eine Datenabfrage ist geb\u00fchrenpflichtig.<\/p>\n<p style=\"text-align: center;\"><strong>Verweigerung der Zusammenarbeit durch den Anwalt<\/strong><\/p>\n<p>Der Anwalt ist verpflichtet, das Mitwirken am Erstellen eines Dokuments in nachfolgenden F\u00e4llen zu verweigern:<\/p>\n<p>&#8211; nach seinem Kenntnisstand dient das Dokument rechtsverletzenden Zwecken oder der Umgehung von Rechtsvorschriften,<br \/>&#8211; die Partei erbringt keine Angaben zur Feststellung ihrer Personenidentit\u00e4t,<br \/>&#8211; die Partei kann keinen g\u00fcltigen Ausweis vorlegen oder<br \/>&#8211; er stellt w\u00e4hrend der Kontrolle fest, dass der Verlust, Diebstahl oder die Vernichtung des Ausweises angemeldet wurde und der Umstand seiner Auffindung nicht registriert ist,<br \/>&#8211; es ergeben sich auf Geldw\u00e4sche oder die Finanzierung des Terrorismus hinweisende Angaben, Fakten oder Umst\u00e4nde, bzw.<br \/>&#8211; er nimmt andere beunruhigende Umst\u00e4nde wahr. Beim Erstellen von Dokumenten ist als beunruhigender Umstand anzusehen, wenn die Partei keine Zustimmung zur Kontrolle der G\u00fcltigkeit des f\u00fcr die Feststellung der Personenidentit\u00e4t dienenden Dokuments gibt.<\/p>\n<p>[\/et_pb_text][\/et_pb_column][et_pb_column type=&#8220;1_4&#8243;][et_pb_sidebar area=&#8220;et_pb_widget_area_1&#8243; _builder_version=&#8220;3.17.6&#8243; orientation=&#8220;right&#8220; text_orientation=&#8220;center&#8220; \/][\/et_pb_column][\/et_pb_row][\/et_pb_section]<\/p>\n","protected":false},"excerpt":{"rendered":"<p>\u00a0Sicherheit von Rechtsgesch\u00e4ften und deren Beteiligten\u00a0Das Gesetz Nr. LXIV von 2007 \u00e4nderte im Interesse einer gest\u00e4rkten Sicherheit von Rechtsgesch\u00e4ften mehrere Gesetze. Die auf die Rechtsanw\u00e4lte bezogenen Ver\u00e4nderungen sind seit dem 1. Januar 2008 anzuwenden; seit dem gleichen Zeitpunkt ist auch die Verordnung des Justizministeriums Nr. 54\/2007 (XII.21.) IRM in Kraft, welche die detaillierten Regeln der [&hellip;]<\/p>\n","protected":false},"author":2,"featured_media":0,"parent":0,"menu_order":0,"comment_status":"closed","ping_status":"closed","template":"","meta":{"_et_pb_use_builder":"on","_et_pb_old_content":"","_et_gb_content_width":"","iawp_total_views":98,"footnotes":""},"class_list":["post-477","page","type-page","status-publish","hentry"],"yoast_head":"<!-- This site is optimized with the Yoast SEO plugin v27.6 - https:\/\/yoast.com\/product\/yoast-seo-wordpress\/ -->\n<title>Sicherheit von Rechtsgesch\u00e4ften und deren Beteiligten - Dr. Hidasi und Partner Rechtsanw\u00e4lte<\/title>\n<meta name=\"description\" content=\"as Gesetz Nr. LXIV von 2007 \u00e4nderte im Interesse einer gest\u00e4rkten Sicherheit von Rechtsgesch\u00e4ften mehrere Gesetze. Die auf die Rechtsanw\u00e4lte bezogenen Ver\u00e4nderungen sind seit dem 1. Januar 2008 anzuwenden; seit dem gleichen Zeitpunkt ist auch die Verordnung des Justizministeriums Nr. 54\/2007 (XII.21.)\" \/>\n<meta name=\"robots\" content=\"index, follow, max-snippet:-1, max-image-preview:large, max-video-preview:-1\" \/>\n<link rel=\"canonical\" href=\"https:\/\/www.hidasi.hu\/de\/sicherheit-von-rechtsgeschaeften\/\" \/>\n<meta property=\"og:locale\" content=\"de_DE\" \/>\n<meta property=\"og:type\" content=\"article\" \/>\n<meta property=\"og:title\" content=\"Sicherheit von Rechtsgesch\u00e4ften und deren Beteiligten - Dr. Hidasi und Partner Rechtsanw\u00e4lte\" \/>\n<meta property=\"og:description\" content=\"as Gesetz Nr. LXIV von 2007 \u00e4nderte im Interesse einer gest\u00e4rkten Sicherheit von Rechtsgesch\u00e4ften mehrere Gesetze. Die auf die Rechtsanw\u00e4lte bezogenen Ver\u00e4nderungen sind seit dem 1. Januar 2008 anzuwenden; seit dem gleichen Zeitpunkt ist auch die Verordnung des Justizministeriums Nr. 54\/2007 (XII.21.)\" \/>\n<meta property=\"og:url\" content=\"https:\/\/www.hidasi.hu\/de\/sicherheit-von-rechtsgeschaeften\/\" \/>\n<meta property=\"og:site_name\" content=\"Dr. Hidasi \u00e9s T\u00e1rsai \u00dcgyv\u00e9di Iroda\" \/>\n<meta name=\"twitter:card\" content=\"summary_large_image\" \/>\n<meta name=\"twitter:label1\" content=\"Gesch\u00e4tzte Lesezeit\" \/>\n\t<meta name=\"twitter:data1\" content=\"8\u00a0Minuten\" \/>\n<script type=\"application\/ld+json\" class=\"yoast-schema-graph\">{\"@context\":\"https:\\\/\\\/schema.org\",\"@graph\":[{\"@type\":\"WebPage\",\"@id\":\"https:\\\/\\\/www.hidasi.hu\\\/de\\\/sicherheit-von-rechtsgeschaeften\\\/\",\"url\":\"https:\\\/\\\/www.hidasi.hu\\\/de\\\/sicherheit-von-rechtsgeschaeften\\\/\",\"name\":\"Sicherheit von Rechtsgesch\u00e4ften und deren Beteiligten - Dr. Hidasi und Partner Rechtsanw\u00e4lte\",\"isPartOf\":{\"@id\":\"https:\\\/\\\/www.hidasi.hu\\\/de\\\/#website\"},\"datePublished\":\"2018-12-06T10:35:44+00:00\",\"description\":\"as Gesetz Nr. LXIV von 2007 \u00e4nderte im Interesse einer gest\u00e4rkten Sicherheit von Rechtsgesch\u00e4ften mehrere Gesetze. Die auf die Rechtsanw\u00e4lte bezogenen Ver\u00e4nderungen sind seit dem 1. Januar 2008 anzuwenden; seit dem gleichen Zeitpunkt ist auch die Verordnung des Justizministeriums Nr. 54\\\/2007 (XII.21.)\",\"breadcrumb\":{\"@id\":\"https:\\\/\\\/www.hidasi.hu\\\/de\\\/sicherheit-von-rechtsgeschaeften\\\/#breadcrumb\"},\"inLanguage\":\"de\",\"potentialAction\":[{\"@type\":\"ReadAction\",\"target\":[\"https:\\\/\\\/www.hidasi.hu\\\/de\\\/sicherheit-von-rechtsgeschaeften\\\/\"]}]},{\"@type\":\"BreadcrumbList\",\"@id\":\"https:\\\/\\\/www.hidasi.hu\\\/de\\\/sicherheit-von-rechtsgeschaeften\\\/#breadcrumb\",\"itemListElement\":[{\"@type\":\"ListItem\",\"position\":1,\"name\":\"Home\",\"item\":\"https:\\\/\\\/www.hidasi.hu\\\/de\\\/\"},{\"@type\":\"ListItem\",\"position\":2,\"name\":\"Sicherheit von Rechtsgesch\u00e4ften und deren Beteiligten\"}]},{\"@type\":\"WebSite\",\"@id\":\"https:\\\/\\\/www.hidasi.hu\\\/de\\\/#website\",\"url\":\"https:\\\/\\\/www.hidasi.hu\\\/de\\\/\",\"name\":\"Dr. Hidasi \u00e9s T\u00e1rsai \u00dcgyv\u00e9di Iroda\",\"description\":\"A mi tud\u00e1sunk az \u00d6n biztons\u00e1ga\",\"publisher\":{\"@id\":\"https:\\\/\\\/www.hidasi.hu\\\/de\\\/#organization\"},\"potentialAction\":[{\"@type\":\"SearchAction\",\"target\":{\"@type\":\"EntryPoint\",\"urlTemplate\":\"https:\\\/\\\/www.hidasi.hu\\\/de\\\/?s={search_term_string}\"},\"query-input\":{\"@type\":\"PropertyValueSpecification\",\"valueRequired\":true,\"valueName\":\"search_term_string\"}}],\"inLanguage\":\"de\"},{\"@type\":\"Organization\",\"@id\":\"https:\\\/\\\/www.hidasi.hu\\\/de\\\/#organization\",\"name\":\"Dr. Hidasi \u00e9s T\u00e1rsai \u00dcgyv\u00e9di Iroda\",\"url\":\"https:\\\/\\\/www.hidasi.hu\\\/de\\\/\",\"logo\":{\"@type\":\"ImageObject\",\"inLanguage\":\"de\",\"@id\":\"https:\\\/\\\/www.hidasi.hu\\\/de\\\/#\\\/schema\\\/logo\\\/image\\\/\",\"url\":\"https:\\\/\\\/www.hidasi.hu\\\/wp-content\\\/uploads\\\/2018\\\/12\\\/logo_hungarian.jpg\",\"contentUrl\":\"https:\\\/\\\/www.hidasi.hu\\\/wp-content\\\/uploads\\\/2018\\\/12\\\/logo_hungarian.jpg\",\"width\":570,\"height\":95,\"caption\":\"Dr. Hidasi \u00e9s T\u00e1rsai \u00dcgyv\u00e9di Iroda\"},\"image\":{\"@id\":\"https:\\\/\\\/www.hidasi.hu\\\/de\\\/#\\\/schema\\\/logo\\\/image\\\/\"}}]}<\/script>\n<!-- \/ Yoast SEO plugin. -->","yoast_head_json":{"title":"Sicherheit von Rechtsgesch\u00e4ften und deren Beteiligten - Dr. Hidasi und Partner Rechtsanw\u00e4lte","description":"as Gesetz Nr. LXIV von 2007 \u00e4nderte im Interesse einer gest\u00e4rkten Sicherheit von Rechtsgesch\u00e4ften mehrere Gesetze. Die auf die Rechtsanw\u00e4lte bezogenen Ver\u00e4nderungen sind seit dem 1. Januar 2008 anzuwenden; seit dem gleichen Zeitpunkt ist auch die Verordnung des Justizministeriums Nr. 54\/2007 (XII.21.)","robots":{"index":"index","follow":"follow","max-snippet":"max-snippet:-1","max-image-preview":"max-image-preview:large","max-video-preview":"max-video-preview:-1"},"canonical":"https:\/\/www.hidasi.hu\/de\/sicherheit-von-rechtsgeschaeften\/","og_locale":"de_DE","og_type":"article","og_title":"Sicherheit von Rechtsgesch\u00e4ften und deren Beteiligten - Dr. Hidasi und Partner Rechtsanw\u00e4lte","og_description":"as Gesetz Nr. LXIV von 2007 \u00e4nderte im Interesse einer gest\u00e4rkten Sicherheit von Rechtsgesch\u00e4ften mehrere Gesetze. Die auf die Rechtsanw\u00e4lte bezogenen Ver\u00e4nderungen sind seit dem 1. Januar 2008 anzuwenden; seit dem gleichen Zeitpunkt ist auch die Verordnung des Justizministeriums Nr. 54\/2007 (XII.21.)","og_url":"https:\/\/www.hidasi.hu\/de\/sicherheit-von-rechtsgeschaeften\/","og_site_name":"Dr. Hidasi \u00e9s T\u00e1rsai \u00dcgyv\u00e9di Iroda","twitter_card":"summary_large_image","twitter_misc":{"Gesch\u00e4tzte Lesezeit":"8\u00a0Minuten"},"schema":{"@context":"https:\/\/schema.org","@graph":[{"@type":"WebPage","@id":"https:\/\/www.hidasi.hu\/de\/sicherheit-von-rechtsgeschaeften\/","url":"https:\/\/www.hidasi.hu\/de\/sicherheit-von-rechtsgeschaeften\/","name":"Sicherheit von Rechtsgesch\u00e4ften und deren Beteiligten - Dr. Hidasi und Partner Rechtsanw\u00e4lte","isPartOf":{"@id":"https:\/\/www.hidasi.hu\/de\/#website"},"datePublished":"2018-12-06T10:35:44+00:00","description":"as Gesetz Nr. LXIV von 2007 \u00e4nderte im Interesse einer gest\u00e4rkten Sicherheit von Rechtsgesch\u00e4ften mehrere Gesetze. Die auf die Rechtsanw\u00e4lte bezogenen Ver\u00e4nderungen sind seit dem 1. Januar 2008 anzuwenden; seit dem gleichen Zeitpunkt ist auch die Verordnung des Justizministeriums Nr. 54\/2007 (XII.21.)","breadcrumb":{"@id":"https:\/\/www.hidasi.hu\/de\/sicherheit-von-rechtsgeschaeften\/#breadcrumb"},"inLanguage":"de","potentialAction":[{"@type":"ReadAction","target":["https:\/\/www.hidasi.hu\/de\/sicherheit-von-rechtsgeschaeften\/"]}]},{"@type":"BreadcrumbList","@id":"https:\/\/www.hidasi.hu\/de\/sicherheit-von-rechtsgeschaeften\/#breadcrumb","itemListElement":[{"@type":"ListItem","position":1,"name":"Home","item":"https:\/\/www.hidasi.hu\/de\/"},{"@type":"ListItem","position":2,"name":"Sicherheit von Rechtsgesch\u00e4ften und deren Beteiligten"}]},{"@type":"WebSite","@id":"https:\/\/www.hidasi.hu\/de\/#website","url":"https:\/\/www.hidasi.hu\/de\/","name":"Dr. Hidasi \u00e9s T\u00e1rsai \u00dcgyv\u00e9di Iroda","description":"A mi tud\u00e1sunk az \u00d6n biztons\u00e1ga","publisher":{"@id":"https:\/\/www.hidasi.hu\/de\/#organization"},"potentialAction":[{"@type":"SearchAction","target":{"@type":"EntryPoint","urlTemplate":"https:\/\/www.hidasi.hu\/de\/?s={search_term_string}"},"query-input":{"@type":"PropertyValueSpecification","valueRequired":true,"valueName":"search_term_string"}}],"inLanguage":"de"},{"@type":"Organization","@id":"https:\/\/www.hidasi.hu\/de\/#organization","name":"Dr. Hidasi \u00e9s T\u00e1rsai \u00dcgyv\u00e9di Iroda","url":"https:\/\/www.hidasi.hu\/de\/","logo":{"@type":"ImageObject","inLanguage":"de","@id":"https:\/\/www.hidasi.hu\/de\/#\/schema\/logo\/image\/","url":"https:\/\/www.hidasi.hu\/wp-content\/uploads\/2018\/12\/logo_hungarian.jpg","contentUrl":"https:\/\/www.hidasi.hu\/wp-content\/uploads\/2018\/12\/logo_hungarian.jpg","width":570,"height":95,"caption":"Dr. Hidasi \u00e9s T\u00e1rsai \u00dcgyv\u00e9di Iroda"},"image":{"@id":"https:\/\/www.hidasi.hu\/de\/#\/schema\/logo\/image\/"}}]}},"_links":{"self":[{"href":"https:\/\/www.hidasi.hu\/de\/wp-json\/wp\/v2\/pages\/477","targetHints":{"allow":["GET"]}}],"collection":[{"href":"https:\/\/www.hidasi.hu\/de\/wp-json\/wp\/v2\/pages"}],"about":[{"href":"https:\/\/www.hidasi.hu\/de\/wp-json\/wp\/v2\/types\/page"}],"author":[{"embeddable":true,"href":"https:\/\/www.hidasi.hu\/de\/wp-json\/wp\/v2\/users\/2"}],"replies":[{"embeddable":true,"href":"https:\/\/www.hidasi.hu\/de\/wp-json\/wp\/v2\/comments?post=477"}],"version-history":[{"count":2,"href":"https:\/\/www.hidasi.hu\/de\/wp-json\/wp\/v2\/pages\/477\/revisions"}],"predecessor-version":[{"id":479,"href":"https:\/\/www.hidasi.hu\/de\/wp-json\/wp\/v2\/pages\/477\/revisions\/479"}],"wp:attachment":[{"href":"https:\/\/www.hidasi.hu\/de\/wp-json\/wp\/v2\/media?parent=477"}],"curies":[{"name":"wp","href":"https:\/\/api.w.org\/{rel}","templated":true}]}}