{"id":491,"date":"2018-12-06T11:43:42","date_gmt":"2018-12-06T11:43:42","guid":{"rendered":"https:\/\/www.hidasi.hu\/?page_id=491"},"modified":"2020-02-21T09:05:42","modified_gmt":"2020-02-21T09:05:42","slug":"impressum","status":"publish","type":"page","link":"https:\/\/www.hidasi.hu\/de\/impressum\/","title":{"rendered":"Impressum"},"content":{"rendered":"<p>[et_pb_section fb_built=&#8220;1&#8243; _builder_version=&#8220;3.22&#8243;][et_pb_row column_structure=&#8220;3_4,1_4&#8243; _builder_version=&#8220;3.25&#8243; background_size=&#8220;initial&#8220; background_position=&#8220;top_left&#8220; background_repeat=&#8220;repeat&#8220; custom_margin=&#8220;0px|||&#8220; custom_padding=&#8220;0px|||&#8220;][et_pb_column type=&#8220;3_4&#8243; _builder_version=&#8220;3.25&#8243; custom_padding=&#8220;|||&#8220; custom_padding__hover=&#8220;|||&#8220;][et_pb_image src=&#8220;https:\/\/www.hidasi.hu\/wp-content\/uploads\/2018\/12\/logo_german.jpg&#8220; align_tablet=&#8220;center&#8220; align_phone=&#8220;&#8220; align_last_edited=&#8220;on|desktop&#8220; _builder_version=&#8220;3.23&#8243; animation_style=&#8220;slide&#8220; animation_direction=&#8220;left&#8220;][\/et_pb_image][et_pb_text _builder_version=&#8220;4.3.2&#8243;]<\/p>\n<p>&nbsp;<\/p>\n<h1>Impressum<\/h1>\n<p>&nbsp;<\/p>\n<p>Diese Webseite wird von der bei der Rechtsanwaltskammer Budapest eingetragenen Rechtsanwaltskanzlei Dr. Hidasi und Partner nach den auf die Rechtsanw\u00e4lte geltenden Rechtvorschriften und sonstigen Regelungen aufrechterhalten.<\/p>\n<p>Die Daten der Rechtsanwaltskanzlei :<br \/><strong>Name:<\/strong> Dr. Hidasi und Partner Rechtsanwaltskanzlei<br \/><strong>Register-Nummer:<\/strong> I-1339\/1998<br \/><strong>Leiter der Rechtsanwaltskanzlei:<\/strong> RA. Dr. G\u00e1bor Hidasi<br \/><strong>Adresse:<\/strong> N\u00e9metv\u00f6lgyi str. 62., H-1124 Budapest<br \/><strong>Fax.:<\/strong> (+361) 269-3581<br \/><strong>Bankverbindung:<\/strong> OTP Bank Nyrt., 11712073-20000985-00000000<br \/><strong>E-mail:<\/strong> info@hidasi.hu<br \/><strong>Internet:<\/strong> https:\/\/www.hidasi.hu<br \/><strong>Steuernummer:<\/strong> 28180012-2-43<br \/><strong>EU UST-ID-Nr<\/strong>.: HU 28180012<\/p>\n<p>Die f\u00fcr die Rechtsanw\u00e4lte geltenden Rechtvorschriften und sonstigen Regelungen samt Informationen \u00fcber Mandantenrechte werden auf der Webseite der Ungarischen Rechtsanwaltskammer ver\u00f6ffentlicht.<\/p>\n<p>[\/et_pb_text][\/et_pb_column][et_pb_column type=&#8220;1_4&#8243; _builder_version=&#8220;3.25&#8243; custom_padding=&#8220;|||&#8220; custom_padding__hover=&#8220;|||&#8220;][et_pb_sidebar orientation=&#8220;right&#8220; area=&#8220;et_pb_widget_area_1&#8243; _builder_version=&#8220;3.17.6&#8243; text_orientation=&#8220;center&#8220;][\/et_pb_sidebar][\/et_pb_column][\/et_pb_row][\/et_pb_section]<\/p>\n","protected":false},"excerpt":{"rendered":"<p>&nbsp; Impressum &nbsp; Diese Webseite wird von der bei der Rechtsanwaltskammer Budapest eingetragenen Rechtsanwaltskanzlei Dr. Hidasi und Partner nach den auf die Rechtsanw\u00e4lte geltenden Rechtvorschriften und sonstigen Regelungen aufrechterhalten. Die Daten der Rechtsanwaltskanzlei :Name: Dr. Hidasi und Partner RechtsanwaltskanzleiRegister-Nummer: I-1339\/1998Leiter der Rechtsanwaltskanzlei: RA. Dr. G\u00e1bor HidasiAdresse: N\u00e9metv\u00f6lgyi str. 62., H-1124 BudapestFax.: (+361) 269-3581Bankverbindung: OTP Bank [&hellip;]<\/p>\n","protected":false},"author":2,"featured_media":0,"parent":0,"menu_order":0,"comment_status":"closed","ping_status":"closed","template":"","meta":{"_et_pb_use_builder":"on","_et_pb_old_content":"","_et_gb_content_width":"","iawp_total_views":102,"footnotes":""},"class_list":["post-491","page","type-page","status-publish","hentry"],"yoast_head":"<!-- This site is optimized with the Yoast SEO plugin v27.5 - https:\/\/yoast.com\/product\/yoast-seo-wordpress\/ -->\n<title>Impressum - Dr. Hidasi und Partner Rechtsanw\u00e4lte<\/title>\n<meta name=\"description\" content=\"Diese Webseite wird von der bei der Rechtsanwaltskammer Budapest eingetragenen Rechtsanwaltskanzlei Dr. Hidasi und Partner nach den auf die Rechtsanw\u00e4lte geltenden Rechtvorschriften und sonstigen Regelungen aufrechterhalten.\" \/>\n<meta name=\"robots\" content=\"index, follow, max-snippet:-1, max-image-preview:large, max-video-preview:-1\" \/>\n<link rel=\"canonical\" href=\"https:\/\/www.hidasi.hu\/de\/impressum\/\" \/>\n<meta property=\"og:locale\" content=\"de_DE\" \/>\n<meta property=\"og:type\" content=\"article\" \/>\n<meta property=\"og:title\" content=\"Impressum - Dr. Hidasi und Partner Rechtsanw\u00e4lte\" \/>\n<meta property=\"og:description\" content=\"Diese Webseite wird von der bei der Rechtsanwaltskammer Budapest eingetragenen Rechtsanwaltskanzlei Dr. Hidasi und Partner nach den auf die Rechtsanw\u00e4lte geltenden Rechtvorschriften und sonstigen Regelungen aufrechterhalten.\" \/>\n<meta property=\"og:url\" content=\"https:\/\/www.hidasi.hu\/de\/impressum\/\" \/>\n<meta property=\"og:site_name\" content=\"Dr. Hidasi \u00e9s T\u00e1rsai \u00dcgyv\u00e9di Iroda\" \/>\n<meta property=\"article:modified_time\" content=\"2020-02-21T09:05:42+00:00\" \/>\n<meta name=\"twitter:card\" content=\"summary_large_image\" \/>\n<meta name=\"twitter:label1\" content=\"Gesch\u00e4tzte Lesezeit\" \/>\n\t<meta name=\"twitter:data1\" content=\"1\u00a0Minute\" \/>\n<script type=\"application\/ld+json\" class=\"yoast-schema-graph\">{\"@context\":\"https:\\\/\\\/schema.org\",\"@graph\":[{\"@type\":\"WebPage\",\"@id\":\"https:\\\/\\\/www.hidasi.hu\\\/de\\\/impressum\\\/\",\"url\":\"https:\\\/\\\/www.hidasi.hu\\\/de\\\/impressum\\\/\",\"name\":\"Impressum - Dr. Hidasi und Partner Rechtsanw\u00e4lte\",\"isPartOf\":{\"@id\":\"https:\\\/\\\/www.hidasi.hu\\\/de\\\/#website\"},\"datePublished\":\"2018-12-06T11:43:42+00:00\",\"dateModified\":\"2020-02-21T09:05:42+00:00\",\"description\":\"Diese Webseite wird von der bei der Rechtsanwaltskammer Budapest eingetragenen Rechtsanwaltskanzlei Dr. Hidasi und Partner nach den auf die Rechtsanw\u00e4lte geltenden Rechtvorschriften und sonstigen Regelungen aufrechterhalten.\",\"breadcrumb\":{\"@id\":\"https:\\\/\\\/www.hidasi.hu\\\/de\\\/impressum\\\/#breadcrumb\"},\"inLanguage\":\"de\",\"potentialAction\":[{\"@type\":\"ReadAction\",\"target\":[\"https:\\\/\\\/www.hidasi.hu\\\/de\\\/impressum\\\/\"]}]},{\"@type\":\"BreadcrumbList\",\"@id\":\"https:\\\/\\\/www.hidasi.hu\\\/de\\\/impressum\\\/#breadcrumb\",\"itemListElement\":[{\"@type\":\"ListItem\",\"position\":1,\"name\":\"Home\",\"item\":\"https:\\\/\\\/www.hidasi.hu\\\/de\\\/\"},{\"@type\":\"ListItem\",\"position\":2,\"name\":\"Impressum\"}]},{\"@type\":\"WebSite\",\"@id\":\"https:\\\/\\\/www.hidasi.hu\\\/de\\\/#website\",\"url\":\"https:\\\/\\\/www.hidasi.hu\\\/de\\\/\",\"name\":\"Dr. Hidasi \u00e9s T\u00e1rsai \u00dcgyv\u00e9di Iroda\",\"description\":\"A mi tud\u00e1sunk az \u00d6n biztons\u00e1ga\",\"publisher\":{\"@id\":\"https:\\\/\\\/www.hidasi.hu\\\/de\\\/#organization\"},\"potentialAction\":[{\"@type\":\"SearchAction\",\"target\":{\"@type\":\"EntryPoint\",\"urlTemplate\":\"https:\\\/\\\/www.hidasi.hu\\\/de\\\/?s={search_term_string}\"},\"query-input\":{\"@type\":\"PropertyValueSpecification\",\"valueRequired\":true,\"valueName\":\"search_term_string\"}}],\"inLanguage\":\"de\"},{\"@type\":\"Organization\",\"@id\":\"https:\\\/\\\/www.hidasi.hu\\\/de\\\/#organization\",\"name\":\"Dr. Hidasi \u00e9s T\u00e1rsai \u00dcgyv\u00e9di Iroda\",\"url\":\"https:\\\/\\\/www.hidasi.hu\\\/de\\\/\",\"logo\":{\"@type\":\"ImageObject\",\"inLanguage\":\"de\",\"@id\":\"https:\\\/\\\/www.hidasi.hu\\\/de\\\/#\\\/schema\\\/logo\\\/image\\\/\",\"url\":\"https:\\\/\\\/www.hidasi.hu\\\/wp-content\\\/uploads\\\/2018\\\/12\\\/logo_hungarian.jpg\",\"contentUrl\":\"https:\\\/\\\/www.hidasi.hu\\\/wp-content\\\/uploads\\\/2018\\\/12\\\/logo_hungarian.jpg\",\"width\":570,\"height\":95,\"caption\":\"Dr. Hidasi \u00e9s T\u00e1rsai \u00dcgyv\u00e9di Iroda\"},\"image\":{\"@id\":\"https:\\\/\\\/www.hidasi.hu\\\/de\\\/#\\\/schema\\\/logo\\\/image\\\/\"}}]}<\/script>\n<!-- \/ Yoast SEO plugin. -->","yoast_head_json":{"title":"Impressum - Dr. Hidasi und Partner Rechtsanw\u00e4lte","description":"Diese Webseite wird von der bei der Rechtsanwaltskammer Budapest eingetragenen Rechtsanwaltskanzlei Dr. Hidasi und Partner nach den auf die Rechtsanw\u00e4lte geltenden Rechtvorschriften und sonstigen Regelungen aufrechterhalten.","robots":{"index":"index","follow":"follow","max-snippet":"max-snippet:-1","max-image-preview":"max-image-preview:large","max-video-preview":"max-video-preview:-1"},"canonical":"https:\/\/www.hidasi.hu\/de\/impressum\/","og_locale":"de_DE","og_type":"article","og_title":"Impressum - Dr. Hidasi und Partner Rechtsanw\u00e4lte","og_description":"Diese Webseite wird von der bei der Rechtsanwaltskammer Budapest eingetragenen Rechtsanwaltskanzlei Dr. Hidasi und Partner nach den auf die Rechtsanw\u00e4lte geltenden Rechtvorschriften und sonstigen Regelungen aufrechterhalten.","og_url":"https:\/\/www.hidasi.hu\/de\/impressum\/","og_site_name":"Dr. Hidasi \u00e9s T\u00e1rsai \u00dcgyv\u00e9di Iroda","article_modified_time":"2020-02-21T09:05:42+00:00","twitter_card":"summary_large_image","twitter_misc":{"Gesch\u00e4tzte Lesezeit":"1\u00a0Minute"},"schema":{"@context":"https:\/\/schema.org","@graph":[{"@type":"WebPage","@id":"https:\/\/www.hidasi.hu\/de\/impressum\/","url":"https:\/\/www.hidasi.hu\/de\/impressum\/","name":"Impressum - Dr. Hidasi und Partner Rechtsanw\u00e4lte","isPartOf":{"@id":"https:\/\/www.hidasi.hu\/de\/#website"},"datePublished":"2018-12-06T11:43:42+00:00","dateModified":"2020-02-21T09:05:42+00:00","description":"Diese Webseite wird von der bei der Rechtsanwaltskammer Budapest eingetragenen Rechtsanwaltskanzlei Dr. Hidasi und Partner nach den auf die Rechtsanw\u00e4lte geltenden Rechtvorschriften und sonstigen Regelungen aufrechterhalten.","breadcrumb":{"@id":"https:\/\/www.hidasi.hu\/de\/impressum\/#breadcrumb"},"inLanguage":"de","potentialAction":[{"@type":"ReadAction","target":["https:\/\/www.hidasi.hu\/de\/impressum\/"]}]},{"@type":"BreadcrumbList","@id":"https:\/\/www.hidasi.hu\/de\/impressum\/#breadcrumb","itemListElement":[{"@type":"ListItem","position":1,"name":"Home","item":"https:\/\/www.hidasi.hu\/de\/"},{"@type":"ListItem","position":2,"name":"Impressum"}]},{"@type":"WebSite","@id":"https:\/\/www.hidasi.hu\/de\/#website","url":"https:\/\/www.hidasi.hu\/de\/","name":"Dr. Hidasi \u00e9s T\u00e1rsai \u00dcgyv\u00e9di Iroda","description":"A mi tud\u00e1sunk az \u00d6n biztons\u00e1ga","publisher":{"@id":"https:\/\/www.hidasi.hu\/de\/#organization"},"potentialAction":[{"@type":"SearchAction","target":{"@type":"EntryPoint","urlTemplate":"https:\/\/www.hidasi.hu\/de\/?s={search_term_string}"},"query-input":{"@type":"PropertyValueSpecification","valueRequired":true,"valueName":"search_term_string"}}],"inLanguage":"de"},{"@type":"Organization","@id":"https:\/\/www.hidasi.hu\/de\/#organization","name":"Dr. Hidasi \u00e9s T\u00e1rsai \u00dcgyv\u00e9di Iroda","url":"https:\/\/www.hidasi.hu\/de\/","logo":{"@type":"ImageObject","inLanguage":"de","@id":"https:\/\/www.hidasi.hu\/de\/#\/schema\/logo\/image\/","url":"https:\/\/www.hidasi.hu\/wp-content\/uploads\/2018\/12\/logo_hungarian.jpg","contentUrl":"https:\/\/www.hidasi.hu\/wp-content\/uploads\/2018\/12\/logo_hungarian.jpg","width":570,"height":95,"caption":"Dr. Hidasi \u00e9s T\u00e1rsai \u00dcgyv\u00e9di Iroda"},"image":{"@id":"https:\/\/www.hidasi.hu\/de\/#\/schema\/logo\/image\/"}}]}},"_links":{"self":[{"href":"https:\/\/www.hidasi.hu\/de\/wp-json\/wp\/v2\/pages\/491","targetHints":{"allow":["GET"]}}],"collection":[{"href":"https:\/\/www.hidasi.hu\/de\/wp-json\/wp\/v2\/pages"}],"about":[{"href":"https:\/\/www.hidasi.hu\/de\/wp-json\/wp\/v2\/types\/page"}],"author":[{"embeddable":true,"href":"https:\/\/www.hidasi.hu\/de\/wp-json\/wp\/v2\/users\/2"}],"replies":[{"embeddable":true,"href":"https:\/\/www.hidasi.hu\/de\/wp-json\/wp\/v2\/comments?post=491"}],"version-history":[{"count":5,"href":"https:\/\/www.hidasi.hu\/de\/wp-json\/wp\/v2\/pages\/491\/revisions"}],"predecessor-version":[{"id":917,"href":"https:\/\/www.hidasi.hu\/de\/wp-json\/wp\/v2\/pages\/491\/revisions\/917"}],"wp:attachment":[{"href":"https:\/\/www.hidasi.hu\/de\/wp-json\/wp\/v2\/media?parent=491"}],"curies":[{"name":"wp","href":"https:\/\/api.w.org\/{rel}","templated":true}]}}