{"id":667,"date":"2018-12-07T11:46:31","date_gmt":"2018-12-07T11:46:31","guid":{"rendered":"https:\/\/www.hidasi.hu\/?page_id=667"},"modified":"2024-01-16T14:24:26","modified_gmt":"2024-01-16T13:24:26","slug":"informationen","status":"publish","type":"page","link":"https:\/\/www.hidasi.hu\/de\/informationen\/","title":{"rendered":"Informationen"},"content":{"rendered":"<p>[et_pb_section fb_built=&#8220;1&#8243; _builder_version=&#8220;4.16&#8243; global_colors_info=&#8220;{}&#8220;][et_pb_row _builder_version=&#8220;4.16&#8243; background_size=&#8220;initial&#8220; background_position=&#8220;top_left&#8220; background_repeat=&#8220;repeat&#8220; custom_margin=&#8220;0px|||&#8220; custom_padding=&#8220;0px|||&#8220; global_colors_info=&#8220;{}&#8220; column_structure=&#8220;3_4,1_4&#8243;][et_pb_column type=&#8220;3_4&#8243; _builder_version=&#8220;4.16&#8243; custom_padding=&#8220;|||&#8220; global_colors_info=&#8220;{}&#8220; custom_padding__hover=&#8220;|||&#8220;][et_pb_image src=&#8220;https:\/\/www.hidasi.hu\/wp-content\/uploads\/2018\/12\/logo_german.jpg&#8220; align_tablet=&#8220;center&#8220; align_last_edited=&#8220;on|desktop&#8220; _builder_version=&#8220;4.16&#8243; animation_style=&#8220;slide&#8220; animation_direction=&#8220;left&#8220; global_colors_info=&#8220;{}&#8220; align_phone=&#8220;center&#8220;][\/et_pb_image][et_pb_text _builder_version=&#8220;4.23.4&#8243; hover_enabled=&#8220;0&#8243; global_colors_info=&#8220;{}&#8220; sticky_enabled=&#8220;0&#8243;]<\/p>\n<p>&nbsp;<\/p>\n<h1>Newsletter-Deutsch<\/h1>\n<p>&nbsp;<\/p>\n<ul>\n<li><span id=\"sample-permalink\"><a href=\"\/de\/miete-von-wohnungen\/\">Miete von Wohnungen<\/a><\/span><\/li>\n<li><a href=\"\/de\/taetigkeit-von-rechtsanwaelten\/\">T\u00e4tigkeit von Rechtsanw\u00e4lten<\/a><\/li>\n<li><a href=\"\/de\/wirtschaftsrecht\/\">Wirtschaftsrecht<\/a><\/li>\n<li><a href=\"\/de\/buergerliches-recht\/\">B\u00fcrgerliches Recht<\/a><\/li>\n<li><span id=\"sample-permalink\"><a href=\"\/de\/arbeitsrecht\/\"><span id=\"editable-post-name\">Arbeitsrecht<\/span><\/a><\/span><\/li>\n<li><a href=\"\/de\/gesellschaftsrecht\/\">Gesellschaftsrecht<\/a><\/li>\n<li><a href=\"\/de\/erbrecht\/\">Erbrecht<\/a><\/li>\n<li><a href=\"\/de\/miete-von-gewerblichen-immobilien\/\">Miete von gewerblichen Immobilien<\/a><\/li>\n<li><a href=\"\/de\/zivilprozessrecht\/\">Zivilprozessrecht<\/a><\/li>\n<li><a href=\"\/de\/immobilienrecht\/\">Immobilienrecht<\/a><\/li>\n<\/ul>\n<p>[\/et_pb_text][\/et_pb_column][et_pb_column type=&#8220;1_4&#8243; _builder_version=&#8220;4.16&#8243; custom_padding=&#8220;|||&#8220; global_colors_info=&#8220;{}&#8220; custom_padding__hover=&#8220;|||&#8220;][et_pb_sidebar orientation=&#8220;right&#8220; area=&#8220;et_pb_widget_area_1&#8243; _builder_version=&#8220;4.16&#8243; text_orientation=&#8220;center&#8220; global_colors_info=&#8220;{}&#8220;][\/et_pb_sidebar][\/et_pb_column][\/et_pb_row][\/et_pb_section]<\/p>\n","protected":false},"excerpt":{"rendered":"<p>&nbsp; Newsletter-Deutsch &nbsp; Miete von Wohnungen T\u00e4tigkeit von Rechtsanw\u00e4lten Wirtschaftsrecht B\u00fcrgerliches Recht Arbeitsrecht Gesellschaftsrecht Erbrecht Miete von gewerblichen Immobilien Zivilprozessrecht Immobilienrecht<\/p>\n","protected":false},"author":2,"featured_media":0,"parent":0,"menu_order":0,"comment_status":"closed","ping_status":"closed","template":"","meta":{"_et_pb_use_builder":"on","_et_pb_old_content":"","_et_gb_content_width":"","iawp_total_views":15,"footnotes":""},"class_list":["post-667","page","type-page","status-publish","hentry"],"yoast_head":"<!-- This site is optimized with the Yoast SEO plugin v27.4 - https:\/\/yoast.com\/product\/yoast-seo-wordpress\/ -->\n<title>Informationen - Dr. Hidasi \u00e9s T\u00e1rsai \u00dcgyv\u00e9di Iroda<\/title>\n<meta name=\"robots\" content=\"index, follow, max-snippet:-1, max-image-preview:large, max-video-preview:-1\" \/>\n<link rel=\"canonical\" href=\"https:\/\/www.hidasi.hu\/de\/informationen\/\" \/>\n<meta property=\"og:locale\" content=\"de_DE\" \/>\n<meta property=\"og:type\" content=\"article\" \/>\n<meta property=\"og:title\" content=\"Informationen - Dr. Hidasi \u00e9s T\u00e1rsai \u00dcgyv\u00e9di Iroda\" \/>\n<meta property=\"og:description\" content=\"&nbsp; Newsletter-Deutsch &nbsp; Miete von Wohnungen T\u00e4tigkeit von Rechtsanw\u00e4lten Wirtschaftsrecht B\u00fcrgerliches Recht Arbeitsrecht Gesellschaftsrecht Erbrecht Miete von gewerblichen Immobilien Zivilprozessrecht Immobilienrecht\" \/>\n<meta property=\"og:url\" content=\"https:\/\/www.hidasi.hu\/de\/informationen\/\" \/>\n<meta property=\"og:site_name\" content=\"Dr. Hidasi \u00e9s T\u00e1rsai \u00dcgyv\u00e9di Iroda\" \/>\n<meta property=\"article:modified_time\" content=\"2024-01-16T13:24:26+00:00\" \/>\n<meta name=\"twitter:card\" content=\"summary_large_image\" \/>\n<meta name=\"twitter:label1\" content=\"Gesch\u00e4tzte Lesezeit\" \/>\n\t<meta name=\"twitter:data1\" content=\"1\u00a0Minute\" \/>\n<script type=\"application\/ld+json\" class=\"yoast-schema-graph\">{\"@context\":\"https:\\\/\\\/schema.org\",\"@graph\":[{\"@type\":\"WebPage\",\"@id\":\"https:\\\/\\\/www.hidasi.hu\\\/de\\\/informationen\\\/\",\"url\":\"https:\\\/\\\/www.hidasi.hu\\\/de\\\/informationen\\\/\",\"name\":\"Informationen - Dr. Hidasi \u00e9s T\u00e1rsai \u00dcgyv\u00e9di Iroda\",\"isPartOf\":{\"@id\":\"https:\\\/\\\/www.hidasi.hu\\\/de\\\/#website\"},\"datePublished\":\"2018-12-07T11:46:31+00:00\",\"dateModified\":\"2024-01-16T13:24:26+00:00\",\"breadcrumb\":{\"@id\":\"https:\\\/\\\/www.hidasi.hu\\\/de\\\/informationen\\\/#breadcrumb\"},\"inLanguage\":\"de\",\"potentialAction\":[{\"@type\":\"ReadAction\",\"target\":[\"https:\\\/\\\/www.hidasi.hu\\\/de\\\/informationen\\\/\"]}]},{\"@type\":\"BreadcrumbList\",\"@id\":\"https:\\\/\\\/www.hidasi.hu\\\/de\\\/informationen\\\/#breadcrumb\",\"itemListElement\":[{\"@type\":\"ListItem\",\"position\":1,\"name\":\"Home\",\"item\":\"https:\\\/\\\/www.hidasi.hu\\\/de\\\/\"},{\"@type\":\"ListItem\",\"position\":2,\"name\":\"Informationen\"}]},{\"@type\":\"WebSite\",\"@id\":\"https:\\\/\\\/www.hidasi.hu\\\/de\\\/#website\",\"url\":\"https:\\\/\\\/www.hidasi.hu\\\/de\\\/\",\"name\":\"Dr. Hidasi \u00e9s T\u00e1rsai \u00dcgyv\u00e9di Iroda\",\"description\":\"A mi tud\u00e1sunk az \u00d6n biztons\u00e1ga\",\"publisher\":{\"@id\":\"https:\\\/\\\/www.hidasi.hu\\\/de\\\/#organization\"},\"potentialAction\":[{\"@type\":\"SearchAction\",\"target\":{\"@type\":\"EntryPoint\",\"urlTemplate\":\"https:\\\/\\\/www.hidasi.hu\\\/de\\\/?s={search_term_string}\"},\"query-input\":{\"@type\":\"PropertyValueSpecification\",\"valueRequired\":true,\"valueName\":\"search_term_string\"}}],\"inLanguage\":\"de\"},{\"@type\":\"Organization\",\"@id\":\"https:\\\/\\\/www.hidasi.hu\\\/de\\\/#organization\",\"name\":\"Dr. Hidasi \u00e9s T\u00e1rsai \u00dcgyv\u00e9di Iroda\",\"url\":\"https:\\\/\\\/www.hidasi.hu\\\/de\\\/\",\"logo\":{\"@type\":\"ImageObject\",\"inLanguage\":\"de\",\"@id\":\"https:\\\/\\\/www.hidasi.hu\\\/de\\\/#\\\/schema\\\/logo\\\/image\\\/\",\"url\":\"https:\\\/\\\/www.hidasi.hu\\\/wp-content\\\/uploads\\\/2018\\\/12\\\/logo_hungarian.jpg\",\"contentUrl\":\"https:\\\/\\\/www.hidasi.hu\\\/wp-content\\\/uploads\\\/2018\\\/12\\\/logo_hungarian.jpg\",\"width\":570,\"height\":95,\"caption\":\"Dr. Hidasi \u00e9s T\u00e1rsai \u00dcgyv\u00e9di Iroda\"},\"image\":{\"@id\":\"https:\\\/\\\/www.hidasi.hu\\\/de\\\/#\\\/schema\\\/logo\\\/image\\\/\"}}]}<\/script>\n<!-- \/ Yoast SEO plugin. -->","yoast_head_json":{"title":"Informationen - Dr. Hidasi \u00e9s T\u00e1rsai \u00dcgyv\u00e9di Iroda","robots":{"index":"index","follow":"follow","max-snippet":"max-snippet:-1","max-image-preview":"max-image-preview:large","max-video-preview":"max-video-preview:-1"},"canonical":"https:\/\/www.hidasi.hu\/de\/informationen\/","og_locale":"de_DE","og_type":"article","og_title":"Informationen - Dr. Hidasi \u00e9s T\u00e1rsai \u00dcgyv\u00e9di Iroda","og_description":"&nbsp; Newsletter-Deutsch &nbsp; Miete von Wohnungen T\u00e4tigkeit von Rechtsanw\u00e4lten Wirtschaftsrecht B\u00fcrgerliches Recht Arbeitsrecht Gesellschaftsrecht Erbrecht Miete von gewerblichen Immobilien Zivilprozessrecht Immobilienrecht","og_url":"https:\/\/www.hidasi.hu\/de\/informationen\/","og_site_name":"Dr. Hidasi \u00e9s T\u00e1rsai \u00dcgyv\u00e9di Iroda","article_modified_time":"2024-01-16T13:24:26+00:00","twitter_card":"summary_large_image","twitter_misc":{"Gesch\u00e4tzte Lesezeit":"1\u00a0Minute"},"schema":{"@context":"https:\/\/schema.org","@graph":[{"@type":"WebPage","@id":"https:\/\/www.hidasi.hu\/de\/informationen\/","url":"https:\/\/www.hidasi.hu\/de\/informationen\/","name":"Informationen - Dr. Hidasi \u00e9s T\u00e1rsai \u00dcgyv\u00e9di Iroda","isPartOf":{"@id":"https:\/\/www.hidasi.hu\/de\/#website"},"datePublished":"2018-12-07T11:46:31+00:00","dateModified":"2024-01-16T13:24:26+00:00","breadcrumb":{"@id":"https:\/\/www.hidasi.hu\/de\/informationen\/#breadcrumb"},"inLanguage":"de","potentialAction":[{"@type":"ReadAction","target":["https:\/\/www.hidasi.hu\/de\/informationen\/"]}]},{"@type":"BreadcrumbList","@id":"https:\/\/www.hidasi.hu\/de\/informationen\/#breadcrumb","itemListElement":[{"@type":"ListItem","position":1,"name":"Home","item":"https:\/\/www.hidasi.hu\/de\/"},{"@type":"ListItem","position":2,"name":"Informationen"}]},{"@type":"WebSite","@id":"https:\/\/www.hidasi.hu\/de\/#website","url":"https:\/\/www.hidasi.hu\/de\/","name":"Dr. Hidasi \u00e9s T\u00e1rsai \u00dcgyv\u00e9di Iroda","description":"A mi tud\u00e1sunk az \u00d6n biztons\u00e1ga","publisher":{"@id":"https:\/\/www.hidasi.hu\/de\/#organization"},"potentialAction":[{"@type":"SearchAction","target":{"@type":"EntryPoint","urlTemplate":"https:\/\/www.hidasi.hu\/de\/?s={search_term_string}"},"query-input":{"@type":"PropertyValueSpecification","valueRequired":true,"valueName":"search_term_string"}}],"inLanguage":"de"},{"@type":"Organization","@id":"https:\/\/www.hidasi.hu\/de\/#organization","name":"Dr. Hidasi \u00e9s T\u00e1rsai \u00dcgyv\u00e9di Iroda","url":"https:\/\/www.hidasi.hu\/de\/","logo":{"@type":"ImageObject","inLanguage":"de","@id":"https:\/\/www.hidasi.hu\/de\/#\/schema\/logo\/image\/","url":"https:\/\/www.hidasi.hu\/wp-content\/uploads\/2018\/12\/logo_hungarian.jpg","contentUrl":"https:\/\/www.hidasi.hu\/wp-content\/uploads\/2018\/12\/logo_hungarian.jpg","width":570,"height":95,"caption":"Dr. Hidasi \u00e9s T\u00e1rsai \u00dcgyv\u00e9di Iroda"},"image":{"@id":"https:\/\/www.hidasi.hu\/de\/#\/schema\/logo\/image\/"}}]}},"_links":{"self":[{"href":"https:\/\/www.hidasi.hu\/de\/wp-json\/wp\/v2\/pages\/667","targetHints":{"allow":["GET"]}}],"collection":[{"href":"https:\/\/www.hidasi.hu\/de\/wp-json\/wp\/v2\/pages"}],"about":[{"href":"https:\/\/www.hidasi.hu\/de\/wp-json\/wp\/v2\/types\/page"}],"author":[{"embeddable":true,"href":"https:\/\/www.hidasi.hu\/de\/wp-json\/wp\/v2\/users\/2"}],"replies":[{"embeddable":true,"href":"https:\/\/www.hidasi.hu\/de\/wp-json\/wp\/v2\/comments?post=667"}],"version-history":[{"count":9,"href":"https:\/\/www.hidasi.hu\/de\/wp-json\/wp\/v2\/pages\/667\/revisions"}],"predecessor-version":[{"id":1184,"href":"https:\/\/www.hidasi.hu\/de\/wp-json\/wp\/v2\/pages\/667\/revisions\/1184"}],"wp:attachment":[{"href":"https:\/\/www.hidasi.hu\/de\/wp-json\/wp\/v2\/media?parent=667"}],"curies":[{"name":"wp","href":"https:\/\/api.w.org\/{rel}","templated":true}]}}