{"id":904,"date":"2020-01-31T09:01:33","date_gmt":"2020-01-31T09:01:33","guid":{"rendered":"https:\/\/www.hidasi.hu\/?page_id=904"},"modified":"2020-01-31T09:01:37","modified_gmt":"2020-01-31T09:01:37","slug":"anwalte","status":"publish","type":"page","link":"https:\/\/www.hidasi.hu\/de\/anwalte\/","title":{"rendered":"Anw\u00e4lte"},"content":{"rendered":"<p>[et_pb_section fb_built=&#8220;1&#8243; _builder_version=&#8220;3.22&#8243;][et_pb_row column_structure=&#8220;1_2,1_2&#8243; _builder_version=&#8220;3.25&#8243; background_size=&#8220;initial&#8220; background_position=&#8220;top_left&#8220; background_repeat=&#8220;repeat&#8220;][et_pb_column type=&#8220;1_2&#8243; _builder_version=&#8220;3.25&#8243; custom_padding=&#8220;|||&#8220; custom_padding__hover=&#8220;|||&#8220;][et_pb_image src=&#8220;https:\/\/www.hidasi.hu\/wp-content\/uploads\/2015\/02\/arnold-4.jpg&#8220; align=&#8220;center&#8220; align_tablet=&#8220;center&#8220; align_phone=&#8220;&#8220; align_last_edited=&#8220;on|desktop&#8220; _builder_version=&#8220;3.23&#8243; animation_style=&#8220;slide&#8220; animation_direction=&#8220;left&#8220; box_shadow_style=&#8220;preset2&#8243;][\/et_pb_image][et_pb_text _builder_version=&#8220;4.2.2&#8243; hover_enabled=&#8220;0&#8243;]<\/p>\n<div class=\"et_pb_module et_pb_text et_pb_text_0  et_pb_text_align_left et_pb_bg_layout_light\">\n<div class=\"et_pb_text_inner\">\n<h1>Dr. Arnold Tikk<\/h1>\n<p>&nbsp;<\/p>\n<p><strong>Personalien:<\/strong> geboren 1991, Keszthely (Ungarn)<br \/><strong><br \/>Studien:<\/strong> Jura<br \/><strong><br \/>Beruf:<\/strong> Rechtsanwalt<br \/><strong><br \/>Berufliche Werdegang:<\/strong><br \/>P\u00e9csi Universit\u00e4t, Juristische Fakult\u00e4t, 2014 Diplom<br \/>2012 Praktikum bei der Staatsanwaltschaft in Keszthely<br \/>2015 \u2013 Anwaltanw\u00e4rter bei der Anwaltskanzlei Dr. Hidasi und Partner<br \/><strong><br \/>Sprachkenntnisse:<\/strong> Ungarisch, Deutsch<\/p>\n<\/div>\n<\/div>\n<p>[\/et_pb_text][\/et_pb_column][et_pb_column type=&#8220;1_2&#8243; _builder_version=&#8220;3.25&#8243; custom_padding=&#8220;|||&#8220; custom_padding__hover=&#8220;|||&#8220;][\/et_pb_column][\/et_pb_row][\/et_pb_section]<\/p>\n","protected":false},"excerpt":{"rendered":"<p>Dr. Arnold Tikk &nbsp; Personalien: geboren 1991, Keszthely (Ungarn)Studien: JuraBeruf: RechtsanwaltBerufliche Werdegang:P\u00e9csi Universit\u00e4t, Juristische Fakult\u00e4t, 2014 Diplom2012 Praktikum bei der Staatsanwaltschaft in Keszthely2015 \u2013 Anwaltanw\u00e4rter bei der Anwaltskanzlei Dr. Hidasi und PartnerSprachkenntnisse: Ungarisch, Deutsch<\/p>\n","protected":false},"author":2,"featured_media":0,"parent":0,"menu_order":0,"comment_status":"closed","ping_status":"closed","template":"","meta":{"_et_pb_use_builder":"on","_et_pb_old_content":"<p>[et_pb_section fb_built=\"1\" _builder_version=\"3.22\"][et_pb_row column_structure=\"1_2,1_2\" _builder_version=\"3.25\" background_size=\"initial\" background_position=\"top_left\" background_repeat=\"repeat\"][et_pb_column type=\"1_2\" _builder_version=\"3.25\" custom_padding=\"|||\" custom_padding__hover=\"|||\"][et_pb_image src=\"https:\/\/www.hidasi.hu\/wp-content\/uploads\/2015\/02\/arnold-4.jpg\" align=\"center\" align_tablet=\"center\" align_phone=\"\" align_last_edited=\"on|desktop\" _builder_version=\"3.23\" animation_style=\"slide\" animation_direction=\"left\" box_shadow_style=\"preset2\"][\/et_pb_image][et_pb_text _builder_version=\"4.2.2\" hover_enabled=\"0\"]<\/p><h1>Dr. Arnold Tikk<\/h1><p>\u00a0<\/p><p><strong>Place and date of birth:<\/strong> 1991, Keszthely<\/p><p><strong>Occupation<\/strong>: attorney at law<br \/><strong><br \/>Education:<\/strong><br \/>University of P\u00e9cs, Faculty of Law, 2014 Juris Doctor<br \/><strong><br \/>Traineeship:<\/strong><br \/>2012 trainee Public prosecutions of Keszthely<br \/>2015- associate Dr. Hidasi and Partners Law Office<br \/><strong><br \/>Language:<\/strong> Hungarian, German<\/p><p>[\/et_pb_text][\/et_pb_column][et_pb_column type=\"1_2\" _builder_version=\"3.25\" custom_padding=\"|||\" custom_padding__hover=\"|||\"][\/et_pb_column][\/et_pb_row][\/et_pb_section]<\/p>","_et_gb_content_width":"","iawp_total_views":326,"footnotes":""},"class_list":["post-904","page","type-page","status-publish","hentry"],"yoast_head":"<!-- This site is optimized with the Yoast SEO plugin v27.6 - https:\/\/yoast.com\/product\/yoast-seo-wordpress\/ -->\n<title>Anw\u00e4lte - Dr. Hidasi \u00e9s T\u00e1rsai \u00dcgyv\u00e9di Iroda<\/title>\n<meta name=\"robots\" content=\"index, follow, max-snippet:-1, max-image-preview:large, max-video-preview:-1\" \/>\n<link rel=\"canonical\" href=\"https:\/\/www.hidasi.hu\/de\/anwalte\/\" \/>\n<meta property=\"og:locale\" content=\"de_DE\" \/>\n<meta property=\"og:type\" content=\"article\" \/>\n<meta property=\"og:title\" content=\"Anw\u00e4lte - Dr. Hidasi \u00e9s T\u00e1rsai \u00dcgyv\u00e9di Iroda\" \/>\n<meta property=\"og:description\" content=\"Dr. Arnold Tikk &nbsp; Personalien: geboren 1991, Keszthely (Ungarn)Studien: JuraBeruf: RechtsanwaltBerufliche Werdegang:P\u00e9csi Universit\u00e4t, Juristische Fakult\u00e4t, 2014 Diplom2012 Praktikum bei der Staatsanwaltschaft in Keszthely2015 \u2013 Anwaltanw\u00e4rter bei der Anwaltskanzlei Dr. Hidasi und PartnerSprachkenntnisse: Ungarisch, Deutsch\" \/>\n<meta property=\"og:url\" content=\"https:\/\/www.hidasi.hu\/de\/anwalte\/\" \/>\n<meta property=\"og:site_name\" content=\"Dr. Hidasi \u00e9s T\u00e1rsai \u00dcgyv\u00e9di Iroda\" \/>\n<meta property=\"article:modified_time\" content=\"2020-01-31T09:01:37+00:00\" \/>\n<meta name=\"twitter:card\" content=\"summary_large_image\" \/>\n<meta name=\"twitter:label1\" content=\"Gesch\u00e4tzte Lesezeit\" \/>\n\t<meta name=\"twitter:data1\" content=\"1\u00a0Minute\" \/>\n<script type=\"application\/ld+json\" class=\"yoast-schema-graph\">{\"@context\":\"https:\\\/\\\/schema.org\",\"@graph\":[{\"@type\":\"WebPage\",\"@id\":\"https:\\\/\\\/www.hidasi.hu\\\/de\\\/anwalte\\\/\",\"url\":\"https:\\\/\\\/www.hidasi.hu\\\/de\\\/anwalte\\\/\",\"name\":\"Anw\u00e4lte - Dr. Hidasi \u00e9s T\u00e1rsai \u00dcgyv\u00e9di Iroda\",\"isPartOf\":{\"@id\":\"https:\\\/\\\/www.hidasi.hu\\\/de\\\/#website\"},\"datePublished\":\"2020-01-31T09:01:33+00:00\",\"dateModified\":\"2020-01-31T09:01:37+00:00\",\"breadcrumb\":{\"@id\":\"https:\\\/\\\/www.hidasi.hu\\\/de\\\/anwalte\\\/#breadcrumb\"},\"inLanguage\":\"de\",\"potentialAction\":[{\"@type\":\"ReadAction\",\"target\":[\"https:\\\/\\\/www.hidasi.hu\\\/de\\\/anwalte\\\/\"]}]},{\"@type\":\"BreadcrumbList\",\"@id\":\"https:\\\/\\\/www.hidasi.hu\\\/de\\\/anwalte\\\/#breadcrumb\",\"itemListElement\":[{\"@type\":\"ListItem\",\"position\":1,\"name\":\"Home\",\"item\":\"https:\\\/\\\/www.hidasi.hu\\\/de\\\/\"},{\"@type\":\"ListItem\",\"position\":2,\"name\":\"Anw\u00e4lte\"}]},{\"@type\":\"WebSite\",\"@id\":\"https:\\\/\\\/www.hidasi.hu\\\/de\\\/#website\",\"url\":\"https:\\\/\\\/www.hidasi.hu\\\/de\\\/\",\"name\":\"Dr. Hidasi \u00e9s T\u00e1rsai \u00dcgyv\u00e9di Iroda\",\"description\":\"A mi tud\u00e1sunk az \u00d6n biztons\u00e1ga\",\"publisher\":{\"@id\":\"https:\\\/\\\/www.hidasi.hu\\\/de\\\/#organization\"},\"potentialAction\":[{\"@type\":\"SearchAction\",\"target\":{\"@type\":\"EntryPoint\",\"urlTemplate\":\"https:\\\/\\\/www.hidasi.hu\\\/de\\\/?s={search_term_string}\"},\"query-input\":{\"@type\":\"PropertyValueSpecification\",\"valueRequired\":true,\"valueName\":\"search_term_string\"}}],\"inLanguage\":\"de\"},{\"@type\":\"Organization\",\"@id\":\"https:\\\/\\\/www.hidasi.hu\\\/de\\\/#organization\",\"name\":\"Dr. Hidasi \u00e9s T\u00e1rsai \u00dcgyv\u00e9di Iroda\",\"url\":\"https:\\\/\\\/www.hidasi.hu\\\/de\\\/\",\"logo\":{\"@type\":\"ImageObject\",\"inLanguage\":\"de\",\"@id\":\"https:\\\/\\\/www.hidasi.hu\\\/de\\\/#\\\/schema\\\/logo\\\/image\\\/\",\"url\":\"https:\\\/\\\/www.hidasi.hu\\\/wp-content\\\/uploads\\\/2018\\\/12\\\/logo_hungarian.jpg\",\"contentUrl\":\"https:\\\/\\\/www.hidasi.hu\\\/wp-content\\\/uploads\\\/2018\\\/12\\\/logo_hungarian.jpg\",\"width\":570,\"height\":95,\"caption\":\"Dr. Hidasi \u00e9s T\u00e1rsai \u00dcgyv\u00e9di Iroda\"},\"image\":{\"@id\":\"https:\\\/\\\/www.hidasi.hu\\\/de\\\/#\\\/schema\\\/logo\\\/image\\\/\"}}]}<\/script>\n<!-- \/ Yoast SEO plugin. -->","yoast_head_json":{"title":"Anw\u00e4lte - Dr. Hidasi \u00e9s T\u00e1rsai \u00dcgyv\u00e9di Iroda","robots":{"index":"index","follow":"follow","max-snippet":"max-snippet:-1","max-image-preview":"max-image-preview:large","max-video-preview":"max-video-preview:-1"},"canonical":"https:\/\/www.hidasi.hu\/de\/anwalte\/","og_locale":"de_DE","og_type":"article","og_title":"Anw\u00e4lte - Dr. Hidasi \u00e9s T\u00e1rsai \u00dcgyv\u00e9di Iroda","og_description":"Dr. Arnold Tikk &nbsp; Personalien: geboren 1991, Keszthely (Ungarn)Studien: JuraBeruf: RechtsanwaltBerufliche Werdegang:P\u00e9csi Universit\u00e4t, Juristische Fakult\u00e4t, 2014 Diplom2012 Praktikum bei der Staatsanwaltschaft in Keszthely2015 \u2013 Anwaltanw\u00e4rter bei der Anwaltskanzlei Dr. Hidasi und PartnerSprachkenntnisse: Ungarisch, Deutsch","og_url":"https:\/\/www.hidasi.hu\/de\/anwalte\/","og_site_name":"Dr. Hidasi \u00e9s T\u00e1rsai \u00dcgyv\u00e9di Iroda","article_modified_time":"2020-01-31T09:01:37+00:00","twitter_card":"summary_large_image","twitter_misc":{"Gesch\u00e4tzte Lesezeit":"1\u00a0Minute"},"schema":{"@context":"https:\/\/schema.org","@graph":[{"@type":"WebPage","@id":"https:\/\/www.hidasi.hu\/de\/anwalte\/","url":"https:\/\/www.hidasi.hu\/de\/anwalte\/","name":"Anw\u00e4lte - Dr. Hidasi \u00e9s T\u00e1rsai \u00dcgyv\u00e9di Iroda","isPartOf":{"@id":"https:\/\/www.hidasi.hu\/de\/#website"},"datePublished":"2020-01-31T09:01:33+00:00","dateModified":"2020-01-31T09:01:37+00:00","breadcrumb":{"@id":"https:\/\/www.hidasi.hu\/de\/anwalte\/#breadcrumb"},"inLanguage":"de","potentialAction":[{"@type":"ReadAction","target":["https:\/\/www.hidasi.hu\/de\/anwalte\/"]}]},{"@type":"BreadcrumbList","@id":"https:\/\/www.hidasi.hu\/de\/anwalte\/#breadcrumb","itemListElement":[{"@type":"ListItem","position":1,"name":"Home","item":"https:\/\/www.hidasi.hu\/de\/"},{"@type":"ListItem","position":2,"name":"Anw\u00e4lte"}]},{"@type":"WebSite","@id":"https:\/\/www.hidasi.hu\/de\/#website","url":"https:\/\/www.hidasi.hu\/de\/","name":"Dr. Hidasi \u00e9s T\u00e1rsai \u00dcgyv\u00e9di Iroda","description":"A mi tud\u00e1sunk az \u00d6n biztons\u00e1ga","publisher":{"@id":"https:\/\/www.hidasi.hu\/de\/#organization"},"potentialAction":[{"@type":"SearchAction","target":{"@type":"EntryPoint","urlTemplate":"https:\/\/www.hidasi.hu\/de\/?s={search_term_string}"},"query-input":{"@type":"PropertyValueSpecification","valueRequired":true,"valueName":"search_term_string"}}],"inLanguage":"de"},{"@type":"Organization","@id":"https:\/\/www.hidasi.hu\/de\/#organization","name":"Dr. Hidasi \u00e9s T\u00e1rsai \u00dcgyv\u00e9di Iroda","url":"https:\/\/www.hidasi.hu\/de\/","logo":{"@type":"ImageObject","inLanguage":"de","@id":"https:\/\/www.hidasi.hu\/de\/#\/schema\/logo\/image\/","url":"https:\/\/www.hidasi.hu\/wp-content\/uploads\/2018\/12\/logo_hungarian.jpg","contentUrl":"https:\/\/www.hidasi.hu\/wp-content\/uploads\/2018\/12\/logo_hungarian.jpg","width":570,"height":95,"caption":"Dr. Hidasi \u00e9s T\u00e1rsai \u00dcgyv\u00e9di Iroda"},"image":{"@id":"https:\/\/www.hidasi.hu\/de\/#\/schema\/logo\/image\/"}}]}},"_links":{"self":[{"href":"https:\/\/www.hidasi.hu\/de\/wp-json\/wp\/v2\/pages\/904","targetHints":{"allow":["GET"]}}],"collection":[{"href":"https:\/\/www.hidasi.hu\/de\/wp-json\/wp\/v2\/pages"}],"about":[{"href":"https:\/\/www.hidasi.hu\/de\/wp-json\/wp\/v2\/types\/page"}],"author":[{"embeddable":true,"href":"https:\/\/www.hidasi.hu\/de\/wp-json\/wp\/v2\/users\/2"}],"replies":[{"embeddable":true,"href":"https:\/\/www.hidasi.hu\/de\/wp-json\/wp\/v2\/comments?post=904"}],"version-history":[{"count":4,"href":"https:\/\/www.hidasi.hu\/de\/wp-json\/wp\/v2\/pages\/904\/revisions"}],"predecessor-version":[{"id":909,"href":"https:\/\/www.hidasi.hu\/de\/wp-json\/wp\/v2\/pages\/904\/revisions\/909"}],"wp:attachment":[{"href":"https:\/\/www.hidasi.hu\/de\/wp-json\/wp\/v2\/media?parent=904"}],"curies":[{"name":"wp","href":"https:\/\/api.w.org\/{rel}","templated":true}]}}