{"id":1161,"date":"2018-12-10T10:40:42","date_gmt":"2018-12-10T10:40:42","guid":{"rendered":"https:\/\/www.hidasi.hu\/adatvedelmi-iranyelvek\/"},"modified":"2018-12-10T10:40:42","modified_gmt":"2018-12-10T10:40:42","slug":"adatvedelmi-iranyelvek","status":"publish","type":"page","link":"https:\/\/www.hidasi.hu\/en\/adatvedelmi-iranyelvek\/","title":{"rendered":"Adatv\u00e9delmi ir\u00e1nyelvek"},"content":{"rendered":"<p>Weboldal c\u00edme: https:\/\/www.hidasi.hu<\/p>\n<p>Az Adatkezel\u0151 adatai:<\/p>\n<p>Dr. Hidasi \u00e9s T\u00e1rsai \u00dcgyv\u00e9di Iroda<br \/>Nyilv\u00e1ntart\u00e1si sz\u00e1m: I-1339\/1998<br \/>Irodavezet\u00f5: Dr. Hidasi G\u00e1bor<br \/>C\u00edm: 1124 Budapest, N\u00e9metv\u00f6lgyi \u00fat 62.<br \/>Tel.: +36 1 269-3575<br \/>email:info@hidasi.hu<\/p>\n<p>T\u00e1rhely-szolg\u00e1ltat\u00f3:<\/p>\n<p>NLG-System Bt.<br \/>C\u00edm: 2135 Cs\u00f6r\u00f6g, Homokb\u00e1nya u. 26.<br \/>Tel: +36 27 502-450<br \/>e-mail: info@nlgsys.net<br \/>Honlap: http:\/\/nlgsys.net<\/p>\n<p>&nbsp;<\/p>\n<p>A cookie-k haszn\u00e1lat\u00e1val kapcsolatos t\u00e1j\u00e9koztat\u00e1s<\/p>\n<p>Mi az a cookie?<\/p>\n<p>Az Adatkezel\u0151 a honlap l\u00e1togat\u00e1sa sor\u00e1n \u00fagynevezett cookie-kat (s\u00fctiket) haszn\u00e1l. A cookie bet\u0171b\u0151l<br \/>\n\u00e9s sz\u00e1mokb\u00f3l \u00e1ll\u00f3 inform\u00e1ci\u00f3csomag, amit honlapunk az \u00d6n b\u00f6ng\u00e9sz\u0151j\u00e9nek k\u00fcld el azzal a c\u00e9llal, hogy<br \/>\nelmentse bizonyos be\u00e1ll\u00edt\u00e1sait, megk\u00f6nny\u00edtse a honlapunk haszn\u00e1lat\u00e1t \u00e9s k\u00f6zrem\u0171k\u00f6dik abban, hogy<br \/>\nn\u00e9h\u00e1ny relev\u00e1ns, statisztikai jelleg\u0171 inform\u00e1ci\u00f3t gy\u0171jts\u00fcnk a l\u00e1togat\u00f3inkr\u00f3l. A cookie-k (s\u00fctik) nem<br \/>\ntartalmaznak szem\u00e9lyes inform\u00e1ci\u00f3kat, \u00e9s nem alkalmasak az egy\u00e9ni felhaszn\u00e1l\u00f3 azonos\u00edt\u00e1s\u00e1ra. A<br \/>\ncookie-k (s\u00fctik) gyakran olyan egy\u00e9ni azonos\u00edt\u00f3t tartalmaznak &#8211; egy titkos, v\u00e9letlen\u00fcl gener\u00e1lt<br \/>\nsz\u00e1msort &#8211; amelyet az \u00d6n eszk\u00f6ze t\u00e1rol. N\u00e9h\u00e1ny cookie (s\u00fcti) a honlap bez\u00e1r\u00e1sa ut\u00e1n megsz\u0171nik,<br \/>\nn\u00e9h\u00e1ny pedig hosszabb id\u0151re t\u00e1rol\u00e1sra ker\u00fcl sz\u00e1m\u00edt\u00f3g\u00e9p\u00e9n. <\/p>\n<p>A felhaszn\u00e1l\u00f3i \u00e9lm\u00e9ny jav\u00edt\u00e1s\u00e1t szolg\u00e1l\u00f3 cookie-k: Ezek a cookie-k inform\u00e1ci\u00f3kat gy\u0171jtenek a<br \/>\nfelhaszn\u00e1l\u00f3 weboldalhaszn\u00e1lat\u00e1r\u00f3l, p\u00e9ld\u00e1ul, hogy mely oldalakat l\u00e1togatja leggyakrabban, vagy<br \/>\nmilyen hiba\u00fczenetet kap a weboldalr\u00f3l. Ezek a cookie-k nem gy\u0171jtenek a l\u00e1togat\u00f3t azonos\u00edt\u00f3<br \/>\ninform\u00e1ci\u00f3kat, vagyis teljesen \u00e1ltal\u00e1nos, n\u00e9vtelen inform\u00e1ci\u00f3kkal dolgoznak. Az ezekb\u0151l nyert<br \/>\nadatokat a weboldal teljes\u00edtm\u00e9ny\u00e9nek jav\u00edt\u00e1s\u00e1ra haszn\u00e1ljuk. Ezen t\u00edpus\u00fa cookie-k \u00e9lettartama<br \/>\nkiz\u00e1r\u00f3lag a munkamenet idej\u00e9re korl\u00e1toz\u00f3dik. <\/p>\n<p>Amennyiben \u00d6n nem fogadja el a cookie-k haszn\u00e1lat\u00e1t, akkor bizonyos funkci\u00f3k nem lesznek<br \/>\nel\u00e9rhet\u0151ek az \u00d6n sz\u00e1m\u00e1ra. A cookie-k t\u00f6rl\u00e9s\u00e9r\u0151l b\u0151vebb t\u00e1j\u00e9koztat\u00e1st az al\u00e1bbi linkeken tal\u00e1lhat:<br \/>\nInternet Explorer: http:\/\/windows.microsoft.com\/en-us\/internet-explorer\/delete-managecookies#ie=ie-11<\/p>\n<p>Firefox: https:\/\/support.mozilla.org\/en-US\/kb\/cookies-information-websites-store-on-your-computer<br \/>\nChrome: https:\/\/support.google.com\/chrome\/answer\/95647?hl=en<\/p>\n<p>Jogorvoslati lehet\u0151s\u00e9gek<br \/>\nAmennyiben \u00d6n szerint az Adatkezel\u0151 megs\u00e9rtette valamely, az adatkezel\u00e9sre vonatkoz\u00f3 t\u00f6rv\u00e9nyi<br \/>\nrendelkez\u00e9st, vagy nem teljes\u00edtette valamely k\u00e9relm\u00e9t, akkor v\u00e9lelmezett jogellenes adatkezel\u00e9s<br \/>\nmegsz\u00fcntet\u00e9se \u00e9rdek\u00e9ben a Nemzeti Adatv\u00e9delmi \u00e9s Inform\u00e1ci\u00f3szabads\u00e1g Hat\u00f3s\u00e1g vizsg\u00e1lati<br \/>\nelj\u00e1r\u00e1s\u00e1t kezdem\u00e9nyezheti (levelez\u00e9si c\u00edm: 1530 Budapest, Pf.: 5., e-mail: ugyfelszolgalat@naih.hu).<br \/>\nT\u00e1j\u00e9koztatjuk emellett arr\u00f3l is, hogy az adatkezel\u00e9sre vonatkoz\u00f3 t\u00f6rv\u00e9nyi rendelkez\u00e9sek megs\u00e9rt\u00e9se<br \/>\neset\u00e9n, vagy ha az Adatkezel\u0151 nem teljes\u00edtette valamely k\u00e9relm\u00e9t, akkor az Adatkezel\u0151vel szemben<br \/>\nb\u00edr\u00f3s\u00e1ghoz fordulhat. <\/p>\n","protected":false},"excerpt":{"rendered":"<p>Weboldal c\u00edme: https:\/\/www.hidasi.hu Az Adatkezel\u0151 adatai: Dr. Hidasi \u00e9s T\u00e1rsai \u00dcgyv\u00e9di IrodaNyilv\u00e1ntart\u00e1si sz\u00e1m: I-1339\/1998Irodavezet\u00f5: Dr. Hidasi G\u00e1borC\u00edm: 1124 Budapest, N\u00e9metv\u00f6lgyi \u00fat 62.Tel.: +36 1 269-3575email:info@hidasi.hu T\u00e1rhely-szolg\u00e1ltat\u00f3: NLG-System Bt.C\u00edm: 2135 Cs\u00f6r\u00f6g, Homokb\u00e1nya u. 26.Tel: +36 27 502-450e-mail: info@nlgsys.netHonlap: http:\/\/nlgsys.net &nbsp; A cookie-k haszn\u00e1lat\u00e1val kapcsolatos t\u00e1j\u00e9koztat\u00e1s Mi az a cookie? Az Adatkezel\u0151 a honlap l\u00e1togat\u00e1sa sor\u00e1n \u00fagynevezett [&hellip;]<\/p>\n","protected":false},"author":2,"featured_media":0,"parent":0,"menu_order":0,"comment_status":"closed","ping_status":"closed","template":"","meta":{"_et_pb_use_builder":"","_et_pb_old_content":"","_et_gb_content_width":"","iawp_total_views":11,"footnotes":""},"class_list":["post-1161","page","type-page","status-publish","hentry"],"yoast_head":"<!-- This site is optimized with the Yoast SEO plugin v27.5 - https:\/\/yoast.com\/product\/yoast-seo-wordpress\/ -->\n<title>Adatv\u00e9delmi ir\u00e1nyelvek - Dr. Hidasi \u00e9s T\u00e1rsai \u00dcgyv\u00e9di Iroda<\/title>\n<meta name=\"robots\" content=\"index, follow, max-snippet:-1, max-image-preview:large, max-video-preview:-1\" \/>\n<link rel=\"canonical\" href=\"https:\/\/www.hidasi.hu\/en\/adatvedelmi-iranyelvek\/\" \/>\n<meta property=\"og:locale\" content=\"en_US\" \/>\n<meta property=\"og:type\" content=\"article\" \/>\n<meta property=\"og:title\" content=\"Adatv\u00e9delmi ir\u00e1nyelvek - Dr. Hidasi \u00e9s T\u00e1rsai \u00dcgyv\u00e9di Iroda\" \/>\n<meta property=\"og:description\" content=\"Weboldal c\u00edme: https:\/\/www.hidasi.hu Az Adatkezel\u0151 adatai: Dr. Hidasi \u00e9s T\u00e1rsai \u00dcgyv\u00e9di IrodaNyilv\u00e1ntart\u00e1si sz\u00e1m: I-1339\/1998Irodavezet\u00f5: Dr. Hidasi G\u00e1borC\u00edm: 1124 Budapest, N\u00e9metv\u00f6lgyi \u00fat 62.Tel.: +36 1 269-3575email:info@hidasi.hu T\u00e1rhely-szolg\u00e1ltat\u00f3: NLG-System Bt.C\u00edm: 2135 Cs\u00f6r\u00f6g, Homokb\u00e1nya u. 26.Tel: +36 27 502-450e-mail: info@nlgsys.netHonlap: http:\/\/nlgsys.net &nbsp; A cookie-k haszn\u00e1lat\u00e1val kapcsolatos t\u00e1j\u00e9koztat\u00e1s Mi az a cookie? Az Adatkezel\u0151 a honlap l\u00e1togat\u00e1sa sor\u00e1n \u00fagynevezett [&hellip;]\" \/>\n<meta property=\"og:url\" content=\"https:\/\/www.hidasi.hu\/en\/adatvedelmi-iranyelvek\/\" \/>\n<meta property=\"og:site_name\" content=\"Dr. Hidasi \u00e9s T\u00e1rsai \u00dcgyv\u00e9di Iroda\" \/>\n<meta name=\"twitter:card\" content=\"summary_large_image\" \/>\n<meta name=\"twitter:label1\" content=\"Est. reading time\" \/>\n\t<meta name=\"twitter:data1\" content=\"3 minutes\" \/>\n<script type=\"application\/ld+json\" class=\"yoast-schema-graph\">{\"@context\":\"https:\\\/\\\/schema.org\",\"@graph\":[{\"@type\":\"WebPage\",\"@id\":\"https:\\\/\\\/www.hidasi.hu\\\/en\\\/adatvedelmi-iranyelvek\\\/\",\"url\":\"https:\\\/\\\/www.hidasi.hu\\\/en\\\/adatvedelmi-iranyelvek\\\/\",\"name\":\"Adatv\u00e9delmi ir\u00e1nyelvek - Dr. Hidasi \u00e9s T\u00e1rsai \u00dcgyv\u00e9di Iroda\",\"isPartOf\":{\"@id\":\"https:\\\/\\\/www.hidasi.hu\\\/en\\\/#website\"},\"datePublished\":\"2018-12-10T10:40:42+00:00\",\"breadcrumb\":{\"@id\":\"https:\\\/\\\/www.hidasi.hu\\\/en\\\/adatvedelmi-iranyelvek\\\/#breadcrumb\"},\"inLanguage\":\"en-US\",\"potentialAction\":[{\"@type\":\"ReadAction\",\"target\":[\"https:\\\/\\\/www.hidasi.hu\\\/en\\\/adatvedelmi-iranyelvek\\\/\"]}]},{\"@type\":\"BreadcrumbList\",\"@id\":\"https:\\\/\\\/www.hidasi.hu\\\/en\\\/adatvedelmi-iranyelvek\\\/#breadcrumb\",\"itemListElement\":[{\"@type\":\"ListItem\",\"position\":1,\"name\":\"Home\",\"item\":\"https:\\\/\\\/www.hidasi.hu\\\/en\\\/\"},{\"@type\":\"ListItem\",\"position\":2,\"name\":\"Adatv\u00e9delmi ir\u00e1nyelvek\"}]},{\"@type\":\"WebSite\",\"@id\":\"https:\\\/\\\/www.hidasi.hu\\\/en\\\/#website\",\"url\":\"https:\\\/\\\/www.hidasi.hu\\\/en\\\/\",\"name\":\"Dr. Hidasi \u00e9s T\u00e1rsai \u00dcgyv\u00e9di Iroda\",\"description\":\"A mi tud\u00e1sunk az \u00d6n biztons\u00e1ga\",\"publisher\":{\"@id\":\"https:\\\/\\\/www.hidasi.hu\\\/en\\\/#organization\"},\"potentialAction\":[{\"@type\":\"SearchAction\",\"target\":{\"@type\":\"EntryPoint\",\"urlTemplate\":\"https:\\\/\\\/www.hidasi.hu\\\/en\\\/?s={search_term_string}\"},\"query-input\":{\"@type\":\"PropertyValueSpecification\",\"valueRequired\":true,\"valueName\":\"search_term_string\"}}],\"inLanguage\":\"en-US\"},{\"@type\":\"Organization\",\"@id\":\"https:\\\/\\\/www.hidasi.hu\\\/en\\\/#organization\",\"name\":\"Dr. Hidasi \u00e9s T\u00e1rsai \u00dcgyv\u00e9di Iroda\",\"url\":\"https:\\\/\\\/www.hidasi.hu\\\/en\\\/\",\"logo\":{\"@type\":\"ImageObject\",\"inLanguage\":\"en-US\",\"@id\":\"https:\\\/\\\/www.hidasi.hu\\\/en\\\/#\\\/schema\\\/logo\\\/image\\\/\",\"url\":\"https:\\\/\\\/www.hidasi.hu\\\/wp-content\\\/uploads\\\/2018\\\/12\\\/logo_hungarian.jpg\",\"contentUrl\":\"https:\\\/\\\/www.hidasi.hu\\\/wp-content\\\/uploads\\\/2018\\\/12\\\/logo_hungarian.jpg\",\"width\":570,\"height\":95,\"caption\":\"Dr. Hidasi \u00e9s T\u00e1rsai \u00dcgyv\u00e9di Iroda\"},\"image\":{\"@id\":\"https:\\\/\\\/www.hidasi.hu\\\/en\\\/#\\\/schema\\\/logo\\\/image\\\/\"}}]}<\/script>\n<!-- \/ Yoast SEO plugin. -->","yoast_head_json":{"title":"Adatv\u00e9delmi ir\u00e1nyelvek - Dr. Hidasi \u00e9s T\u00e1rsai \u00dcgyv\u00e9di Iroda","robots":{"index":"index","follow":"follow","max-snippet":"max-snippet:-1","max-image-preview":"max-image-preview:large","max-video-preview":"max-video-preview:-1"},"canonical":"https:\/\/www.hidasi.hu\/en\/adatvedelmi-iranyelvek\/","og_locale":"en_US","og_type":"article","og_title":"Adatv\u00e9delmi ir\u00e1nyelvek - Dr. Hidasi \u00e9s T\u00e1rsai \u00dcgyv\u00e9di Iroda","og_description":"Weboldal c\u00edme: https:\/\/www.hidasi.hu Az Adatkezel\u0151 adatai: Dr. Hidasi \u00e9s T\u00e1rsai \u00dcgyv\u00e9di IrodaNyilv\u00e1ntart\u00e1si sz\u00e1m: I-1339\/1998Irodavezet\u00f5: Dr. Hidasi G\u00e1borC\u00edm: 1124 Budapest, N\u00e9metv\u00f6lgyi \u00fat 62.Tel.: +36 1 269-3575email:info@hidasi.hu T\u00e1rhely-szolg\u00e1ltat\u00f3: NLG-System Bt.C\u00edm: 2135 Cs\u00f6r\u00f6g, Homokb\u00e1nya u. 26.Tel: +36 27 502-450e-mail: info@nlgsys.netHonlap: http:\/\/nlgsys.net &nbsp; A cookie-k haszn\u00e1lat\u00e1val kapcsolatos t\u00e1j\u00e9koztat\u00e1s Mi az a cookie? Az Adatkezel\u0151 a honlap l\u00e1togat\u00e1sa sor\u00e1n \u00fagynevezett [&hellip;]","og_url":"https:\/\/www.hidasi.hu\/en\/adatvedelmi-iranyelvek\/","og_site_name":"Dr. Hidasi \u00e9s T\u00e1rsai \u00dcgyv\u00e9di Iroda","twitter_card":"summary_large_image","twitter_misc":{"Est. reading time":"3 minutes"},"schema":{"@context":"https:\/\/schema.org","@graph":[{"@type":"WebPage","@id":"https:\/\/www.hidasi.hu\/en\/adatvedelmi-iranyelvek\/","url":"https:\/\/www.hidasi.hu\/en\/adatvedelmi-iranyelvek\/","name":"Adatv\u00e9delmi ir\u00e1nyelvek - Dr. Hidasi \u00e9s T\u00e1rsai \u00dcgyv\u00e9di Iroda","isPartOf":{"@id":"https:\/\/www.hidasi.hu\/en\/#website"},"datePublished":"2018-12-10T10:40:42+00:00","breadcrumb":{"@id":"https:\/\/www.hidasi.hu\/en\/adatvedelmi-iranyelvek\/#breadcrumb"},"inLanguage":"en-US","potentialAction":[{"@type":"ReadAction","target":["https:\/\/www.hidasi.hu\/en\/adatvedelmi-iranyelvek\/"]}]},{"@type":"BreadcrumbList","@id":"https:\/\/www.hidasi.hu\/en\/adatvedelmi-iranyelvek\/#breadcrumb","itemListElement":[{"@type":"ListItem","position":1,"name":"Home","item":"https:\/\/www.hidasi.hu\/en\/"},{"@type":"ListItem","position":2,"name":"Adatv\u00e9delmi ir\u00e1nyelvek"}]},{"@type":"WebSite","@id":"https:\/\/www.hidasi.hu\/en\/#website","url":"https:\/\/www.hidasi.hu\/en\/","name":"Dr. Hidasi \u00e9s T\u00e1rsai \u00dcgyv\u00e9di Iroda","description":"A mi tud\u00e1sunk az \u00d6n biztons\u00e1ga","publisher":{"@id":"https:\/\/www.hidasi.hu\/en\/#organization"},"potentialAction":[{"@type":"SearchAction","target":{"@type":"EntryPoint","urlTemplate":"https:\/\/www.hidasi.hu\/en\/?s={search_term_string}"},"query-input":{"@type":"PropertyValueSpecification","valueRequired":true,"valueName":"search_term_string"}}],"inLanguage":"en-US"},{"@type":"Organization","@id":"https:\/\/www.hidasi.hu\/en\/#organization","name":"Dr. Hidasi \u00e9s T\u00e1rsai \u00dcgyv\u00e9di Iroda","url":"https:\/\/www.hidasi.hu\/en\/","logo":{"@type":"ImageObject","inLanguage":"en-US","@id":"https:\/\/www.hidasi.hu\/en\/#\/schema\/logo\/image\/","url":"https:\/\/www.hidasi.hu\/wp-content\/uploads\/2018\/12\/logo_hungarian.jpg","contentUrl":"https:\/\/www.hidasi.hu\/wp-content\/uploads\/2018\/12\/logo_hungarian.jpg","width":570,"height":95,"caption":"Dr. Hidasi \u00e9s T\u00e1rsai \u00dcgyv\u00e9di Iroda"},"image":{"@id":"https:\/\/www.hidasi.hu\/en\/#\/schema\/logo\/image\/"}}]}},"_links":{"self":[{"href":"https:\/\/www.hidasi.hu\/en\/wp-json\/wp\/v2\/pages\/1161","targetHints":{"allow":["GET"]}}],"collection":[{"href":"https:\/\/www.hidasi.hu\/en\/wp-json\/wp\/v2\/pages"}],"about":[{"href":"https:\/\/www.hidasi.hu\/en\/wp-json\/wp\/v2\/types\/page"}],"author":[{"embeddable":true,"href":"https:\/\/www.hidasi.hu\/en\/wp-json\/wp\/v2\/users\/2"}],"replies":[{"embeddable":true,"href":"https:\/\/www.hidasi.hu\/en\/wp-json\/wp\/v2\/comments?post=1161"}],"version-history":[{"count":0,"href":"https:\/\/www.hidasi.hu\/en\/wp-json\/wp\/v2\/pages\/1161\/revisions"}],"wp:attachment":[{"href":"https:\/\/www.hidasi.hu\/en\/wp-json\/wp\/v2\/media?parent=1161"}],"curies":[{"name":"wp","href":"https:\/\/api.w.org\/{rel}","templated":true}]}}