{"id":433,"date":"2018-12-05T21:13:13","date_gmt":"2018-12-05T21:13:13","guid":{"rendered":"https:\/\/www.hidasi.hu\/?page_id=433"},"modified":"2018-12-06T09:19:09","modified_gmt":"2018-12-06T09:19:09","slug":"partners","status":"publish","type":"page","link":"https:\/\/www.hidasi.hu\/en\/partners\/","title":{"rendered":"Partners"},"content":{"rendered":"<p>[et_pb_section bb_built=&#8221;1&#8243;][et_pb_row][et_pb_column type=&#8221;1_2&#8243;][et_pb_image _builder_version=&#8221;3.17.6&#8243; src=&#8221;https:\/\/www.hidasi.hu\/wp-content\/uploads\/2008\/01\/hg.jpg&#8221; align=&#8221;center&#8221; box_shadow_style=&#8221;preset2&#8243; animation_style=&#8221;slide&#8221; animation_direction=&#8221;left&#8221; \/][et_pb_text _builder_version=&#8221;3.17.6&#8243;]<\/p>\n<h1>Dr. G\u00e1bor Hidasi<\/h1>\n<p>\u00a0<\/p>\n<p><strong>Place and date of birth:<\/strong> Budapest, Hungary 1954, third generation attorney<\/p>\n<p><strong>Children:<\/strong> dr. N\u00f3ra Hidasi (1976) and Linda Hidasi (1984)<\/p>\n<p><strong>Occupation:<\/strong> attorney at law<\/p>\n<p><strong>Position:<\/strong> head of Dr. Hidasi &amp; Partners Law Office<\/p>\n<p><strong>Education:<\/strong><br \/>1973-1978 E\u00f6tv\u00f6s Lor\u00e1nd University of Budapest, Faculty of Law and Political Sciences<br \/>1978 Bachelor degree (cum laude)<br \/>2004 Bar Exam (high honors)<br \/>1983-84 Post grad. education (Karl Ruprecht Universit\u00e4t Juristische Fakult\u00e4t, Heidelberg)<\/p>\n<p><strong>Taineeship:<\/strong><br \/>1978-80 clerk (Central District Court of Pest)<br \/>1980-83 civil\/family law judge (Central District Court of Pest)<br \/>1984-88 rapporteur (Ministry of Justice International Law Department)<br \/>1988-89 civil\/family law judge (Central District Court of Pest)<br \/>1989-91 attorney (no. 2. Attorney partnership)<br \/>1991 attorney, office managing partner (Dr. Hidasi and Partners Law Office)<\/p>\n<p><strong>Language(s):<\/strong> Hungarian, German, English, Italian<\/p>\n<p><strong>Fields of specialities:<\/strong><br \/>a. corporation law<br \/>b. real estate law<br \/>c. administrative law<br \/>d. contract law<br \/>e. tax law<br \/>f. family law<br \/>g. building and construction<\/p>\n<p><strong>Social organizations:<\/strong><br \/>1995 president (Association of Room Tenants)<br \/>2006 president (Budapest Bar Association Committee of Education)<\/p>\n<p>Awards: 2004 E\u00f6tv\u00f6s K\u00e1roly award (Budapest Bar Association)<\/p>\n<p><strong>Books:<\/strong><br \/>The big handbook of property law, co-author (CompLex Kiad\u00f3 Jogi \u00e9s \u00dczleti Tartalomszolg\u00e1ltat\u00f3 Llc., Budapest 2007) The big handbook of property law, co-author (CompLex Kiad\u00f3 Jogi \u00e9s \u00dczleti Tartalomszolg\u00e1ltat\u00f3 Llc.,Budapest 2004)<\/p>\n<p><strong>Other publications:<\/strong><br \/>In \u201cPesti \u00dcgyv\u00e9d\u201d weekly report<br \/>1. Az \u00fcgyv\u00e9d \u00e1ra<br \/>2. Az alap\u00edt\u00f3 okirat kijav\u00edt\u00e1sa<br \/>3. Mi\u00e9rt \u00e9ppen dr. Balogh?<br \/>4. A helyis\u00e9gb\u00e9rleti szerz\u00f5d\u00e9s m\u00f3dos\u00edt\u00e1sa<br \/>5. Alakis\u00e1g, alakszer\u00fbs\u00e9g<br \/>6. A t\u00e1rsash\u00e1z elidegen\u00edt\u00e9si joga<br \/>7. El\u00e9gt\u00e9tel<br \/>8. Mire j\u00f3 az ellenjegyz\u00e9s?<br \/>9. Titoktart\u00e1s, adathasznos\u00edt\u00e1s<br \/>10. Fedezetelvon\u00e1ssal okozott k\u00e1r<br \/>11. Imago animi sermo est<br \/>12. Ha j\u00f6n a felmond\u00e1s<br \/>13. Hozz\u00e1sz\u00f3lok<br \/>14. Mennyi a peres elj\u00e1r\u00e1s illet\u00e9ke?<br \/>15. \u201e\u2026 k\u00e9pviseletnek nincs helye\u201d<br \/>16. Adhat-e meghatalmaz\u00e1st gazdas\u00e1gi t\u00e1rsas\u00e1g vezet\u00f5 tiszts\u00e9gvisel\u00f5je?<br \/>17. Ki perelheti a b\u00e9rl\u00f5t?<br \/>18. K\u00f6z\u00f6s okirat<br \/>19. K\u00fclf\u00f6ldiek ingatlanszerz\u00e9s\u00e9nek enged\u00e9lyez\u00e9se<br \/>20. \u00daj t\u00f6rv\u00e9ny a t\u00e1rsash\u00e1zr\u00f3l<br \/>21. Lehet-e \u00fcgyv\u00e9d k\u00f6z\u00f6s k\u00e9pvisel\u00f5?<br \/>22. L\u00e9tsz\u00e1m \u00e9s sz\u00ednvonal<br \/>23. V\u00e9teli jog elad\u00e1sa<br \/>24. Kell-e sz\u00e1razb\u00e9lyegz\u00f5 a meghatalmaz\u00e1sra? &#8230;<br \/>25. A tag \u00e9s a t\u00e1rsas\u00e1g szerz\u00f5d\u00e9s\u00e9nek<br \/>26. Hej tal\u00e1rom, tal\u00e1rom \u2026<br \/>27. Mikor k\u00f6lcs\u00f6n\u00f6s a t\u00e9ves feltev\u00e9s?<br \/>28. Nemo plus iuris\u2026<br \/>29. A k\u00f6zgy\u00fbl\u00e9si hat\u00e1rozat megt\u00e1mad\u00e1sa<br \/>30. M\u00f3dos\u00edtja-e a t\u00e1rsas\u00e1gi szerz\u00f5d\u00e9st az \u00fczletr\u00e9sz \u00e1truh\u00e1z\u00e1sa-<br \/>31. T\u00f6r\u00f6lt c\u00e9g ingatlana<\/p>\n<p>In \u201cN\u00e9pszabads\u00e1g\u201d daily news<br \/>32. A haszn\u00e1lati jogok<br \/>33. A tulajdonk\u00f6z\u00f6ss\u00e9gek ad\u00f3alanyis\u00e1ga<br \/>34. Ingatlanok ad\u00e1sv\u00e9tele<br \/>35. Az ingatlan \u00e1f\u00e1ja<br \/>36. Alakul\u00f3 k\u00f6zgy\u00fbl\u00e9s<br \/>37. Alapfogalmak a T\u00e1rsash\u00e1zi T\u00f6rv\u00e9nyben<br \/>38. Az alb\u00e9rlet<br \/>39. Az \u00e1llami ingatlantulajdon<br \/>40. Antenna<br \/>41. A b\u00e1natp\u00e9nz<br \/>42. Az utols\u00f3 b\u00e9ke\u00e9v<br \/>43. Ha a b\u00e9rl\u00f5 nem megy ki \u2026<br \/>44. A b\u00e9rleti jog<br \/>45. Felmond\u00e1s, tisztess\u00e9g<br \/>46. A b\u00e9rleti szerz\u00f5d\u00e9s m\u00f3dos\u00edt\u00e1sa<br \/>47. Felel\u00f5ss\u00e9g<br \/>48. Beruh\u00e1z\u00e1s<br \/>49. Blankettaszerz\u00f5d\u00e9sek<br \/>50. B\u00fbncselekm\u00e9nyek \u00e9s szab\u00e1lys\u00e9rt\u00e9sek<br \/>51. Ingatlan manipul\u00e1ci\u00f3k<br \/>52. Lak\u00e1s\u00e9rt \u00e9letj\u00e1rad\u00e9k<br \/>53. F\u00e9lelem b\u00e9re<br \/>54. Lak\u00e1sjogi cikksorozat<br \/>55. Bevezet\u00f5<br \/>56. \u00d6nkorm\u00e1nyzatok szerepe<br \/>57. Birtokv\u00e9delem<br \/>58. Mikor ind\u00edthat\u00f3 birtokper?<br \/>59. B\u00e9rleti szerz\u00f5d\u00e9s<br \/>60. B\u00e9rl\u00f5t\u00e1rsak, befogad\u00e1s<br \/>61. Gazdas\u00e1gi t\u00e1rsas\u00e1g, mint tulajdonos<br \/>62. Lak\u00e1shaszn\u00e1lat \u00e9s a h\u00e1zass\u00e1g felbont\u00e1sa<br \/>63. Az ingatlan-nyilv\u00e1ntart\u00e1s rendszere<br \/>64. Ad\u00e1sv\u00e9tel \u00e9s ingatlan-nyilv\u00e1ntart\u00e1s<br \/>65. Ingatlan\u00fcgyletekkel kapcsolatos hat\u00e1rid\u00f5k<br \/>66. Ingatlan-nyilv\u00e1ntart\u00e1si elj\u00e1r\u00e1s<br \/>67. Bejegyz\u00e9s a tulajdoni lapra<br \/>68. T\u00fal\u00e9p\u00edt\u00e9s-r\u00e1\u00e9p\u00edt\u00e9s<br \/>69. Haszn\u00e1lati jogok<br \/>70. Haszon\u00e9lvezeti jog<br \/>71. A k\u00f6z\u00f6s ingatlan<br \/>72. Az ingatlan rendeltet\u00e9se<br \/>73. B\u00e9rbead\u00e1s kiskapuk n\u00e9lk\u00fcl<br \/>74. B\u00e9rleti d\u00edj vita az \u00f6nkorm\u00e1nyzatokkal<br \/>75. A helyis\u00e9gcsere<br \/>76. A lak\u00e1scsere<br \/>77. Lak\u00e1s\u00e9rt \u00e9letj\u00e1rad\u00e9k<br \/>78. A lak\u00e1smaffia<br \/>79. Ingatlanmanipul\u00e1ci\u00f3k<br \/>80. Blankettaszerz\u00f5d\u00e9sek<br \/>81. \u00dcgyv\u00e9di ellenjegyz\u00e9s<br \/>82. Ingatlanok ad\u00e1sv\u00e9tele<br \/>83. Az elbirtokl\u00e1s<br \/>84. Az el\u00f5v\u00e1s\u00e1rl\u00e1si jog<br \/>85. Szerz\u00f5d\u00e9ses biztos\u00edt\u00e9kok<br \/>86. A b\u00e1natp\u00e9nz<br \/>87. A k\u00f6tb\u00e9r<br \/>88. \u00d3vad\u00e9k<br \/>89. Az el\u00f5leg \u00e9s a foglal\u00f3<br \/>90. B\u00e9rleti jog<br \/>91. A telekalak\u00edt\u00e1s<br \/>92. \u00c1llami ingatlantulajdon<br \/>93. A lak\u00e1ssz\u00f6vetkezet<br \/>94. Az \u00e9p\u00edt\u00e9s\u00fcgyi b\u00edrs\u00e1g<br \/>95. T\u00e1rsash\u00e1zi cikksorozat<br \/>96. R\u00e9gi t\u00e1rsash\u00e1z, \u00faj<br \/>97. \u00daj t\u00e1rsash\u00e1z alap\u00edt\u00e1sa<br \/>98. Alap\u00edt\u00f3 okirat<br \/>99. A k\u00f6zgy\u00fbl\u00e9s, alakul\u00f3 k\u00f6zgy\u00fbl\u00e9s<br \/>100. A megism\u00e9telt \u00e9s a r\u00e9szk\u00f6zgy\u00fbl\u00e9s.<br \/>101. A t\u00e1rsash\u00e1z tulajdoni viszonyai \u2013 a k\u00fcl\u00f6n tulajdon<br \/>102. A k\u00f6z\u00f6s k\u00e9pviselet<br \/>103. A megism\u00e9telt k\u00f6zgy\u00fbl\u00e9s<br \/>104. A t\u00e1rsash\u00e1z szervei<br \/>105. A t\u00e1rsash\u00e1z, mint \u00c1FA-alany<br \/>106. Adatv\u00e9delem a t\u00e1rsash\u00e1zban<br \/>107. \u00c9p\u00edtkez\u00e9s a t\u00e1rsash\u00e1zban<br \/>108. \u00dczlethelyis\u00e9g a t\u00e1rsash\u00e1zban<br \/>109. Alapfogalmak a t\u00e1rsash\u00e1zi t\u00f6rv\u00e9nyben<br \/>110. K\u00f6zgy\u00fbl\u00e9si hat\u00e1rozatok megt\u00e1mad\u00e1sa<br \/>111. Sz\u00e1mvizsg\u00e1l\u00f3 Bizotts\u00e1g<br \/>112. Az int\u00e9z\u00f5bizotts\u00e1g<br \/>113. A t\u00e1rsash\u00e1zzal kapcsolatos illet\u00e9kek<br \/>114. A t\u00e1rsash\u00e1z, mint Szja-alany<br \/>115. Tulajdonk\u00f6z\u00f6ss\u00e9gek<br \/>116. A t\u00e1rsash\u00e1z Szervezeti \u00e9s M\u00fbk\u00f6d\u00e9si Szab\u00e1lyzata<br \/>117. Mit tilt a k\u00f6zgy\u00fbl\u00e9s?<br \/>118. T\u00e1rsash\u00e1zak m\u00fbk\u00f6d\u00e9se<br \/>119. Az alb\u00e9rlet<br \/>120. Ha a szomsz\u00e9d nem fizet<br \/>121. V\u00e1lasz az olvas\u00f3k k\u00e9rd\u00e9seire<br \/>122. A t\u00e1rsash\u00e1zi v\u00edzd\u00edj<br \/>123. A t\u00e1rsash\u00e1zak jelz\u00e1logjoga<br \/>124. A k\u00f6z\u00f6s k\u00e9pviselet korl\u00e1tai<br \/>125. Jogalanyis\u00e1gon innen \u00e9s t\u00fal<br \/>126. A t\u00e1rsash\u00e1zi tulajdon<\/p>\n<p>[\/et_pb_text][\/et_pb_column][et_pb_column type=&#8221;1_2&#8243;][et_pb_image _builder_version=&#8221;3.17.6&#8243; src=&#8221;https:\/\/www.hidasi.hu\/wp-content\/uploads\/2008\/01\/arckep1.jpg&#8221; align=&#8221;center&#8221; box_shadow_style=&#8221;preset2&#8243; animation_style=&#8221;slide&#8221; animation_direction=&#8221;right&#8221; \/][et_pb_text _builder_version=&#8221;3.17.6&#8243;]<\/p>\n<h1>Dr. N\u00f3ra Hidasi-Costa<\/h1>\n<p>&nbsp;<\/p>\n<p><strong>Place and date of birth:<\/strong> Budapest, Hungary 1976 forth generation attorney<\/p>\n<p><strong>Natal name:<\/strong> N\u00f3ra Hidasi<\/p>\n<p><strong>Occupation:<\/strong> attorney at law<\/p>\n<p><strong>Education:<\/strong><br \/>\n1995-2000 P\u00e1zm\u00e1ny P\u00e9ter Catholic University, Faculty of Law and Political Sciences, Hungary<br \/>\n06\/2000 bachelor degree (cum laude)<br \/>\n2001-2002 Boston University, School of Law, Morin Center for Banking, Boston, MA, U.S.A.<br \/>\n05\/2002 LL.M. degree in banking and financial law, with honors<br \/>\n11\/2002 MPRE- part of New York Bar Exam<br \/>\n5\/2008 Hungarian Bar Exam (cum laude)<\/p>\n<p><strong>Traineeship:<br \/>\n<\/strong>1996-1999 legal assistant (Dr. Hidasi and Partners Law Office, Hungary)<br \/>\n1998-1999 assistant clerk (Karl Ruprecht Universit\u00e4t Juristische Fakult\u00e4t, Heidelberg)<br \/>\n2000-2001 judge candidate (Central, Distirct Court of Justice of Budapest, Hungary)<br \/>\n2001-2002 legal researcher and filing supervisor (Boston University, Pappas Law Library, MA, U.S.A.)<br \/>\n08\/2003- judge candidate (Central, Distirct Court of Justice of Budapest, Hungary)<br \/>\n04\/2004 associate (Dr. Hidasi and Partners Law Office, Hungary)<br \/>\n06\/2004 paralegal (Nina Nguyen Law Office, Boston, MA, U.S.A.)<br \/>\n08\/2004 paralegal (Liberty Mutual, Boston, MA, U.S.A.)<br \/>\n05\/2005 consular officer\/ paralegal(Hon. Consulate of the Republic of<br \/>\nHungary\/Foley and Lardner LLP., Boston, MA, U.S.A.)<br \/>\n06\/2007 associate (Dr. Hidasi and Partners Law Office, Hungary)<br \/>\n06\/2008 partner (Dr. Hidasi and Partners Law Office, Hungary)<\/p>\n<p><strong>Language(s):<\/strong> Hungarian, English, German, Russian<\/p>\n<p><strong>Fields of specialities:<br \/>\n<\/strong>a. corporation law<br \/>\nb. real estate law<br \/>\nc. contract law<br \/>\nd. banking and finance<br \/>\nf. family law<br \/>\ng. immigration law<\/p>\n<p>[\/et_pb_text][\/et_pb_column][\/et_pb_row][\/et_pb_section]<\/p>\n","protected":false},"excerpt":{"rendered":"<p><div class=\"et_pb_row et_pb_row_0 et_pb_row_empty\">\n\t\t\t\t\n\t\t\t\t\n\t\t\t\t\n\t\t\t\t\n\t\t\t\t\n\t\t\t<\/div> Dr. G\u00e1bor Hidasi\u00a0Place and date of birth: Budapest, Hungary 1954, third generation attorneyChildren: dr. N\u00f3ra Hidasi (1976) and Linda Hidasi (1984)Occupation: attorney at lawPosition: head of Dr. Hidasi &amp; Partners Law OfficeEducation:1973-1978 E\u00f6tv\u00f6s Lor\u00e1nd University of Budapest, Faculty of Law and Political Sciences1978 Bachelor degree (cum laude)2004 Bar Exam (high honors)1983-84 Post grad. education [&hellip;]<\/p>\n","protected":false},"author":2,"featured_media":0,"parent":0,"menu_order":0,"comment_status":"closed","ping_status":"closed","template":"","meta":{"_et_pb_use_builder":"on","_et_pb_old_content":"","_et_gb_content_width":"","iawp_total_views":224,"footnotes":""},"class_list":["post-433","page","type-page","status-publish","hentry"],"yoast_head":"<!-- This site is optimized with the Yoast SEO plugin v27.6 - https:\/\/yoast.com\/product\/yoast-seo-wordpress\/ -->\n<title>Partners - Dr. Hidasi and Partners Law Firm<\/title>\n<meta name=\"description\" content=\"Dr. G\u00e1bor Hidasi. Place and date of birth: Budapest, Hungary 1954, third generation attorney. Children: dr. N\u00f3ra Hidasi (1976) and Linda Hidasi (1984). Education:1973-1978 E\u00f6tv\u00f6s Lor\u00e1nd University of Budapest, Faculty of Law and Political Sciences 1978 Bachelor degree (cum laude) 2004 Bar Exam (high honors) 1983-84 Post grad. education (Karl Ruprecht Universit\u00e4t Juristische Fakult\u00e4t, Heidelberg)\" \/>\n<meta name=\"robots\" content=\"index, follow, max-snippet:-1, max-image-preview:large, max-video-preview:-1\" \/>\n<link rel=\"canonical\" href=\"https:\/\/www.hidasi.hu\/en\/partners\/\" \/>\n<meta property=\"og:locale\" content=\"en_US\" \/>\n<meta property=\"og:type\" content=\"article\" \/>\n<meta property=\"og:title\" content=\"Partners - Dr. Hidasi and Partners Law Firm\" \/>\n<meta property=\"og:description\" content=\"Dr. G\u00e1bor Hidasi. Place and date of birth: Budapest, Hungary 1954, third generation attorney. Children: dr. N\u00f3ra Hidasi (1976) and Linda Hidasi (1984). Education:1973-1978 E\u00f6tv\u00f6s Lor\u00e1nd University of Budapest, Faculty of Law and Political Sciences 1978 Bachelor degree (cum laude) 2004 Bar Exam (high honors) 1983-84 Post grad. education (Karl Ruprecht Universit\u00e4t Juristische Fakult\u00e4t, Heidelberg)\" \/>\n<meta property=\"og:url\" content=\"https:\/\/www.hidasi.hu\/en\/partners\/\" \/>\n<meta property=\"og:site_name\" content=\"Dr. Hidasi \u00e9s T\u00e1rsai \u00dcgyv\u00e9di Iroda\" \/>\n<meta property=\"article:modified_time\" content=\"2018-12-06T09:19:09+00:00\" \/>\n<meta name=\"twitter:card\" content=\"summary_large_image\" \/>\n<meta name=\"twitter:label1\" content=\"Est. reading time\" \/>\n\t<meta name=\"twitter:data1\" content=\"6 minutes\" \/>\n<script type=\"application\/ld+json\" class=\"yoast-schema-graph\">{\"@context\":\"https:\\\/\\\/schema.org\",\"@graph\":[{\"@type\":\"WebPage\",\"@id\":\"https:\\\/\\\/www.hidasi.hu\\\/en\\\/partners\\\/\",\"url\":\"https:\\\/\\\/www.hidasi.hu\\\/en\\\/partners\\\/\",\"name\":\"Partners - Dr. Hidasi and Partners Law Firm\",\"isPartOf\":{\"@id\":\"https:\\\/\\\/www.hidasi.hu\\\/en\\\/#website\"},\"datePublished\":\"2018-12-05T21:13:13+00:00\",\"dateModified\":\"2018-12-06T09:19:09+00:00\",\"description\":\"Dr. G\u00e1bor Hidasi. Place and date of birth: Budapest, Hungary 1954, third generation attorney. Children: dr. N\u00f3ra Hidasi (1976) and Linda Hidasi (1984). Education:1973-1978 E\u00f6tv\u00f6s Lor\u00e1nd University of Budapest, Faculty of Law and Political Sciences 1978 Bachelor degree (cum laude) 2004 Bar Exam (high honors) 1983-84 Post grad. education (Karl Ruprecht Universit\u00e4t Juristische Fakult\u00e4t, Heidelberg)\",\"breadcrumb\":{\"@id\":\"https:\\\/\\\/www.hidasi.hu\\\/en\\\/partners\\\/#breadcrumb\"},\"inLanguage\":\"en-US\",\"potentialAction\":[{\"@type\":\"ReadAction\",\"target\":[\"https:\\\/\\\/www.hidasi.hu\\\/en\\\/partners\\\/\"]}]},{\"@type\":\"BreadcrumbList\",\"@id\":\"https:\\\/\\\/www.hidasi.hu\\\/en\\\/partners\\\/#breadcrumb\",\"itemListElement\":[{\"@type\":\"ListItem\",\"position\":1,\"name\":\"Home\",\"item\":\"https:\\\/\\\/www.hidasi.hu\\\/en\\\/\"},{\"@type\":\"ListItem\",\"position\":2,\"name\":\"Partners\"}]},{\"@type\":\"WebSite\",\"@id\":\"https:\\\/\\\/www.hidasi.hu\\\/en\\\/#website\",\"url\":\"https:\\\/\\\/www.hidasi.hu\\\/en\\\/\",\"name\":\"Dr. Hidasi \u00e9s T\u00e1rsai \u00dcgyv\u00e9di Iroda\",\"description\":\"A mi tud\u00e1sunk az \u00d6n biztons\u00e1ga\",\"publisher\":{\"@id\":\"https:\\\/\\\/www.hidasi.hu\\\/en\\\/#organization\"},\"potentialAction\":[{\"@type\":\"SearchAction\",\"target\":{\"@type\":\"EntryPoint\",\"urlTemplate\":\"https:\\\/\\\/www.hidasi.hu\\\/en\\\/?s={search_term_string}\"},\"query-input\":{\"@type\":\"PropertyValueSpecification\",\"valueRequired\":true,\"valueName\":\"search_term_string\"}}],\"inLanguage\":\"en-US\"},{\"@type\":\"Organization\",\"@id\":\"https:\\\/\\\/www.hidasi.hu\\\/en\\\/#organization\",\"name\":\"Dr. Hidasi \u00e9s T\u00e1rsai \u00dcgyv\u00e9di Iroda\",\"url\":\"https:\\\/\\\/www.hidasi.hu\\\/en\\\/\",\"logo\":{\"@type\":\"ImageObject\",\"inLanguage\":\"en-US\",\"@id\":\"https:\\\/\\\/www.hidasi.hu\\\/en\\\/#\\\/schema\\\/logo\\\/image\\\/\",\"url\":\"https:\\\/\\\/www.hidasi.hu\\\/wp-content\\\/uploads\\\/2018\\\/12\\\/logo_hungarian.jpg\",\"contentUrl\":\"https:\\\/\\\/www.hidasi.hu\\\/wp-content\\\/uploads\\\/2018\\\/12\\\/logo_hungarian.jpg\",\"width\":570,\"height\":95,\"caption\":\"Dr. Hidasi \u00e9s T\u00e1rsai \u00dcgyv\u00e9di Iroda\"},\"image\":{\"@id\":\"https:\\\/\\\/www.hidasi.hu\\\/en\\\/#\\\/schema\\\/logo\\\/image\\\/\"}}]}<\/script>\n<!-- \/ Yoast SEO plugin. -->","yoast_head_json":{"title":"Partners - Dr. Hidasi and Partners Law Firm","description":"Dr. G\u00e1bor Hidasi. Place and date of birth: Budapest, Hungary 1954, third generation attorney. Children: dr. N\u00f3ra Hidasi (1976) and Linda Hidasi (1984). Education:1973-1978 E\u00f6tv\u00f6s Lor\u00e1nd University of Budapest, Faculty of Law and Political Sciences 1978 Bachelor degree (cum laude) 2004 Bar Exam (high honors) 1983-84 Post grad. education (Karl Ruprecht Universit\u00e4t Juristische Fakult\u00e4t, Heidelberg)","robots":{"index":"index","follow":"follow","max-snippet":"max-snippet:-1","max-image-preview":"max-image-preview:large","max-video-preview":"max-video-preview:-1"},"canonical":"https:\/\/www.hidasi.hu\/en\/partners\/","og_locale":"en_US","og_type":"article","og_title":"Partners - Dr. Hidasi and Partners Law Firm","og_description":"Dr. G\u00e1bor Hidasi. Place and date of birth: Budapest, Hungary 1954, third generation attorney. Children: dr. N\u00f3ra Hidasi (1976) and Linda Hidasi (1984). Education:1973-1978 E\u00f6tv\u00f6s Lor\u00e1nd University of Budapest, Faculty of Law and Political Sciences 1978 Bachelor degree (cum laude) 2004 Bar Exam (high honors) 1983-84 Post grad. education (Karl Ruprecht Universit\u00e4t Juristische Fakult\u00e4t, Heidelberg)","og_url":"https:\/\/www.hidasi.hu\/en\/partners\/","og_site_name":"Dr. Hidasi \u00e9s T\u00e1rsai \u00dcgyv\u00e9di Iroda","article_modified_time":"2018-12-06T09:19:09+00:00","twitter_card":"summary_large_image","twitter_misc":{"Est. reading time":"6 minutes"},"schema":{"@context":"https:\/\/schema.org","@graph":[{"@type":"WebPage","@id":"https:\/\/www.hidasi.hu\/en\/partners\/","url":"https:\/\/www.hidasi.hu\/en\/partners\/","name":"Partners - Dr. Hidasi and Partners Law Firm","isPartOf":{"@id":"https:\/\/www.hidasi.hu\/en\/#website"},"datePublished":"2018-12-05T21:13:13+00:00","dateModified":"2018-12-06T09:19:09+00:00","description":"Dr. G\u00e1bor Hidasi. Place and date of birth: Budapest, Hungary 1954, third generation attorney. Children: dr. N\u00f3ra Hidasi (1976) and Linda Hidasi (1984). Education:1973-1978 E\u00f6tv\u00f6s Lor\u00e1nd University of Budapest, Faculty of Law and Political Sciences 1978 Bachelor degree (cum laude) 2004 Bar Exam (high honors) 1983-84 Post grad. education (Karl Ruprecht Universit\u00e4t Juristische Fakult\u00e4t, Heidelberg)","breadcrumb":{"@id":"https:\/\/www.hidasi.hu\/en\/partners\/#breadcrumb"},"inLanguage":"en-US","potentialAction":[{"@type":"ReadAction","target":["https:\/\/www.hidasi.hu\/en\/partners\/"]}]},{"@type":"BreadcrumbList","@id":"https:\/\/www.hidasi.hu\/en\/partners\/#breadcrumb","itemListElement":[{"@type":"ListItem","position":1,"name":"Home","item":"https:\/\/www.hidasi.hu\/en\/"},{"@type":"ListItem","position":2,"name":"Partners"}]},{"@type":"WebSite","@id":"https:\/\/www.hidasi.hu\/en\/#website","url":"https:\/\/www.hidasi.hu\/en\/","name":"Dr. Hidasi \u00e9s T\u00e1rsai \u00dcgyv\u00e9di Iroda","description":"A mi tud\u00e1sunk az \u00d6n biztons\u00e1ga","publisher":{"@id":"https:\/\/www.hidasi.hu\/en\/#organization"},"potentialAction":[{"@type":"SearchAction","target":{"@type":"EntryPoint","urlTemplate":"https:\/\/www.hidasi.hu\/en\/?s={search_term_string}"},"query-input":{"@type":"PropertyValueSpecification","valueRequired":true,"valueName":"search_term_string"}}],"inLanguage":"en-US"},{"@type":"Organization","@id":"https:\/\/www.hidasi.hu\/en\/#organization","name":"Dr. Hidasi \u00e9s T\u00e1rsai \u00dcgyv\u00e9di Iroda","url":"https:\/\/www.hidasi.hu\/en\/","logo":{"@type":"ImageObject","inLanguage":"en-US","@id":"https:\/\/www.hidasi.hu\/en\/#\/schema\/logo\/image\/","url":"https:\/\/www.hidasi.hu\/wp-content\/uploads\/2018\/12\/logo_hungarian.jpg","contentUrl":"https:\/\/www.hidasi.hu\/wp-content\/uploads\/2018\/12\/logo_hungarian.jpg","width":570,"height":95,"caption":"Dr. Hidasi \u00e9s T\u00e1rsai \u00dcgyv\u00e9di Iroda"},"image":{"@id":"https:\/\/www.hidasi.hu\/en\/#\/schema\/logo\/image\/"}}]}},"_links":{"self":[{"href":"https:\/\/www.hidasi.hu\/en\/wp-json\/wp\/v2\/pages\/433","targetHints":{"allow":["GET"]}}],"collection":[{"href":"https:\/\/www.hidasi.hu\/en\/wp-json\/wp\/v2\/pages"}],"about":[{"href":"https:\/\/www.hidasi.hu\/en\/wp-json\/wp\/v2\/types\/page"}],"author":[{"embeddable":true,"href":"https:\/\/www.hidasi.hu\/en\/wp-json\/wp\/v2\/users\/2"}],"replies":[{"embeddable":true,"href":"https:\/\/www.hidasi.hu\/en\/wp-json\/wp\/v2\/comments?post=433"}],"version-history":[{"count":8,"href":"https:\/\/www.hidasi.hu\/en\/wp-json\/wp\/v2\/pages\/433\/revisions"}],"predecessor-version":[{"id":449,"href":"https:\/\/www.hidasi.hu\/en\/wp-json\/wp\/v2\/pages\/433\/revisions\/449"}],"wp:attachment":[{"href":"https:\/\/www.hidasi.hu\/en\/wp-json\/wp\/v2\/media?parent=433"}],"curies":[{"name":"wp","href":"https:\/\/api.w.org\/{rel}","templated":true}]}}