{"id":465,"date":"2018-12-06T10:16:28","date_gmt":"2018-12-06T10:16:28","guid":{"rendered":"https:\/\/www.hidasi.hu\/?page_id=465"},"modified":"2018-12-06T10:16:28","modified_gmt":"2018-12-06T10:16:28","slug":"client-attorney-privilege","status":"publish","type":"page","link":"https:\/\/www.hidasi.hu\/en\/client-attorney-privilege\/","title":{"rendered":"Client-attorney privilege"},"content":{"rendered":"<p>[et_pb_section bb_built=&#8221;1&#8243; _builder_version=&#8221;3.0.47&#8243;][et_pb_row _builder_version=&#8221;3.17.6&#8243; background_size=&#8221;initial&#8221; background_position=&#8221;top_left&#8221; background_repeat=&#8221;repeat&#8221; custom_margin=&#8221;0px|||&#8221; custom_padding=&#8221;0px|||&#8221;][et_pb_column type=&#8221;3_4&#8243;][et_pb_image src=&#8221;https:\/\/www.hidasi.hu\/wp-content\/uploads\/2018\/12\/logo_english.jpg&#8221; _builder_version=&#8221;3.17.6&#8243; animation_style=&#8221;slide&#8221; animation_direction=&#8221;left&#8221; \/][et_pb_text _builder_version=&#8221;3.17.6&#8243;]<\/p>\n<p>&nbsp;<\/p>\n<h1>Client-attorney privilege<\/h1>\n<p>&nbsp;<br \/>\nThe obligation of secrecy is one of the most sensitive areas of the attorney-client relationship. In order to represent his client effectively, the attorney must be familiar with all facts and data relevant to the matter in hand and to the interests of the client.<br \/>\nThe diversity of an attorney\u2019s activities makes it difficult to give a comprehensive definition of data covered by attorney confidentiality. For the same reason, the Attorneys Act (no. XI of 1998), which defines attorney confidentiality, provides no guidelines in this respect. The Act provides only that the attorney\u2019s confidentiality obligation extends to all facts and data of which he gains knowledge in the course of practicing his profession. Attorney\u2019s confidentiality obligation. The scope of data subject to attorney confidentiality is in practical terms impossible to define item by item, because it spans the client\u2019s personal and confidential business data (business contacts and the company\u2019s revenue affairs and financial position), frequently data covered by bank and tax confidentiality (money movements, bank account debits, tax and contribution payments and returns data) and \u2013 in matters of family law or personal status \u2013 data relating to the family relationships or health of the client and \u2013 in some cases \u2013 of the adversely interested party.<br \/>\nThe client thus undoubtedly has a relationship of trust with his legal representative which demands that the data he provides to his attorney should be treated in confidence.<br \/>\nThe attorney\u2019s confidentiality obligation involves all actions required to ensure that the information coming into his knowledge is not disclosed to an unauthorized third party. The attorney\u2019s confidentiality obligation thus goes further than an \u201cobligation of silence\u201d, and applies to the handling of all (usually electronic or paper-based) data media produced by or given to the attorney and containing data subject to attorney confidentiality.<br \/>\nThe attorney\u2019s confidentiality obligation is independent of how or whether the attorney is under instruction from the client. This means that the attorney\u2019s confidentiality obligation is established when the first attorney-client contact takes place. It is therefore not conditional on the client actually, formally instructing the attorney. It is established even if the client only approaches the attorney for advice and then ends the relationship without any further work being done. The attorney\u2019s confidentiality obligation is independence from the client\u2019s instructions also applies to the termination of instructions. The attorney is obliged to safeguard confidential data even after he has fulfilled the client\u2019s instructions or the instructions are terminated by either the client or the attorney.<br \/>\nData subject to attorney confidentiality is also to be protected from authorities investigating the attorney\u2019s activities. This means that in the course of an official investigation of the attorney (e.g. search of premises by an investigating authority, tax inspection), the authority is not entitled to discover these data, indeed it is the attorney\u2019s express obligation to protect from the authorities data subject to attorney confidentiality.<br \/>\nThe attorney may be granted exemption from the confidentiality obligation solely by the party responsible for the data, i.e. the client, the client\u2019s legal successor or a party authorized by law to represent the client.<br \/>\nThe attorney\u2019s confidentiality obligation \u2013 including the establishment and termination of the obligation as discussed above \u2013 is borne not only by the attorney in person but also by the employees of the attorney or law office (trainee attorneys, administrative staff) and attorney associations and their office bearers and employees,.<br \/>\nThe attorney is liable to safeguard the confidential data entrusted to him. The competent Bar Association may launch disciplinary proceedings against an attorney who breaches confidentiality. The disciplinary council of the Association, if it finds the attorney to be culpable, may impose disciplinary a sanction, which may be a fine, or in more serious cases, expulsion from the Association. In addition to ethical accountability to the professional body, the attorney bears liability under material and criminal law. This means that financial and non-financial compensation may be claimed under the general rules of civil law from an attorney who breaches his attorney\u2019s confidentiality obligation. The Hungarian Criminal Code does not treat breach of attorney confidentiality as a separate crime, and so the attorney is subject to the rules which apply to everyone, although there can be no doubt that the attorney\u2026<\/p>\n<p>[\/et_pb_text][\/et_pb_column][et_pb_column type=&#8221;1_4&#8243;][et_pb_sidebar area=&#8221;et_pb_widget_area_1&#8243; _builder_version=&#8221;3.17.6&#8243; orientation=&#8221;right&#8221; text_orientation=&#8221;center&#8221; \/][\/et_pb_column][\/et_pb_row][\/et_pb_section]<\/p>\n","protected":false},"excerpt":{"rendered":"<p>&nbsp; Client-attorney privilege &nbsp; The obligation of secrecy is one of the most sensitive areas of the attorney-client relationship. In order to represent his client effectively, the attorney must be familiar with all facts and data relevant to the matter in hand and to the interests of the client. The diversity of an attorney\u2019s activities [&hellip;]<\/p>\n","protected":false},"author":2,"featured_media":0,"parent":0,"menu_order":0,"comment_status":"closed","ping_status":"closed","template":"","meta":{"_et_pb_use_builder":"on","_et_pb_old_content":"","_et_gb_content_width":"","iawp_total_views":70,"footnotes":""},"class_list":["post-465","page","type-page","status-publish","hentry"],"yoast_head":"<!-- This site is optimized with the Yoast SEO plugin v27.6 - https:\/\/yoast.com\/product\/yoast-seo-wordpress\/ -->\n<title>Client-attorney privilege - Dr. Hidasi and Partners Law Firm<\/title>\n<meta name=\"description\" content=\"The obligation of secrecy is one of the most sensitive areas of the attorney-client relationship. In order to represent his client effectively, the attorney must be familiar with all facts and data relevant to the matter in hand and to the interests of the client.\" \/>\n<meta name=\"robots\" content=\"index, follow, max-snippet:-1, max-image-preview:large, max-video-preview:-1\" \/>\n<link rel=\"canonical\" href=\"https:\/\/www.hidasi.hu\/en\/client-attorney-privilege\/\" \/>\n<meta property=\"og:locale\" content=\"en_US\" \/>\n<meta property=\"og:type\" content=\"article\" \/>\n<meta property=\"og:title\" content=\"Client-attorney privilege - Dr. Hidasi and Partners Law Firm\" \/>\n<meta property=\"og:description\" content=\"The obligation of secrecy is one of the most sensitive areas of the attorney-client relationship. In order to represent his client effectively, the attorney must be familiar with all facts and data relevant to the matter in hand and to the interests of the client.\" \/>\n<meta property=\"og:url\" content=\"https:\/\/www.hidasi.hu\/en\/client-attorney-privilege\/\" \/>\n<meta property=\"og:site_name\" content=\"Dr. Hidasi \u00e9s T\u00e1rsai \u00dcgyv\u00e9di Iroda\" \/>\n<meta name=\"twitter:card\" content=\"summary_large_image\" \/>\n<meta name=\"twitter:label1\" content=\"Est. reading time\" \/>\n\t<meta name=\"twitter:data1\" content=\"4 minutes\" \/>\n<script type=\"application\/ld+json\" class=\"yoast-schema-graph\">{\"@context\":\"https:\\\/\\\/schema.org\",\"@graph\":[{\"@type\":\"WebPage\",\"@id\":\"https:\\\/\\\/www.hidasi.hu\\\/en\\\/client-attorney-privilege\\\/\",\"url\":\"https:\\\/\\\/www.hidasi.hu\\\/en\\\/client-attorney-privilege\\\/\",\"name\":\"Client-attorney privilege - Dr. Hidasi and Partners Law Firm\",\"isPartOf\":{\"@id\":\"https:\\\/\\\/www.hidasi.hu\\\/en\\\/#website\"},\"datePublished\":\"2018-12-06T10:16:28+00:00\",\"description\":\"The obligation of secrecy is one of the most sensitive areas of the attorney-client relationship. In order to represent his client effectively, the attorney must be familiar with all facts and data relevant to the matter in hand and to the interests of the client.\",\"breadcrumb\":{\"@id\":\"https:\\\/\\\/www.hidasi.hu\\\/en\\\/client-attorney-privilege\\\/#breadcrumb\"},\"inLanguage\":\"en-US\",\"potentialAction\":[{\"@type\":\"ReadAction\",\"target\":[\"https:\\\/\\\/www.hidasi.hu\\\/en\\\/client-attorney-privilege\\\/\"]}]},{\"@type\":\"BreadcrumbList\",\"@id\":\"https:\\\/\\\/www.hidasi.hu\\\/en\\\/client-attorney-privilege\\\/#breadcrumb\",\"itemListElement\":[{\"@type\":\"ListItem\",\"position\":1,\"name\":\"Home\",\"item\":\"https:\\\/\\\/www.hidasi.hu\\\/en\\\/\"},{\"@type\":\"ListItem\",\"position\":2,\"name\":\"Client-attorney privilege\"}]},{\"@type\":\"WebSite\",\"@id\":\"https:\\\/\\\/www.hidasi.hu\\\/en\\\/#website\",\"url\":\"https:\\\/\\\/www.hidasi.hu\\\/en\\\/\",\"name\":\"Dr. Hidasi \u00e9s T\u00e1rsai \u00dcgyv\u00e9di Iroda\",\"description\":\"A mi tud\u00e1sunk az \u00d6n biztons\u00e1ga\",\"publisher\":{\"@id\":\"https:\\\/\\\/www.hidasi.hu\\\/en\\\/#organization\"},\"potentialAction\":[{\"@type\":\"SearchAction\",\"target\":{\"@type\":\"EntryPoint\",\"urlTemplate\":\"https:\\\/\\\/www.hidasi.hu\\\/en\\\/?s={search_term_string}\"},\"query-input\":{\"@type\":\"PropertyValueSpecification\",\"valueRequired\":true,\"valueName\":\"search_term_string\"}}],\"inLanguage\":\"en-US\"},{\"@type\":\"Organization\",\"@id\":\"https:\\\/\\\/www.hidasi.hu\\\/en\\\/#organization\",\"name\":\"Dr. Hidasi \u00e9s T\u00e1rsai \u00dcgyv\u00e9di Iroda\",\"url\":\"https:\\\/\\\/www.hidasi.hu\\\/en\\\/\",\"logo\":{\"@type\":\"ImageObject\",\"inLanguage\":\"en-US\",\"@id\":\"https:\\\/\\\/www.hidasi.hu\\\/en\\\/#\\\/schema\\\/logo\\\/image\\\/\",\"url\":\"https:\\\/\\\/www.hidasi.hu\\\/wp-content\\\/uploads\\\/2018\\\/12\\\/logo_hungarian.jpg\",\"contentUrl\":\"https:\\\/\\\/www.hidasi.hu\\\/wp-content\\\/uploads\\\/2018\\\/12\\\/logo_hungarian.jpg\",\"width\":570,\"height\":95,\"caption\":\"Dr. Hidasi \u00e9s T\u00e1rsai \u00dcgyv\u00e9di Iroda\"},\"image\":{\"@id\":\"https:\\\/\\\/www.hidasi.hu\\\/en\\\/#\\\/schema\\\/logo\\\/image\\\/\"}}]}<\/script>\n<!-- \/ Yoast SEO plugin. -->","yoast_head_json":{"title":"Client-attorney privilege - Dr. Hidasi and Partners Law Firm","description":"The obligation of secrecy is one of the most sensitive areas of the attorney-client relationship. In order to represent his client effectively, the attorney must be familiar with all facts and data relevant to the matter in hand and to the interests of the client.","robots":{"index":"index","follow":"follow","max-snippet":"max-snippet:-1","max-image-preview":"max-image-preview:large","max-video-preview":"max-video-preview:-1"},"canonical":"https:\/\/www.hidasi.hu\/en\/client-attorney-privilege\/","og_locale":"en_US","og_type":"article","og_title":"Client-attorney privilege - Dr. Hidasi and Partners Law Firm","og_description":"The obligation of secrecy is one of the most sensitive areas of the attorney-client relationship. In order to represent his client effectively, the attorney must be familiar with all facts and data relevant to the matter in hand and to the interests of the client.","og_url":"https:\/\/www.hidasi.hu\/en\/client-attorney-privilege\/","og_site_name":"Dr. Hidasi \u00e9s T\u00e1rsai \u00dcgyv\u00e9di Iroda","twitter_card":"summary_large_image","twitter_misc":{"Est. reading time":"4 minutes"},"schema":{"@context":"https:\/\/schema.org","@graph":[{"@type":"WebPage","@id":"https:\/\/www.hidasi.hu\/en\/client-attorney-privilege\/","url":"https:\/\/www.hidasi.hu\/en\/client-attorney-privilege\/","name":"Client-attorney privilege - Dr. Hidasi and Partners Law Firm","isPartOf":{"@id":"https:\/\/www.hidasi.hu\/en\/#website"},"datePublished":"2018-12-06T10:16:28+00:00","description":"The obligation of secrecy is one of the most sensitive areas of the attorney-client relationship. In order to represent his client effectively, the attorney must be familiar with all facts and data relevant to the matter in hand and to the interests of the client.","breadcrumb":{"@id":"https:\/\/www.hidasi.hu\/en\/client-attorney-privilege\/#breadcrumb"},"inLanguage":"en-US","potentialAction":[{"@type":"ReadAction","target":["https:\/\/www.hidasi.hu\/en\/client-attorney-privilege\/"]}]},{"@type":"BreadcrumbList","@id":"https:\/\/www.hidasi.hu\/en\/client-attorney-privilege\/#breadcrumb","itemListElement":[{"@type":"ListItem","position":1,"name":"Home","item":"https:\/\/www.hidasi.hu\/en\/"},{"@type":"ListItem","position":2,"name":"Client-attorney privilege"}]},{"@type":"WebSite","@id":"https:\/\/www.hidasi.hu\/en\/#website","url":"https:\/\/www.hidasi.hu\/en\/","name":"Dr. Hidasi \u00e9s T\u00e1rsai \u00dcgyv\u00e9di Iroda","description":"A mi tud\u00e1sunk az \u00d6n biztons\u00e1ga","publisher":{"@id":"https:\/\/www.hidasi.hu\/en\/#organization"},"potentialAction":[{"@type":"SearchAction","target":{"@type":"EntryPoint","urlTemplate":"https:\/\/www.hidasi.hu\/en\/?s={search_term_string}"},"query-input":{"@type":"PropertyValueSpecification","valueRequired":true,"valueName":"search_term_string"}}],"inLanguage":"en-US"},{"@type":"Organization","@id":"https:\/\/www.hidasi.hu\/en\/#organization","name":"Dr. Hidasi \u00e9s T\u00e1rsai \u00dcgyv\u00e9di Iroda","url":"https:\/\/www.hidasi.hu\/en\/","logo":{"@type":"ImageObject","inLanguage":"en-US","@id":"https:\/\/www.hidasi.hu\/en\/#\/schema\/logo\/image\/","url":"https:\/\/www.hidasi.hu\/wp-content\/uploads\/2018\/12\/logo_hungarian.jpg","contentUrl":"https:\/\/www.hidasi.hu\/wp-content\/uploads\/2018\/12\/logo_hungarian.jpg","width":570,"height":95,"caption":"Dr. Hidasi \u00e9s T\u00e1rsai \u00dcgyv\u00e9di Iroda"},"image":{"@id":"https:\/\/www.hidasi.hu\/en\/#\/schema\/logo\/image\/"}}]}},"_links":{"self":[{"href":"https:\/\/www.hidasi.hu\/en\/wp-json\/wp\/v2\/pages\/465","targetHints":{"allow":["GET"]}}],"collection":[{"href":"https:\/\/www.hidasi.hu\/en\/wp-json\/wp\/v2\/pages"}],"about":[{"href":"https:\/\/www.hidasi.hu\/en\/wp-json\/wp\/v2\/types\/page"}],"author":[{"embeddable":true,"href":"https:\/\/www.hidasi.hu\/en\/wp-json\/wp\/v2\/users\/2"}],"replies":[{"embeddable":true,"href":"https:\/\/www.hidasi.hu\/en\/wp-json\/wp\/v2\/comments?post=465"}],"version-history":[{"count":2,"href":"https:\/\/www.hidasi.hu\/en\/wp-json\/wp\/v2\/pages\/465\/revisions"}],"predecessor-version":[{"id":467,"href":"https:\/\/www.hidasi.hu\/en\/wp-json\/wp\/v2\/pages\/465\/revisions\/467"}],"wp:attachment":[{"href":"https:\/\/www.hidasi.hu\/en\/wp-json\/wp\/v2\/media?parent=465"}],"curies":[{"name":"wp","href":"https:\/\/api.w.org\/{rel}","templated":true}]}}