{"id":488,"date":"2018-12-06T11:39:37","date_gmt":"2018-12-06T11:39:37","guid":{"rendered":"https:\/\/www.hidasi.hu\/?page_id=488"},"modified":"2020-02-21T08:51:39","modified_gmt":"2020-02-21T08:51:39","slug":"imprint","status":"publish","type":"page","link":"https:\/\/www.hidasi.hu\/en\/imprint\/","title":{"rendered":"Imprint"},"content":{"rendered":"<p>[et_pb_section fb_built=&#8221;1&#8243; _builder_version=&#8221;3.22&#8243;][et_pb_row _builder_version=&#8221;3.25&#8243; background_size=&#8221;initial&#8221; background_position=&#8221;top_left&#8221; background_repeat=&#8221;repeat&#8221; custom_margin=&#8221;0px|||&#8221; custom_padding=&#8221;0px|||&#8221; column_structure=&#8221;3_4,1_4&#8243;][et_pb_column type=&#8221;3_4&#8243; _builder_version=&#8221;3.25&#8243; custom_padding=&#8221;|||&#8221; custom_padding__hover=&#8221;|||&#8221;][et_pb_image src=&#8221;https:\/\/www.hidasi.hu\/wp-content\/uploads\/2018\/12\/logo_english.jpg&#8221; align_tablet=&#8221;center&#8221; align_last_edited=&#8221;on|desktop&#8221; _builder_version=&#8221;3.23&#8243; animation_style=&#8221;slide&#8221; animation_direction=&#8221;left&#8221;][\/et_pb_image][et_pb_text _builder_version=&#8221;4.3.2&#8243; hover_enabled=&#8221;0&#8243;]<\/p>\n<p>&nbsp;<\/p>\n<h1>Imprint<\/h1>\n<p>&nbsp;<\/p>\n<p>This website is maintained by Dr. Hidasi and Partners Law Office, registered in the Budapest Bar Association, according to the legal regulations concerning lawyers and other regulations.<\/p>\n<p>The law office&#8217;s data:<br \/><strong>Name:<\/strong> Dr. Hidasi and Partners Law Office<br \/><strong>Register number:<\/strong> I-1339\/1998<br \/><strong>Head of office:<\/strong> Dr. G\u00e1bor Hidasi<br \/><strong>Address:<\/strong> H-1124 Budapest, N\u00e9metv\u00f6lgyi str. 62.<br \/><strong>Tel.:<\/strong> (+361) 269-3575<br \/><strong>Bank contact:<\/strong> OTP Bank Nyrt. 11712073-20000985-00000000<br \/><strong>E-mail:<\/strong> info@hidasi.hu<br \/><strong>Internet:<\/strong> https:\/\/www.hidasi.hu<br \/><strong>Tax number:<\/strong> 28180012-2-43<br \/><strong>EU Community tax number:<\/strong> HU 28180012<\/p>\n<p>Legal regulations concerning lawyers and other regulations together with the information about client rights are published on the website of Hungarian Bar Association.<\/p>\n<p>[\/et_pb_text][\/et_pb_column][et_pb_column type=&#8221;1_4&#8243; _builder_version=&#8221;3.25&#8243; custom_padding=&#8221;|||&#8221; custom_padding__hover=&#8221;|||&#8221;][et_pb_sidebar orientation=&#8221;right&#8221; area=&#8221;et_pb_widget_area_1&#8243; _builder_version=&#8221;3.17.6&#8243; text_orientation=&#8221;center&#8221;][\/et_pb_sidebar][\/et_pb_column][\/et_pb_row][\/et_pb_section]<\/p>\n","protected":false},"excerpt":{"rendered":"<p>&nbsp; Imprint &nbsp; This website is maintained by Dr. Hidasi and Partners Law Office, registered in the Budapest Bar Association, according to the legal regulations concerning lawyers and other regulations. The law office&#8217;s data:Name: Dr. Hidasi and Partners Law OfficeRegister number: I-1339\/1998Head of office: Dr. G\u00e1bor HidasiAddress: H-1124 Budapest, N\u00e9metv\u00f6lgyi str. 62.Tel.: (+361) 269-3575Bank contact: [&hellip;]<\/p>\n","protected":false},"author":2,"featured_media":0,"parent":0,"menu_order":0,"comment_status":"closed","ping_status":"closed","template":"","meta":{"_et_pb_use_builder":"on","_et_pb_old_content":"","_et_gb_content_width":"","iawp_total_views":30,"footnotes":""},"class_list":["post-488","page","type-page","status-publish","hentry"],"yoast_head":"<!-- This site is optimized with the Yoast SEO plugin v27.5 - https:\/\/yoast.com\/product\/yoast-seo-wordpress\/ -->\n<title>Imprint - Dr. Hidasi and Partners Law Firm<\/title>\n<meta name=\"description\" content=\"This website is maintained by Dr. Hidasi and Partners Law Office, registered in the Budapest Bar Association, according to the legal regulations concerning lawyers and other regulations.\" \/>\n<meta name=\"robots\" content=\"index, follow, max-snippet:-1, max-image-preview:large, max-video-preview:-1\" \/>\n<link rel=\"canonical\" href=\"https:\/\/www.hidasi.hu\/en\/imprint\/\" \/>\n<meta property=\"og:locale\" content=\"en_US\" \/>\n<meta property=\"og:type\" content=\"article\" \/>\n<meta property=\"og:title\" content=\"Imprint - Dr. Hidasi and Partners Law Firm\" \/>\n<meta property=\"og:description\" content=\"This website is maintained by Dr. Hidasi and Partners Law Office, registered in the Budapest Bar Association, according to the legal regulations concerning lawyers and other regulations.\" \/>\n<meta property=\"og:url\" content=\"https:\/\/www.hidasi.hu\/en\/imprint\/\" \/>\n<meta property=\"og:site_name\" content=\"Dr. Hidasi \u00e9s T\u00e1rsai \u00dcgyv\u00e9di Iroda\" \/>\n<meta property=\"article:modified_time\" content=\"2020-02-21T08:51:39+00:00\" \/>\n<meta name=\"twitter:card\" content=\"summary_large_image\" \/>\n<meta name=\"twitter:label1\" content=\"Est. reading time\" \/>\n\t<meta name=\"twitter:data1\" content=\"1 minute\" \/>\n<script type=\"application\/ld+json\" class=\"yoast-schema-graph\">{\"@context\":\"https:\\\/\\\/schema.org\",\"@graph\":[{\"@type\":\"WebPage\",\"@id\":\"https:\\\/\\\/www.hidasi.hu\\\/en\\\/imprint\\\/\",\"url\":\"https:\\\/\\\/www.hidasi.hu\\\/en\\\/imprint\\\/\",\"name\":\"Imprint - Dr. Hidasi and Partners Law Firm\",\"isPartOf\":{\"@id\":\"https:\\\/\\\/www.hidasi.hu\\\/en\\\/#website\"},\"datePublished\":\"2018-12-06T11:39:37+00:00\",\"dateModified\":\"2020-02-21T08:51:39+00:00\",\"description\":\"This website is maintained by Dr. Hidasi and Partners Law Office, registered in the Budapest Bar Association, according to the legal regulations concerning lawyers and other regulations.\",\"breadcrumb\":{\"@id\":\"https:\\\/\\\/www.hidasi.hu\\\/en\\\/imprint\\\/#breadcrumb\"},\"inLanguage\":\"en-US\",\"potentialAction\":[{\"@type\":\"ReadAction\",\"target\":[\"https:\\\/\\\/www.hidasi.hu\\\/en\\\/imprint\\\/\"]}]},{\"@type\":\"BreadcrumbList\",\"@id\":\"https:\\\/\\\/www.hidasi.hu\\\/en\\\/imprint\\\/#breadcrumb\",\"itemListElement\":[{\"@type\":\"ListItem\",\"position\":1,\"name\":\"Home\",\"item\":\"https:\\\/\\\/www.hidasi.hu\\\/en\\\/\"},{\"@type\":\"ListItem\",\"position\":2,\"name\":\"Imprint\"}]},{\"@type\":\"WebSite\",\"@id\":\"https:\\\/\\\/www.hidasi.hu\\\/en\\\/#website\",\"url\":\"https:\\\/\\\/www.hidasi.hu\\\/en\\\/\",\"name\":\"Dr. Hidasi \u00e9s T\u00e1rsai \u00dcgyv\u00e9di Iroda\",\"description\":\"A mi tud\u00e1sunk az \u00d6n biztons\u00e1ga\",\"publisher\":{\"@id\":\"https:\\\/\\\/www.hidasi.hu\\\/en\\\/#organization\"},\"potentialAction\":[{\"@type\":\"SearchAction\",\"target\":{\"@type\":\"EntryPoint\",\"urlTemplate\":\"https:\\\/\\\/www.hidasi.hu\\\/en\\\/?s={search_term_string}\"},\"query-input\":{\"@type\":\"PropertyValueSpecification\",\"valueRequired\":true,\"valueName\":\"search_term_string\"}}],\"inLanguage\":\"en-US\"},{\"@type\":\"Organization\",\"@id\":\"https:\\\/\\\/www.hidasi.hu\\\/en\\\/#organization\",\"name\":\"Dr. Hidasi \u00e9s T\u00e1rsai \u00dcgyv\u00e9di Iroda\",\"url\":\"https:\\\/\\\/www.hidasi.hu\\\/en\\\/\",\"logo\":{\"@type\":\"ImageObject\",\"inLanguage\":\"en-US\",\"@id\":\"https:\\\/\\\/www.hidasi.hu\\\/en\\\/#\\\/schema\\\/logo\\\/image\\\/\",\"url\":\"https:\\\/\\\/www.hidasi.hu\\\/wp-content\\\/uploads\\\/2018\\\/12\\\/logo_hungarian.jpg\",\"contentUrl\":\"https:\\\/\\\/www.hidasi.hu\\\/wp-content\\\/uploads\\\/2018\\\/12\\\/logo_hungarian.jpg\",\"width\":570,\"height\":95,\"caption\":\"Dr. Hidasi \u00e9s T\u00e1rsai \u00dcgyv\u00e9di Iroda\"},\"image\":{\"@id\":\"https:\\\/\\\/www.hidasi.hu\\\/en\\\/#\\\/schema\\\/logo\\\/image\\\/\"}}]}<\/script>\n<!-- \/ Yoast SEO plugin. -->","yoast_head_json":{"title":"Imprint - Dr. Hidasi and Partners Law Firm","description":"This website is maintained by Dr. Hidasi and Partners Law Office, registered in the Budapest Bar Association, according to the legal regulations concerning lawyers and other regulations.","robots":{"index":"index","follow":"follow","max-snippet":"max-snippet:-1","max-image-preview":"max-image-preview:large","max-video-preview":"max-video-preview:-1"},"canonical":"https:\/\/www.hidasi.hu\/en\/imprint\/","og_locale":"en_US","og_type":"article","og_title":"Imprint - Dr. Hidasi and Partners Law Firm","og_description":"This website is maintained by Dr. Hidasi and Partners Law Office, registered in the Budapest Bar Association, according to the legal regulations concerning lawyers and other regulations.","og_url":"https:\/\/www.hidasi.hu\/en\/imprint\/","og_site_name":"Dr. Hidasi \u00e9s T\u00e1rsai \u00dcgyv\u00e9di Iroda","article_modified_time":"2020-02-21T08:51:39+00:00","twitter_card":"summary_large_image","twitter_misc":{"Est. reading time":"1 minute"},"schema":{"@context":"https:\/\/schema.org","@graph":[{"@type":"WebPage","@id":"https:\/\/www.hidasi.hu\/en\/imprint\/","url":"https:\/\/www.hidasi.hu\/en\/imprint\/","name":"Imprint - Dr. Hidasi and Partners Law Firm","isPartOf":{"@id":"https:\/\/www.hidasi.hu\/en\/#website"},"datePublished":"2018-12-06T11:39:37+00:00","dateModified":"2020-02-21T08:51:39+00:00","description":"This website is maintained by Dr. Hidasi and Partners Law Office, registered in the Budapest Bar Association, according to the legal regulations concerning lawyers and other regulations.","breadcrumb":{"@id":"https:\/\/www.hidasi.hu\/en\/imprint\/#breadcrumb"},"inLanguage":"en-US","potentialAction":[{"@type":"ReadAction","target":["https:\/\/www.hidasi.hu\/en\/imprint\/"]}]},{"@type":"BreadcrumbList","@id":"https:\/\/www.hidasi.hu\/en\/imprint\/#breadcrumb","itemListElement":[{"@type":"ListItem","position":1,"name":"Home","item":"https:\/\/www.hidasi.hu\/en\/"},{"@type":"ListItem","position":2,"name":"Imprint"}]},{"@type":"WebSite","@id":"https:\/\/www.hidasi.hu\/en\/#website","url":"https:\/\/www.hidasi.hu\/en\/","name":"Dr. Hidasi \u00e9s T\u00e1rsai \u00dcgyv\u00e9di Iroda","description":"A mi tud\u00e1sunk az \u00d6n biztons\u00e1ga","publisher":{"@id":"https:\/\/www.hidasi.hu\/en\/#organization"},"potentialAction":[{"@type":"SearchAction","target":{"@type":"EntryPoint","urlTemplate":"https:\/\/www.hidasi.hu\/en\/?s={search_term_string}"},"query-input":{"@type":"PropertyValueSpecification","valueRequired":true,"valueName":"search_term_string"}}],"inLanguage":"en-US"},{"@type":"Organization","@id":"https:\/\/www.hidasi.hu\/en\/#organization","name":"Dr. Hidasi \u00e9s T\u00e1rsai \u00dcgyv\u00e9di Iroda","url":"https:\/\/www.hidasi.hu\/en\/","logo":{"@type":"ImageObject","inLanguage":"en-US","@id":"https:\/\/www.hidasi.hu\/en\/#\/schema\/logo\/image\/","url":"https:\/\/www.hidasi.hu\/wp-content\/uploads\/2018\/12\/logo_hungarian.jpg","contentUrl":"https:\/\/www.hidasi.hu\/wp-content\/uploads\/2018\/12\/logo_hungarian.jpg","width":570,"height":95,"caption":"Dr. Hidasi \u00e9s T\u00e1rsai \u00dcgyv\u00e9di Iroda"},"image":{"@id":"https:\/\/www.hidasi.hu\/en\/#\/schema\/logo\/image\/"}}]}},"_links":{"self":[{"href":"https:\/\/www.hidasi.hu\/en\/wp-json\/wp\/v2\/pages\/488","targetHints":{"allow":["GET"]}}],"collection":[{"href":"https:\/\/www.hidasi.hu\/en\/wp-json\/wp\/v2\/pages"}],"about":[{"href":"https:\/\/www.hidasi.hu\/en\/wp-json\/wp\/v2\/types\/page"}],"author":[{"embeddable":true,"href":"https:\/\/www.hidasi.hu\/en\/wp-json\/wp\/v2\/users\/2"}],"replies":[{"embeddable":true,"href":"https:\/\/www.hidasi.hu\/en\/wp-json\/wp\/v2\/comments?post=488"}],"version-history":[{"count":3,"href":"https:\/\/www.hidasi.hu\/en\/wp-json\/wp\/v2\/pages\/488\/revisions"}],"predecessor-version":[{"id":915,"href":"https:\/\/www.hidasi.hu\/en\/wp-json\/wp\/v2\/pages\/488\/revisions\/915"}],"wp:attachment":[{"href":"https:\/\/www.hidasi.hu\/en\/wp-json\/wp\/v2\/media?parent=488"}],"curies":[{"name":"wp","href":"https:\/\/api.w.org\/{rel}","templated":true}]}}