{"id":516,"date":"2018-12-06T12:51:41","date_gmt":"2018-12-06T12:51:41","guid":{"rendered":"https:\/\/www.hidasi.hu\/?page_id=516"},"modified":"2018-12-19T08:39:15","modified_gmt":"2018-12-19T08:39:15","slug":"contact-us","status":"publish","type":"page","link":"https:\/\/www.hidasi.hu\/en\/contact-us\/","title":{"rendered":"Contact us"},"content":{"rendered":"<p>[et_pb_section bb_built=&#8221;1&#8243;][et_pb_row][et_pb_column type=&#8221;2_5&#8243;][et_pb_text _builder_version=&#8221;3.18.8&#8243;]<\/p>\n<h1>Dr. Hidasi and Partners Law Firm<\/h1>\n<p><strong>Address: <\/strong>H-1124 Budapest, N\u00e9metv\u00f6lgyi str. 62<br \/><strong>Phone:<\/strong> +36 1 269-3575<br \/><strong>Cellphone<\/strong>: +36 209 824\u00a0225<br \/><strong>Email:<\/strong> info@hidasi.hu<\/p>\n<p>\u00a0<\/p>\n<p>[\/et_pb_text][\/et_pb_column][et_pb_column type=&#8221;3_5&#8243;][et_pb_image _builder_version=&#8221;3.17.6&#8243; src=&#8221;https:\/\/www.hidasi.hu\/wp-content\/uploads\/2018\/12\/DSC_0657.jpg&#8221; align=&#8221;center&#8221; box_shadow_style=&#8221;preset2&#8243; animation_style=&#8221;flip&#8221; animation_direction=&#8221;left&#8221; \/][\/et_pb_column][\/et_pb_row][\/et_pb_section]<\/p>\n","protected":false},"excerpt":{"rendered":"<p><div class=\"et_pb_row et_pb_row_0 et_pb_row_empty\">\n\t\t\t\t\n\t\t\t\t\n\t\t\t\t\n\t\t\t\t\n\t\t\t\t\n\t\t\t<\/div> Dr. Hidasi and Partners Law FirmAddress: H-1124 Budapest, N\u00e9metv\u00f6lgyi str. 62Phone: +36 1 269-3575Cellphone: +36 209 824\u00a0225Email: info@hidasi.hu\u00a0<\/p>\n","protected":false},"author":2,"featured_media":0,"parent":0,"menu_order":0,"comment_status":"closed","ping_status":"closed","template":"","meta":{"_et_pb_use_builder":"on","_et_pb_old_content":"","_et_gb_content_width":"","iawp_total_views":107,"footnotes":""},"class_list":["post-516","page","type-page","status-publish","hentry"],"yoast_head":"<!-- This site is optimized with the Yoast SEO plugin v27.6 - https:\/\/yoast.com\/product\/yoast-seo-wordpress\/ -->\n<title>Contact us - Dr. Hidasi and Partners Law Firm<\/title>\n<meta name=\"robots\" content=\"index, follow, max-snippet:-1, max-image-preview:large, max-video-preview:-1\" \/>\n<link rel=\"canonical\" href=\"https:\/\/www.hidasi.hu\/en\/contact-us\/\" \/>\n<meta property=\"og:locale\" content=\"en_US\" \/>\n<meta property=\"og:type\" content=\"article\" \/>\n<meta property=\"og:title\" content=\"Contact us - Dr. Hidasi and Partners Law Firm\" \/>\n<meta property=\"og:description\" content=\"Dr. Hidasi and Partners Law FirmAddress: H-1124 Budapest, N\u00e9metv\u00f6lgyi str. 62Phone: +36 1 269-3575Cellphone: +36 209 824\u00a0225Email: info@hidasi.hu\u00a0\" \/>\n<meta property=\"og:url\" content=\"https:\/\/www.hidasi.hu\/en\/contact-us\/\" \/>\n<meta property=\"og:site_name\" content=\"Dr. Hidasi \u00e9s T\u00e1rsai \u00dcgyv\u00e9di Iroda\" \/>\n<meta property=\"article:modified_time\" content=\"2018-12-19T08:39:15+00:00\" \/>\n<meta name=\"twitter:card\" content=\"summary_large_image\" \/>\n<script type=\"application\/ld+json\" class=\"yoast-schema-graph\">{\"@context\":\"https:\\\/\\\/schema.org\",\"@graph\":[{\"@type\":\"WebPage\",\"@id\":\"https:\\\/\\\/www.hidasi.hu\\\/en\\\/contact-us\\\/\",\"url\":\"https:\\\/\\\/www.hidasi.hu\\\/en\\\/contact-us\\\/\",\"name\":\"Contact us - Dr. Hidasi and Partners Law Firm\",\"isPartOf\":{\"@id\":\"https:\\\/\\\/www.hidasi.hu\\\/en\\\/#website\"},\"datePublished\":\"2018-12-06T12:51:41+00:00\",\"dateModified\":\"2018-12-19T08:39:15+00:00\",\"breadcrumb\":{\"@id\":\"https:\\\/\\\/www.hidasi.hu\\\/en\\\/contact-us\\\/#breadcrumb\"},\"inLanguage\":\"en-US\",\"potentialAction\":[{\"@type\":\"ReadAction\",\"target\":[\"https:\\\/\\\/www.hidasi.hu\\\/en\\\/contact-us\\\/\"]}]},{\"@type\":\"BreadcrumbList\",\"@id\":\"https:\\\/\\\/www.hidasi.hu\\\/en\\\/contact-us\\\/#breadcrumb\",\"itemListElement\":[{\"@type\":\"ListItem\",\"position\":1,\"name\":\"Home\",\"item\":\"https:\\\/\\\/www.hidasi.hu\\\/en\\\/\"},{\"@type\":\"ListItem\",\"position\":2,\"name\":\"Contact us\"}]},{\"@type\":\"WebSite\",\"@id\":\"https:\\\/\\\/www.hidasi.hu\\\/en\\\/#website\",\"url\":\"https:\\\/\\\/www.hidasi.hu\\\/en\\\/\",\"name\":\"Dr. Hidasi \u00e9s T\u00e1rsai \u00dcgyv\u00e9di Iroda\",\"description\":\"A mi tud\u00e1sunk az \u00d6n biztons\u00e1ga\",\"publisher\":{\"@id\":\"https:\\\/\\\/www.hidasi.hu\\\/en\\\/#organization\"},\"potentialAction\":[{\"@type\":\"SearchAction\",\"target\":{\"@type\":\"EntryPoint\",\"urlTemplate\":\"https:\\\/\\\/www.hidasi.hu\\\/en\\\/?s={search_term_string}\"},\"query-input\":{\"@type\":\"PropertyValueSpecification\",\"valueRequired\":true,\"valueName\":\"search_term_string\"}}],\"inLanguage\":\"en-US\"},{\"@type\":\"Organization\",\"@id\":\"https:\\\/\\\/www.hidasi.hu\\\/en\\\/#organization\",\"name\":\"Dr. Hidasi \u00e9s T\u00e1rsai \u00dcgyv\u00e9di Iroda\",\"url\":\"https:\\\/\\\/www.hidasi.hu\\\/en\\\/\",\"logo\":{\"@type\":\"ImageObject\",\"inLanguage\":\"en-US\",\"@id\":\"https:\\\/\\\/www.hidasi.hu\\\/en\\\/#\\\/schema\\\/logo\\\/image\\\/\",\"url\":\"https:\\\/\\\/www.hidasi.hu\\\/wp-content\\\/uploads\\\/2018\\\/12\\\/logo_hungarian.jpg\",\"contentUrl\":\"https:\\\/\\\/www.hidasi.hu\\\/wp-content\\\/uploads\\\/2018\\\/12\\\/logo_hungarian.jpg\",\"width\":570,\"height\":95,\"caption\":\"Dr. Hidasi \u00e9s T\u00e1rsai \u00dcgyv\u00e9di Iroda\"},\"image\":{\"@id\":\"https:\\\/\\\/www.hidasi.hu\\\/en\\\/#\\\/schema\\\/logo\\\/image\\\/\"}}]}<\/script>\n<!-- \/ Yoast SEO plugin. -->","yoast_head_json":{"title":"Contact us - Dr. Hidasi and Partners Law Firm","robots":{"index":"index","follow":"follow","max-snippet":"max-snippet:-1","max-image-preview":"max-image-preview:large","max-video-preview":"max-video-preview:-1"},"canonical":"https:\/\/www.hidasi.hu\/en\/contact-us\/","og_locale":"en_US","og_type":"article","og_title":"Contact us - Dr. Hidasi and Partners Law Firm","og_description":"Dr. Hidasi and Partners Law FirmAddress: H-1124 Budapest, N\u00e9metv\u00f6lgyi str. 62Phone: +36 1 269-3575Cellphone: +36 209 824\u00a0225Email: info@hidasi.hu\u00a0","og_url":"https:\/\/www.hidasi.hu\/en\/contact-us\/","og_site_name":"Dr. Hidasi \u00e9s T\u00e1rsai \u00dcgyv\u00e9di Iroda","article_modified_time":"2018-12-19T08:39:15+00:00","twitter_card":"summary_large_image","schema":{"@context":"https:\/\/schema.org","@graph":[{"@type":"WebPage","@id":"https:\/\/www.hidasi.hu\/en\/contact-us\/","url":"https:\/\/www.hidasi.hu\/en\/contact-us\/","name":"Contact us - Dr. Hidasi and Partners Law Firm","isPartOf":{"@id":"https:\/\/www.hidasi.hu\/en\/#website"},"datePublished":"2018-12-06T12:51:41+00:00","dateModified":"2018-12-19T08:39:15+00:00","breadcrumb":{"@id":"https:\/\/www.hidasi.hu\/en\/contact-us\/#breadcrumb"},"inLanguage":"en-US","potentialAction":[{"@type":"ReadAction","target":["https:\/\/www.hidasi.hu\/en\/contact-us\/"]}]},{"@type":"BreadcrumbList","@id":"https:\/\/www.hidasi.hu\/en\/contact-us\/#breadcrumb","itemListElement":[{"@type":"ListItem","position":1,"name":"Home","item":"https:\/\/www.hidasi.hu\/en\/"},{"@type":"ListItem","position":2,"name":"Contact us"}]},{"@type":"WebSite","@id":"https:\/\/www.hidasi.hu\/en\/#website","url":"https:\/\/www.hidasi.hu\/en\/","name":"Dr. Hidasi \u00e9s T\u00e1rsai \u00dcgyv\u00e9di Iroda","description":"A mi tud\u00e1sunk az \u00d6n biztons\u00e1ga","publisher":{"@id":"https:\/\/www.hidasi.hu\/en\/#organization"},"potentialAction":[{"@type":"SearchAction","target":{"@type":"EntryPoint","urlTemplate":"https:\/\/www.hidasi.hu\/en\/?s={search_term_string}"},"query-input":{"@type":"PropertyValueSpecification","valueRequired":true,"valueName":"search_term_string"}}],"inLanguage":"en-US"},{"@type":"Organization","@id":"https:\/\/www.hidasi.hu\/en\/#organization","name":"Dr. Hidasi \u00e9s T\u00e1rsai \u00dcgyv\u00e9di Iroda","url":"https:\/\/www.hidasi.hu\/en\/","logo":{"@type":"ImageObject","inLanguage":"en-US","@id":"https:\/\/www.hidasi.hu\/en\/#\/schema\/logo\/image\/","url":"https:\/\/www.hidasi.hu\/wp-content\/uploads\/2018\/12\/logo_hungarian.jpg","contentUrl":"https:\/\/www.hidasi.hu\/wp-content\/uploads\/2018\/12\/logo_hungarian.jpg","width":570,"height":95,"caption":"Dr. Hidasi \u00e9s T\u00e1rsai \u00dcgyv\u00e9di Iroda"},"image":{"@id":"https:\/\/www.hidasi.hu\/en\/#\/schema\/logo\/image\/"}}]}},"_links":{"self":[{"href":"https:\/\/www.hidasi.hu\/en\/wp-json\/wp\/v2\/pages\/516","targetHints":{"allow":["GET"]}}],"collection":[{"href":"https:\/\/www.hidasi.hu\/en\/wp-json\/wp\/v2\/pages"}],"about":[{"href":"https:\/\/www.hidasi.hu\/en\/wp-json\/wp\/v2\/types\/page"}],"author":[{"embeddable":true,"href":"https:\/\/www.hidasi.hu\/en\/wp-json\/wp\/v2\/users\/2"}],"replies":[{"embeddable":true,"href":"https:\/\/www.hidasi.hu\/en\/wp-json\/wp\/v2\/comments?post=516"}],"version-history":[{"count":8,"href":"https:\/\/www.hidasi.hu\/en\/wp-json\/wp\/v2\/pages\/516\/revisions"}],"predecessor-version":[{"id":787,"href":"https:\/\/www.hidasi.hu\/en\/wp-json\/wp\/v2\/pages\/516\/revisions\/787"}],"wp:attachment":[{"href":"https:\/\/www.hidasi.hu\/en\/wp-json\/wp\/v2\/media?parent=516"}],"curies":[{"name":"wp","href":"https:\/\/api.w.org\/{rel}","templated":true}]}}