{"id":661,"date":"2018-12-07T11:38:00","date_gmt":"2018-12-07T11:38:00","guid":{"rendered":"https:\/\/www.hidasi.hu\/?page_id=661"},"modified":"2018-12-07T13:11:44","modified_gmt":"2018-12-07T13:11:44","slug":"information","status":"publish","type":"page","link":"https:\/\/www.hidasi.hu\/en\/information\/","title":{"rendered":"T\u00e1j\u00e9koztat\u00f3k"},"content":{"rendered":"<p>[et_pb_section bb_built=&#8221;1&#8243; _builder_version=&#8221;3.0.47&#8243;][et_pb_row _builder_version=&#8221;3.17.6&#8243; background_size=&#8221;initial&#8221; background_position=&#8221;top_left&#8221; background_repeat=&#8221;repeat&#8221; custom_margin=&#8221;0px|||&#8221; custom_padding=&#8221;0px|||&#8221;][et_pb_column type=&#8221;3_4&#8243;][et_pb_image src=&#8221;https:\/\/www.hidasi.hu\/wp-content\/uploads\/2018\/12\/logo_english.jpg&#8221; _builder_version=&#8221;3.18.1&#8243; animation_style=&#8221;slide&#8221; animation_direction=&#8221;left&#8221; \/][et_pb_text _builder_version=&#8221;3.18.1&#8243;]<\/p>\n<p>\u00a0<\/p>\n<h1>Newsletter-English<\/h1>\n<p>\u00a0<\/p>\n<ul>\n<li><a href=\"\/en\/civil-law\/\">Civil law<\/a><\/li>\n<li><a href=\"\/en\/labour-law\/\">Labour law<\/a><\/li>\n<li><a href=\"\/en\/letting-of-dwellings\/\">Letting of Dwellings<\/a><\/li>\n<li><a href=\"\/en\/letting-of-premises\/\">Letting of premises<\/a><\/li>\n<li><a href=\"\/en\/business-law\/\">Business law<\/a><\/li>\n<li><a href=\"\/en\/civil-procedure\/\">Civil procedure<\/a><\/li>\n<\/ul>\n<p>[\/et_pb_text][\/et_pb_column][et_pb_column type=&#8221;1_4&#8243;][et_pb_sidebar area=&#8221;et_pb_widget_area_1&#8243; _builder_version=&#8221;3.17.6&#8243; orientation=&#8221;right&#8221; text_orientation=&#8221;center&#8221; \/][\/et_pb_column][\/et_pb_row][\/et_pb_section]<\/p>\n","protected":false},"excerpt":{"rendered":"<p>\u00a0Newsletter-English\u00a0Civil lawLabour lawLetting of DwellingsLetting of premisesBusiness lawCivil procedure<\/p>\n","protected":false},"author":2,"featured_media":0,"parent":0,"menu_order":0,"comment_status":"closed","ping_status":"closed","template":"","meta":{"_et_pb_use_builder":"on","_et_pb_old_content":"","_et_gb_content_width":"","iawp_total_views":18,"footnotes":""},"class_list":["post-661","page","type-page","status-publish","hentry"],"yoast_head":"<!-- This site is optimized with the Yoast SEO plugin v27.4 - https:\/\/yoast.com\/product\/yoast-seo-wordpress\/ -->\n<title>T\u00e1j\u00e9koztat\u00f3k - Dr. Hidasi \u00e9s T\u00e1rsai \u00dcgyv\u00e9di Iroda<\/title>\n<meta name=\"robots\" content=\"index, follow, max-snippet:-1, max-image-preview:large, max-video-preview:-1\" \/>\n<link rel=\"canonical\" href=\"https:\/\/www.hidasi.hu\/en\/information\/\" \/>\n<meta property=\"og:locale\" content=\"en_US\" \/>\n<meta property=\"og:type\" content=\"article\" \/>\n<meta property=\"og:title\" content=\"T\u00e1j\u00e9koztat\u00f3k - Dr. Hidasi \u00e9s T\u00e1rsai \u00dcgyv\u00e9di Iroda\" \/>\n<meta property=\"og:description\" content=\"\u00a0Newsletter-English\u00a0Civil lawLabour lawLetting of DwellingsLetting of premisesBusiness lawCivil procedure\" \/>\n<meta property=\"og:url\" content=\"https:\/\/www.hidasi.hu\/en\/information\/\" \/>\n<meta property=\"og:site_name\" content=\"Dr. Hidasi \u00e9s T\u00e1rsai \u00dcgyv\u00e9di Iroda\" \/>\n<meta property=\"article:modified_time\" content=\"2018-12-07T13:11:44+00:00\" \/>\n<meta name=\"twitter:card\" content=\"summary_large_image\" \/>\n<meta name=\"twitter:label1\" content=\"Est. reading time\" \/>\n\t<meta name=\"twitter:data1\" content=\"1 minute\" \/>\n<script type=\"application\/ld+json\" class=\"yoast-schema-graph\">{\"@context\":\"https:\\\/\\\/schema.org\",\"@graph\":[{\"@type\":\"WebPage\",\"@id\":\"https:\\\/\\\/www.hidasi.hu\\\/en\\\/information\\\/\",\"url\":\"https:\\\/\\\/www.hidasi.hu\\\/en\\\/information\\\/\",\"name\":\"T\u00e1j\u00e9koztat\u00f3k - Dr. Hidasi \u00e9s T\u00e1rsai \u00dcgyv\u00e9di Iroda\",\"isPartOf\":{\"@id\":\"https:\\\/\\\/www.hidasi.hu\\\/en\\\/#website\"},\"datePublished\":\"2018-12-07T11:38:00+00:00\",\"dateModified\":\"2018-12-07T13:11:44+00:00\",\"breadcrumb\":{\"@id\":\"https:\\\/\\\/www.hidasi.hu\\\/en\\\/information\\\/#breadcrumb\"},\"inLanguage\":\"en-US\",\"potentialAction\":[{\"@type\":\"ReadAction\",\"target\":[\"https:\\\/\\\/www.hidasi.hu\\\/en\\\/information\\\/\"]}]},{\"@type\":\"BreadcrumbList\",\"@id\":\"https:\\\/\\\/www.hidasi.hu\\\/en\\\/information\\\/#breadcrumb\",\"itemListElement\":[{\"@type\":\"ListItem\",\"position\":1,\"name\":\"Home\",\"item\":\"https:\\\/\\\/www.hidasi.hu\\\/en\\\/\"},{\"@type\":\"ListItem\",\"position\":2,\"name\":\"T\u00e1j\u00e9koztat\u00f3k\"}]},{\"@type\":\"WebSite\",\"@id\":\"https:\\\/\\\/www.hidasi.hu\\\/en\\\/#website\",\"url\":\"https:\\\/\\\/www.hidasi.hu\\\/en\\\/\",\"name\":\"Dr. Hidasi \u00e9s T\u00e1rsai \u00dcgyv\u00e9di Iroda\",\"description\":\"A mi tud\u00e1sunk az \u00d6n biztons\u00e1ga\",\"publisher\":{\"@id\":\"https:\\\/\\\/www.hidasi.hu\\\/en\\\/#organization\"},\"potentialAction\":[{\"@type\":\"SearchAction\",\"target\":{\"@type\":\"EntryPoint\",\"urlTemplate\":\"https:\\\/\\\/www.hidasi.hu\\\/en\\\/?s={search_term_string}\"},\"query-input\":{\"@type\":\"PropertyValueSpecification\",\"valueRequired\":true,\"valueName\":\"search_term_string\"}}],\"inLanguage\":\"en-US\"},{\"@type\":\"Organization\",\"@id\":\"https:\\\/\\\/www.hidasi.hu\\\/en\\\/#organization\",\"name\":\"Dr. Hidasi \u00e9s T\u00e1rsai \u00dcgyv\u00e9di Iroda\",\"url\":\"https:\\\/\\\/www.hidasi.hu\\\/en\\\/\",\"logo\":{\"@type\":\"ImageObject\",\"inLanguage\":\"en-US\",\"@id\":\"https:\\\/\\\/www.hidasi.hu\\\/en\\\/#\\\/schema\\\/logo\\\/image\\\/\",\"url\":\"https:\\\/\\\/www.hidasi.hu\\\/wp-content\\\/uploads\\\/2018\\\/12\\\/logo_hungarian.jpg\",\"contentUrl\":\"https:\\\/\\\/www.hidasi.hu\\\/wp-content\\\/uploads\\\/2018\\\/12\\\/logo_hungarian.jpg\",\"width\":570,\"height\":95,\"caption\":\"Dr. Hidasi \u00e9s T\u00e1rsai \u00dcgyv\u00e9di Iroda\"},\"image\":{\"@id\":\"https:\\\/\\\/www.hidasi.hu\\\/en\\\/#\\\/schema\\\/logo\\\/image\\\/\"}}]}<\/script>\n<!-- \/ Yoast SEO plugin. -->","yoast_head_json":{"title":"T\u00e1j\u00e9koztat\u00f3k - Dr. Hidasi \u00e9s T\u00e1rsai \u00dcgyv\u00e9di Iroda","robots":{"index":"index","follow":"follow","max-snippet":"max-snippet:-1","max-image-preview":"max-image-preview:large","max-video-preview":"max-video-preview:-1"},"canonical":"https:\/\/www.hidasi.hu\/en\/information\/","og_locale":"en_US","og_type":"article","og_title":"T\u00e1j\u00e9koztat\u00f3k - Dr. Hidasi \u00e9s T\u00e1rsai \u00dcgyv\u00e9di Iroda","og_description":"\u00a0Newsletter-English\u00a0Civil lawLabour lawLetting of DwellingsLetting of premisesBusiness lawCivil procedure","og_url":"https:\/\/www.hidasi.hu\/en\/information\/","og_site_name":"Dr. Hidasi \u00e9s T\u00e1rsai \u00dcgyv\u00e9di Iroda","article_modified_time":"2018-12-07T13:11:44+00:00","twitter_card":"summary_large_image","twitter_misc":{"Est. reading time":"1 minute"},"schema":{"@context":"https:\/\/schema.org","@graph":[{"@type":"WebPage","@id":"https:\/\/www.hidasi.hu\/en\/information\/","url":"https:\/\/www.hidasi.hu\/en\/information\/","name":"T\u00e1j\u00e9koztat\u00f3k - Dr. Hidasi \u00e9s T\u00e1rsai \u00dcgyv\u00e9di Iroda","isPartOf":{"@id":"https:\/\/www.hidasi.hu\/en\/#website"},"datePublished":"2018-12-07T11:38:00+00:00","dateModified":"2018-12-07T13:11:44+00:00","breadcrumb":{"@id":"https:\/\/www.hidasi.hu\/en\/information\/#breadcrumb"},"inLanguage":"en-US","potentialAction":[{"@type":"ReadAction","target":["https:\/\/www.hidasi.hu\/en\/information\/"]}]},{"@type":"BreadcrumbList","@id":"https:\/\/www.hidasi.hu\/en\/information\/#breadcrumb","itemListElement":[{"@type":"ListItem","position":1,"name":"Home","item":"https:\/\/www.hidasi.hu\/en\/"},{"@type":"ListItem","position":2,"name":"T\u00e1j\u00e9koztat\u00f3k"}]},{"@type":"WebSite","@id":"https:\/\/www.hidasi.hu\/en\/#website","url":"https:\/\/www.hidasi.hu\/en\/","name":"Dr. Hidasi \u00e9s T\u00e1rsai \u00dcgyv\u00e9di Iroda","description":"A mi tud\u00e1sunk az \u00d6n biztons\u00e1ga","publisher":{"@id":"https:\/\/www.hidasi.hu\/en\/#organization"},"potentialAction":[{"@type":"SearchAction","target":{"@type":"EntryPoint","urlTemplate":"https:\/\/www.hidasi.hu\/en\/?s={search_term_string}"},"query-input":{"@type":"PropertyValueSpecification","valueRequired":true,"valueName":"search_term_string"}}],"inLanguage":"en-US"},{"@type":"Organization","@id":"https:\/\/www.hidasi.hu\/en\/#organization","name":"Dr. Hidasi \u00e9s T\u00e1rsai \u00dcgyv\u00e9di Iroda","url":"https:\/\/www.hidasi.hu\/en\/","logo":{"@type":"ImageObject","inLanguage":"en-US","@id":"https:\/\/www.hidasi.hu\/en\/#\/schema\/logo\/image\/","url":"https:\/\/www.hidasi.hu\/wp-content\/uploads\/2018\/12\/logo_hungarian.jpg","contentUrl":"https:\/\/www.hidasi.hu\/wp-content\/uploads\/2018\/12\/logo_hungarian.jpg","width":570,"height":95,"caption":"Dr. Hidasi \u00e9s T\u00e1rsai \u00dcgyv\u00e9di Iroda"},"image":{"@id":"https:\/\/www.hidasi.hu\/en\/#\/schema\/logo\/image\/"}}]}},"_links":{"self":[{"href":"https:\/\/www.hidasi.hu\/en\/wp-json\/wp\/v2\/pages\/661","targetHints":{"allow":["GET"]}}],"collection":[{"href":"https:\/\/www.hidasi.hu\/en\/wp-json\/wp\/v2\/pages"}],"about":[{"href":"https:\/\/www.hidasi.hu\/en\/wp-json\/wp\/v2\/types\/page"}],"author":[{"embeddable":true,"href":"https:\/\/www.hidasi.hu\/en\/wp-json\/wp\/v2\/users\/2"}],"replies":[{"embeddable":true,"href":"https:\/\/www.hidasi.hu\/en\/wp-json\/wp\/v2\/comments?post=661"}],"version-history":[{"count":5,"href":"https:\/\/www.hidasi.hu\/en\/wp-json\/wp\/v2\/pages\/661\/revisions"}],"predecessor-version":[{"id":752,"href":"https:\/\/www.hidasi.hu\/en\/wp-json\/wp\/v2\/pages\/661\/revisions\/752"}],"wp:attachment":[{"href":"https:\/\/www.hidasi.hu\/en\/wp-json\/wp\/v2\/media?parent=661"}],"curies":[{"name":"wp","href":"https:\/\/api.w.org\/{rel}","templated":true}]}}