{"id":896,"date":"2020-01-31T08:56:40","date_gmt":"2020-01-31T08:56:40","guid":{"rendered":"https:\/\/www.hidasi.hu\/?page_id=896"},"modified":"2020-01-31T08:56:44","modified_gmt":"2020-01-31T08:56:44","slug":"lawyers","status":"publish","type":"page","link":"https:\/\/www.hidasi.hu\/en\/lawyers\/","title":{"rendered":"Lawyers"},"content":{"rendered":"<p>[et_pb_section fb_built=&#8221;1&#8243; _builder_version=&#8221;3.22&#8243;][et_pb_row column_structure=&#8221;1_2,1_2&#8243; _builder_version=&#8221;3.25&#8243; background_size=&#8221;initial&#8221; background_position=&#8221;top_left&#8221; background_repeat=&#8221;repeat&#8221;][et_pb_column type=&#8221;1_2&#8243; _builder_version=&#8221;3.25&#8243; custom_padding=&#8221;|||&#8221; custom_padding__hover=&#8221;|||&#8221;][et_pb_image src=&#8221;https:\/\/www.hidasi.hu\/wp-content\/uploads\/2015\/02\/arnold-4.jpg&#8221; align=&#8221;center&#8221; align_tablet=&#8221;center&#8221; align_phone=&#8221;&#8221; align_last_edited=&#8221;on|desktop&#8221; _builder_version=&#8221;3.23&#8243; animation_style=&#8221;slide&#8221; animation_direction=&#8221;left&#8221; box_shadow_style=&#8221;preset2&#8243;][\/et_pb_image][et_pb_text _builder_version=&#8221;4.2.2&#8243; hover_enabled=&#8221;0&#8243;]<\/p>\n<h1>Dr. Arnold Tikk<\/h1>\n<p>&nbsp;<\/p>\n<p><strong>Place and date of birth:<\/strong> 1991, Keszthely<\/p>\n<p><strong>Occupation<\/strong>: attorney at law<br \/><strong><br \/>Education:<\/strong><br \/>University of P\u00e9cs, Faculty of Law, 2014 Juris Doctor<br \/><strong><br \/>Traineeship:<\/strong><br \/>2012 trainee Public prosecutions of Keszthely<br \/>2015- associate Dr. Hidasi and Partners Law Office<br \/><strong><br \/>Language:<\/strong> Hungarian, German<\/p>\n<p>[\/et_pb_text][\/et_pb_column][et_pb_column type=&#8221;1_2&#8243; _builder_version=&#8221;3.25&#8243; custom_padding=&#8221;|||&#8221; custom_padding__hover=&#8221;|||&#8221;][\/et_pb_column][\/et_pb_row][\/et_pb_section]<\/p>\n","protected":false},"excerpt":{"rendered":"<p>Dr. Arnold Tikk &nbsp; Place and date of birth: 1991, Keszthely Occupation: attorney at lawEducation:University of P\u00e9cs, Faculty of Law, 2014 Juris DoctorTraineeship:2012 trainee Public prosecutions of Keszthely2015- associate Dr. Hidasi and Partners Law OfficeLanguage: Hungarian, German<\/p>\n","protected":false},"author":2,"featured_media":0,"parent":0,"menu_order":0,"comment_status":"closed","ping_status":"closed","template":"","meta":{"_et_pb_use_builder":"on","_et_pb_old_content":"<p>[et_pb_section fb_built=\"1\" _builder_version=\"3.22\"][et_pb_row _builder_version=\"3.25\" background_size=\"initial\" background_position=\"top_left\" background_repeat=\"repeat\" column_structure=\"1_2,1_2\"][et_pb_column type=\"1_2\" _builder_version=\"3.25\" custom_padding=\"|||\" custom_padding__hover=\"|||\"][et_pb_image src=\"https:\/\/www.hidasi.hu\/wp-content\/uploads\/2015\/02\/arnold-4.jpg\" align=\"center\" align_tablet=\"center\" align_last_edited=\"on|desktop\" _builder_version=\"3.23\" animation_style=\"slide\" animation_direction=\"left\" box_shadow_style=\"preset2\"][\/et_pb_image][et_pb_text _builder_version=\"4.2.2\" hover_enabled=\"0\"]<\/p><h1>Dr. Tikk Arnold<\/h1><p>\u00a0<\/p><p><strong>Sz\u00fcletetett:<\/strong> Keszthely 1991<\/p><p><strong>K\u00e9pzetts\u00e9ge:<\/strong> jog\u00e1sz<\/p><p><strong>Foglalkoz\u00e1sa:<\/strong> \u00fcgyv\u00e9d<\/p><p><strong>Tanulm\u00e1nyok:<\/strong><br \/>P\u00e9csi Tudom\u00e1nyegyetem \u00c1llam- \u00e9s Jogtudom\u00e1nyi Kar<br \/>2014 \u00c1llamvizsga<br \/><strong><br \/>Szakmai \u00e9let\u00fat:<\/strong><br \/>2012 gyakornok: Keszthelyi J\u00e1r\u00e1si \u00dcgy\u00e9szs\u00e9g<br \/>2015- \u00fcgyv\u00e9djel\u00f6lt Dr. Hidasi \u00e9s T\u00e1rsai \u00dcgyv\u00e9di Iroda<br \/><strong><br \/>Nyelvismeret:<\/strong> magyar, n\u00e9met<\/p><p>[\/et_pb_text][\/et_pb_column][et_pb_column type=\"1_2\" _builder_version=\"3.25\" custom_padding=\"|||\" custom_padding__hover=\"|||\"][\/et_pb_column][\/et_pb_row][\/et_pb_section]<\/p>","_et_gb_content_width":"","iawp_total_views":138,"footnotes":""},"class_list":["post-896","page","type-page","status-publish","hentry"],"yoast_head":"<!-- This site is optimized with the Yoast SEO plugin v27.3 - https:\/\/yoast.com\/product\/yoast-seo-wordpress\/ -->\n<title>Lawyers - Dr. Hidasi \u00e9s T\u00e1rsai \u00dcgyv\u00e9di Iroda<\/title>\n<meta name=\"robots\" content=\"index, follow, max-snippet:-1, max-image-preview:large, max-video-preview:-1\" \/>\n<link rel=\"canonical\" href=\"https:\/\/www.hidasi.hu\/en\/lawyers\/\" \/>\n<meta property=\"og:locale\" content=\"en_US\" \/>\n<meta property=\"og:type\" content=\"article\" \/>\n<meta property=\"og:title\" content=\"Lawyers - Dr. Hidasi \u00e9s T\u00e1rsai \u00dcgyv\u00e9di Iroda\" \/>\n<meta property=\"og:description\" content=\"Dr. Arnold Tikk &nbsp; Place and date of birth: 1991, Keszthely Occupation: attorney at lawEducation:University of P\u00e9cs, Faculty of Law, 2014 Juris DoctorTraineeship:2012 trainee Public prosecutions of Keszthely2015- associate Dr. Hidasi and Partners Law OfficeLanguage: Hungarian, German\" \/>\n<meta property=\"og:url\" content=\"https:\/\/www.hidasi.hu\/en\/lawyers\/\" \/>\n<meta property=\"og:site_name\" content=\"Dr. Hidasi \u00e9s T\u00e1rsai \u00dcgyv\u00e9di Iroda\" \/>\n<meta property=\"article:modified_time\" content=\"2020-01-31T08:56:44+00:00\" \/>\n<meta name=\"twitter:card\" content=\"summary_large_image\" \/>\n<meta name=\"twitter:label1\" content=\"Est. reading time\" \/>\n\t<meta name=\"twitter:data1\" content=\"1 minute\" \/>\n<script type=\"application\/ld+json\" class=\"yoast-schema-graph\">{\"@context\":\"https:\\\/\\\/schema.org\",\"@graph\":[{\"@type\":\"WebPage\",\"@id\":\"https:\\\/\\\/www.hidasi.hu\\\/en\\\/lawyers\\\/\",\"url\":\"https:\\\/\\\/www.hidasi.hu\\\/en\\\/lawyers\\\/\",\"name\":\"Lawyers - Dr. Hidasi \u00e9s T\u00e1rsai \u00dcgyv\u00e9di Iroda\",\"isPartOf\":{\"@id\":\"https:\\\/\\\/www.hidasi.hu\\\/en\\\/#website\"},\"datePublished\":\"2020-01-31T08:56:40+00:00\",\"dateModified\":\"2020-01-31T08:56:44+00:00\",\"breadcrumb\":{\"@id\":\"https:\\\/\\\/www.hidasi.hu\\\/en\\\/lawyers\\\/#breadcrumb\"},\"inLanguage\":\"en-US\",\"potentialAction\":[{\"@type\":\"ReadAction\",\"target\":[\"https:\\\/\\\/www.hidasi.hu\\\/en\\\/lawyers\\\/\"]}]},{\"@type\":\"BreadcrumbList\",\"@id\":\"https:\\\/\\\/www.hidasi.hu\\\/en\\\/lawyers\\\/#breadcrumb\",\"itemListElement\":[{\"@type\":\"ListItem\",\"position\":1,\"name\":\"Home\",\"item\":\"https:\\\/\\\/www.hidasi.hu\\\/en\\\/\"},{\"@type\":\"ListItem\",\"position\":2,\"name\":\"Lawyers\"}]},{\"@type\":\"WebSite\",\"@id\":\"https:\\\/\\\/www.hidasi.hu\\\/en\\\/#website\",\"url\":\"https:\\\/\\\/www.hidasi.hu\\\/en\\\/\",\"name\":\"Dr. Hidasi \u00e9s T\u00e1rsai \u00dcgyv\u00e9di Iroda\",\"description\":\"A mi tud\u00e1sunk az \u00d6n biztons\u00e1ga\",\"publisher\":{\"@id\":\"https:\\\/\\\/www.hidasi.hu\\\/en\\\/#organization\"},\"potentialAction\":[{\"@type\":\"SearchAction\",\"target\":{\"@type\":\"EntryPoint\",\"urlTemplate\":\"https:\\\/\\\/www.hidasi.hu\\\/en\\\/?s={search_term_string}\"},\"query-input\":{\"@type\":\"PropertyValueSpecification\",\"valueRequired\":true,\"valueName\":\"search_term_string\"}}],\"inLanguage\":\"en-US\"},{\"@type\":\"Organization\",\"@id\":\"https:\\\/\\\/www.hidasi.hu\\\/en\\\/#organization\",\"name\":\"Dr. Hidasi \u00e9s T\u00e1rsai \u00dcgyv\u00e9di Iroda\",\"url\":\"https:\\\/\\\/www.hidasi.hu\\\/en\\\/\",\"logo\":{\"@type\":\"ImageObject\",\"inLanguage\":\"en-US\",\"@id\":\"https:\\\/\\\/www.hidasi.hu\\\/en\\\/#\\\/schema\\\/logo\\\/image\\\/\",\"url\":\"https:\\\/\\\/www.hidasi.hu\\\/wp-content\\\/uploads\\\/2018\\\/12\\\/logo_hungarian.jpg\",\"contentUrl\":\"https:\\\/\\\/www.hidasi.hu\\\/wp-content\\\/uploads\\\/2018\\\/12\\\/logo_hungarian.jpg\",\"width\":570,\"height\":95,\"caption\":\"Dr. Hidasi \u00e9s T\u00e1rsai \u00dcgyv\u00e9di Iroda\"},\"image\":{\"@id\":\"https:\\\/\\\/www.hidasi.hu\\\/en\\\/#\\\/schema\\\/logo\\\/image\\\/\"}}]}<\/script>\n<!-- \/ Yoast SEO plugin. -->","yoast_head_json":{"title":"Lawyers - Dr. Hidasi \u00e9s T\u00e1rsai \u00dcgyv\u00e9di Iroda","robots":{"index":"index","follow":"follow","max-snippet":"max-snippet:-1","max-image-preview":"max-image-preview:large","max-video-preview":"max-video-preview:-1"},"canonical":"https:\/\/www.hidasi.hu\/en\/lawyers\/","og_locale":"en_US","og_type":"article","og_title":"Lawyers - Dr. Hidasi \u00e9s T\u00e1rsai \u00dcgyv\u00e9di Iroda","og_description":"Dr. Arnold Tikk &nbsp; Place and date of birth: 1991, Keszthely Occupation: attorney at lawEducation:University of P\u00e9cs, Faculty of Law, 2014 Juris DoctorTraineeship:2012 trainee Public prosecutions of Keszthely2015- associate Dr. Hidasi and Partners Law OfficeLanguage: Hungarian, German","og_url":"https:\/\/www.hidasi.hu\/en\/lawyers\/","og_site_name":"Dr. Hidasi \u00e9s T\u00e1rsai \u00dcgyv\u00e9di Iroda","article_modified_time":"2020-01-31T08:56:44+00:00","twitter_card":"summary_large_image","twitter_misc":{"Est. reading time":"1 minute"},"schema":{"@context":"https:\/\/schema.org","@graph":[{"@type":"WebPage","@id":"https:\/\/www.hidasi.hu\/en\/lawyers\/","url":"https:\/\/www.hidasi.hu\/en\/lawyers\/","name":"Lawyers - Dr. Hidasi \u00e9s T\u00e1rsai \u00dcgyv\u00e9di Iroda","isPartOf":{"@id":"https:\/\/www.hidasi.hu\/en\/#website"},"datePublished":"2020-01-31T08:56:40+00:00","dateModified":"2020-01-31T08:56:44+00:00","breadcrumb":{"@id":"https:\/\/www.hidasi.hu\/en\/lawyers\/#breadcrumb"},"inLanguage":"en-US","potentialAction":[{"@type":"ReadAction","target":["https:\/\/www.hidasi.hu\/en\/lawyers\/"]}]},{"@type":"BreadcrumbList","@id":"https:\/\/www.hidasi.hu\/en\/lawyers\/#breadcrumb","itemListElement":[{"@type":"ListItem","position":1,"name":"Home","item":"https:\/\/www.hidasi.hu\/en\/"},{"@type":"ListItem","position":2,"name":"Lawyers"}]},{"@type":"WebSite","@id":"https:\/\/www.hidasi.hu\/en\/#website","url":"https:\/\/www.hidasi.hu\/en\/","name":"Dr. Hidasi \u00e9s T\u00e1rsai \u00dcgyv\u00e9di Iroda","description":"A mi tud\u00e1sunk az \u00d6n biztons\u00e1ga","publisher":{"@id":"https:\/\/www.hidasi.hu\/en\/#organization"},"potentialAction":[{"@type":"SearchAction","target":{"@type":"EntryPoint","urlTemplate":"https:\/\/www.hidasi.hu\/en\/?s={search_term_string}"},"query-input":{"@type":"PropertyValueSpecification","valueRequired":true,"valueName":"search_term_string"}}],"inLanguage":"en-US"},{"@type":"Organization","@id":"https:\/\/www.hidasi.hu\/en\/#organization","name":"Dr. Hidasi \u00e9s T\u00e1rsai \u00dcgyv\u00e9di Iroda","url":"https:\/\/www.hidasi.hu\/en\/","logo":{"@type":"ImageObject","inLanguage":"en-US","@id":"https:\/\/www.hidasi.hu\/en\/#\/schema\/logo\/image\/","url":"https:\/\/www.hidasi.hu\/wp-content\/uploads\/2018\/12\/logo_hungarian.jpg","contentUrl":"https:\/\/www.hidasi.hu\/wp-content\/uploads\/2018\/12\/logo_hungarian.jpg","width":570,"height":95,"caption":"Dr. Hidasi \u00e9s T\u00e1rsai \u00dcgyv\u00e9di Iroda"},"image":{"@id":"https:\/\/www.hidasi.hu\/en\/#\/schema\/logo\/image\/"}}]}},"_links":{"self":[{"href":"https:\/\/www.hidasi.hu\/en\/wp-json\/wp\/v2\/pages\/896","targetHints":{"allow":["GET"]}}],"collection":[{"href":"https:\/\/www.hidasi.hu\/en\/wp-json\/wp\/v2\/pages"}],"about":[{"href":"https:\/\/www.hidasi.hu\/en\/wp-json\/wp\/v2\/types\/page"}],"author":[{"embeddable":true,"href":"https:\/\/www.hidasi.hu\/en\/wp-json\/wp\/v2\/users\/2"}],"replies":[{"embeddable":true,"href":"https:\/\/www.hidasi.hu\/en\/wp-json\/wp\/v2\/comments?post=896"}],"version-history":[{"count":5,"href":"https:\/\/www.hidasi.hu\/en\/wp-json\/wp\/v2\/pages\/896\/revisions"}],"predecessor-version":[{"id":903,"href":"https:\/\/www.hidasi.hu\/en\/wp-json\/wp\/v2\/pages\/896\/revisions\/903"}],"wp:attachment":[{"href":"https:\/\/www.hidasi.hu\/en\/wp-json\/wp\/v2\/media?parent=896"}],"curies":[{"name":"wp","href":"https:\/\/api.w.org\/{rel}","templated":true}]}}